{"id":9458,"date":"2021-10-01T05:36:00","date_gmt":"2021-10-01T04:36:00","guid":{"rendered":"https:\/\/cosyowl.com\/fr\/product\/non%20class\u00e9\/import-placeholder-for-tcdl-cacc-bowl-cwct-411"},"modified":"2025-09-29T17:23:15","modified_gmt":"2025-09-29T15:23:15","slug":"outil-de-centrage-de-meche-de-bougie","status":"publish","type":"product","link":"https:\/\/cosyowl.com\/fr\/wick-outil-centrage","title":{"rendered":"Outil de centrage de m\u00e8che de bougie"},"content":{"rendered":"<p>Un outil de centrage <strong> m\u00e8che <\/strong> est un appareil tr\u00e8s simpliste qui tient votre m\u00e8che de bougie en place. Ceci est un adaptateur en acier tr\u00e8s r\u00e9sistant qui est plac\u00e9 sur le dessus de votre pilier de bougie, lumi\u00e8res T ou un autre r\u00e9cipient pour maintenir la m\u00e8che dans l&#8217;emplacement requis &#8211; normalement le centre. Contrairement \u00e0 d&rsquo;autres outils de centrage sur Internet, c&rsquo;est nettement plus difficile que ses homologues en plastique et permet plus d&rsquo;une m\u00e8che \u00e0 accrocher dans votre bougie si n\u00e9cessaire.<\/p>\n<p>Disponible en paquets de 10 ou 50.<\/p>\n","protected":false},"excerpt":{"rendered":"<p>Un outil de centrage m\u00e8che est un appareil tr\u00e8s simpliste qui tient votre m\u00e8che de bougie en place. Ceci est un adaptateur en acier tr\u00e8s r\u00e9sistant qui est plac\u00e9 sur le dessus de votre pilier de bougie, lumi\u00e8res T ou un autre r\u00e9cipient pour maintenir la m\u00e8che dans l&#8217;emplacement requis &#8211; normalement le centre. Contrairement [&hellip;]<\/p>\n","protected":false},"featured_media":9465,"comment_status":"open","ping_status":"closed","template":"","meta":{"_acf_changed":false},"product_brand":[],"product_cat":[106,139],"product_tag":[],"class_list":{"0":"post-9458","1":"product","2":"type-product","3":"status-publish","4":"has-post-thumbnail","6":"product_cat-meches-pour-bougies","7":"product_cat-supplements","9":"first","10":"instock","11":"taxable","12":"shipping-taxable","13":"purchasable","14":"product-type-variable"},"acf":[],"_links":{"self":[{"href":"https:\/\/cosyowl.com\/fr\/wp-json\/wp\/v2\/product\/9458","targetHints":{"allow":["GET"]}}],"collection":[{"href":"https:\/\/cosyowl.com\/fr\/wp-json\/wp\/v2\/product"}],"about":[{"href":"https:\/\/cosyowl.com\/fr\/wp-json\/wp\/v2\/types\/product"}],"replies":[{"embeddable":true,"href":"https:\/\/cosyowl.com\/fr\/wp-json\/wp\/v2\/comments?post=9458"}],"wp:featuredmedia":[{"embeddable":true,"href":"https:\/\/cosyowl.com\/fr\/wp-json\/wp\/v2\/media\/9465"}],"wp:attachment":[{"href":"https:\/\/cosyowl.com\/fr\/wp-json\/wp\/v2\/media?parent=9458"}],"wp:term":[{"taxonomy":"product_brand","embeddable":true,"href":"https:\/\/cosyowl.com\/fr\/wp-json\/wp\/v2\/product_brand?post=9458"},{"taxonomy":"product_cat","embeddable":true,"href":"https:\/\/cosyowl.com\/fr\/wp-json\/wp\/v2\/product_cat?post=9458"},{"taxonomy":"product_tag","embeddable":true,"href":"https:\/\/cosyowl.com\/fr\/wp-json\/wp\/v2\/product_tag?post=9458"}],"curies":[{"name":"wp","href":"https:\/\/api.w.org\/{rel}","templated":true}]}}