{"id":9455,"date":"2021-07-01T05:36:00","date_gmt":"2021-07-01T03:36:00","guid":{"rendered":"https:\/\/cosyowl.com\/fr\/product\/non%20class\u00e9\/unverzichtbares-wachsthermometer"},"modified":"2025-09-29T17:23:14","modified_gmt":"2025-09-29T15:23:14","slug":"thermometre-pour-cire","status":"publish","type":"product","link":"https:\/\/cosyowl.com\/fr\/thermometre-pour-cire","title":{"rendered":"Thermom\u00e8tre pour cire 127mm"},"content":{"rendered":"<p>Ce thermom\u00e8tre fourni exclusivement par Cozy Owl peut mesurer la temp\u00e9rature de votre cire \u00e0 fondre entre 0\u00b0C et 100\u00b0C (jusqu&rsquo;\u00e0 212F). Ce thermom\u00e8tre tr\u00e8s r\u00e9sistant a \u00e9t\u00e9 sp\u00e9cialement con\u00e7u pour la fabrication de bougies. Ceci est une partie importante de votre kit de fabrication de bougies, en veillant \u00e0 ce que la temp\u00e9rature de la cire ne soit pas trop basse et ne d\u00e9passe pas la temp\u00e9rature \u00e0 laquelle la cire fondue pourrait devenir dangereuse. En r\u00e8gle g\u00e9n\u00e9rale, la temp\u00e9rature devrait \u00eatre comprise entre 55\u00b0C et 65\u00b0C, en fonction du type de cire utilis\u00e9e. Pour des informations plus pr\u00e9cises, reportez-vous aux <strong>\u00ab\u00a0Recommandations en mati\u00e8re de temp\u00e9rature\u00a0\u00bb<\/strong> de notre section <strong>INFO &amp; GUIDES<\/strong> de ce site Web.<\/p>\n","protected":false},"excerpt":{"rendered":"<p>Ce thermom\u00e8tre fourni exclusivement par Cozy Owl peut mesurer la temp\u00e9rature de votre cire \u00e0 fondre entre 0\u00b0C et 100\u00b0C (jusqu&rsquo;\u00e0 212F). Ce thermom\u00e8tre tr\u00e8s r\u00e9sistant a \u00e9t\u00e9 sp\u00e9cialement con\u00e7u pour la fabrication de bougies. Ceci est une partie importante de votre kit de fabrication de bougies, en veillant \u00e0 ce que la temp\u00e9rature de [&hellip;]<\/p>\n","protected":false},"featured_media":11215,"comment_status":"open","ping_status":"closed","template":"","meta":{"_acf_changed":false},"product_brand":[],"product_cat":[283,288,291,294,280,139],"product_tag":[],"class_list":{"0":"post-9455","1":"product","2":"type-product","3":"status-publish","4":"has-post-thumbnail","6":"product_cat-baume-a-levres-equipement","7":"product_cat-soin-des-corps-equipement","8":"product_cat-soin-des-cheveux-equipement","9":"product_cat-fabrication-de-savon-equipement","10":"product_cat-fondants-parfumes-equipement","11":"product_cat-supplements","13":"first","14":"outofstock","15":"taxable","16":"shipping-taxable","17":"purchasable","18":"product-type-simple"},"acf":[],"_links":{"self":[{"href":"https:\/\/cosyowl.com\/fr\/wp-json\/wp\/v2\/product\/9455","targetHints":{"allow":["GET"]}}],"collection":[{"href":"https:\/\/cosyowl.com\/fr\/wp-json\/wp\/v2\/product"}],"about":[{"href":"https:\/\/cosyowl.com\/fr\/wp-json\/wp\/v2\/types\/product"}],"replies":[{"embeddable":true,"href":"https:\/\/cosyowl.com\/fr\/wp-json\/wp\/v2\/comments?post=9455"}],"wp:featuredmedia":[{"embeddable":true,"href":"https:\/\/cosyowl.com\/fr\/wp-json\/wp\/v2\/media\/11215"}],"wp:attachment":[{"href":"https:\/\/cosyowl.com\/fr\/wp-json\/wp\/v2\/media?parent=9455"}],"wp:term":[{"taxonomy":"product_brand","embeddable":true,"href":"https:\/\/cosyowl.com\/fr\/wp-json\/wp\/v2\/product_brand?post=9455"},{"taxonomy":"product_cat","embeddable":true,"href":"https:\/\/cosyowl.com\/fr\/wp-json\/wp\/v2\/product_cat?post=9455"},{"taxonomy":"product_tag","embeddable":true,"href":"https:\/\/cosyowl.com\/fr\/wp-json\/wp\/v2\/product_tag?post=9455"}],"curies":[{"name":"wp","href":"https:\/\/api.w.org\/{rel}","templated":true}]}}