{"id":9398,"date":"2021-10-01T05:34:00","date_gmt":"2021-01-10T05:34:55","guid":{"rendered":"https:\/\/cosyowl.com\/fr\/product\/non%20class\u00e9\/import-placeholder-for-tcdl-cext-bcow-lwob-d50mm-ccsl-400"},"modified":"2025-12-22T13:34:00","modified_gmt":"2025-12-22T12:34:00","slug":"etiquette-de-securite-bougie-50mm-texte-blanc-noir","status":"publish","type":"product","link":"https:\/\/cosyowl.com\/fr\/extraction-de-bougies\/etiquette-de-securite-bougie-50mm-texte-blanc-noir","title":{"rendered":"Etiquette de s\u00e9curit\u00e9 bougie 50mm &#8211; Texte blanc \/ noir"},"content":{"rendered":"<p>Nos \u00e9tiquettes de s\u00e9curit\u00e9 \u00e0 bougie blanche sont imprim\u00e9es sur une \u00e9tiquette circulaire blanche \u00e0 l\u2019encre noire. \u00a0Elles ont fi\u00e8re allure sur la plupart des couleurs de bougies, professionnelles et discr\u00e8tes. \u00a0Ils ont un diam\u00e8tre de 50mm, parfaits pour la plupart des applications.<\/p>\n<p><strong>A quoi servent les \u00e9tiquettes de s\u00e9curit\u00e9 pour bougies?<\/strong><\/p>\n<p>Si vous vendez vos bougies, vous devez incluez cette \u00e9tiquette d&rsquo;avertissement pour qu&rsquo;elle soit conforme au r\u00e8glement g\u00e9n\u00e9ral sur la s\u00e9curit\u00e9 des produits de 2005. \u00a0Ces \u00e9tiquettes sont con\u00e7ues pour adh\u00e9rer au dessous de votre conteneur ou de votre bo\u00eete afin de d\u00e9montrer votre conformit\u00e9 et votre diligence raisonnable avec la r\u00e9glementation et pour fournir des informations utiles et des informations de s\u00e9curit\u00e9 pr\u00e9cieuses pour l&rsquo;utilisateur. utilisateur final.<\/p>\n<p>Nos \u00e9tiquettes de s\u00e9curit\u00e9 pour bougies sont professionnelles, de haute qualit\u00e9, durables, non d\u00e9chirables, imperm\u00e9ables, sans bavures et sans rayures. \u00a0Con\u00e7us pour durer et toujours \u00eatre \u00e9conomiques, nous avons s\u00e9lectionn\u00e9 ces \u00e9tiquettes pour leurs performances \u00e0 long terme.<\/p>\n<p><a href=\"http:\/\/www.legislation.gov.uk\/uksi\/2005\/1803\/contents\/made\" target=\"_blank\" rel=\"noopener\">Renseignez-vous sur le R\u00e8glement g\u00e9n\u00e9ral sur la s\u00e9curit\u00e9 des produits<\/a> pour mieux comprendre vos obligations en tant que fabricant de bougies.<\/p>\n<p>Nos \u00e9tiquettes de s\u00e9curit\u00e9 pour bougies blanches sont fournies au format 10, 100 ou 1000 et sont faciles \u00e0 peler et \u00e0 appliquer.<\/p>\n<p>&nbsp;<\/p>\n","protected":false},"excerpt":{"rendered":"<p>Nos \u00e9tiquettes de s\u00e9curit\u00e9 \u00e0 bougie blanche sont imprim\u00e9es sur une \u00e9tiquette circulaire blanche \u00e0 l\u2019encre noire. \u00a0Elles ont fi\u00e8re allure sur la plupart des couleurs de bougies, professionnelles et discr\u00e8tes. \u00a0Ils ont un diam\u00e8tre de 50mm, parfaits pour la plupart des applications. A quoi servent les \u00e9tiquettes de s\u00e9curit\u00e9 pour bougies? Si vous vendez [&hellip;]<\/p>\n","protected":false},"featured_media":11213,"comment_status":"open","ping_status":"closed","template":"","meta":{"_acf_changed":false},"product_brand":[],"product_cat":[139],"product_tag":[],"class_list":{"0":"post-9398","1":"product","2":"type-product","3":"status-publish","4":"has-post-thumbnail","6":"product_cat-supplements","8":"first","9":"instock","10":"taxable","11":"shipping-taxable","12":"purchasable","13":"product-type-variable"},"acf":[],"_links":{"self":[{"href":"https:\/\/cosyowl.com\/fr\/wp-json\/wp\/v2\/product\/9398","targetHints":{"allow":["GET"]}}],"collection":[{"href":"https:\/\/cosyowl.com\/fr\/wp-json\/wp\/v2\/product"}],"about":[{"href":"https:\/\/cosyowl.com\/fr\/wp-json\/wp\/v2\/types\/product"}],"replies":[{"embeddable":true,"href":"https:\/\/cosyowl.com\/fr\/wp-json\/wp\/v2\/comments?post=9398"}],"wp:featuredmedia":[{"embeddable":true,"href":"https:\/\/cosyowl.com\/fr\/wp-json\/wp\/v2\/media\/11213"}],"wp:attachment":[{"href":"https:\/\/cosyowl.com\/fr\/wp-json\/wp\/v2\/media?parent=9398"}],"wp:term":[{"taxonomy":"product_brand","embeddable":true,"href":"https:\/\/cosyowl.com\/fr\/wp-json\/wp\/v2\/product_brand?post=9398"},{"taxonomy":"product_cat","embeddable":true,"href":"https:\/\/cosyowl.com\/fr\/wp-json\/wp\/v2\/product_cat?post=9398"},{"taxonomy":"product_tag","embeddable":true,"href":"https:\/\/cosyowl.com\/fr\/wp-json\/wp\/v2\/product_tag?post=9398"}],"curies":[{"name":"wp","href":"https:\/\/api.w.org\/{rel}","templated":true}]}}