{"id":9330,"date":"2021-10-01T05:34:00","date_gmt":"2021-10-01T04:34:00","guid":{"rendered":"https:\/\/cosyowl.com\/fr\/product\/non%20class\u00e9\/import-placeholder-for-tcdl-cdif-bpor-lnat-d3mm-393"},"modified":"2025-09-29T17:23:10","modified_gmt":"2025-09-29T15:23:10","slug":"porex-anches-naturelles-pour-diffuseurs-240mm-x-o-3mm","status":"publish","type":"product","link":"https:\/\/cosyowl.com\/fr\/porex-anches-naturelles-pour-diffuseurs-240mm-x-3mm","title":{"rendered":"Porex Anches Naturelles Pour Diffuseurs &#8211; 240mm x \u00d8 3mm"},"content":{"rendered":"<p>Les Diffuseurs Reed sont une solution \u00e9l\u00e9gante pour rendre le parfum de votre maison plus s\u00fbr et plus durable. Notre gamme d\u2019Anches POREX r\u00e9sistantes \u00e0 la couleur et anti-mouches \u00e0 s\u00e9chage rapide est l\u2019accompagnement id\u00e9al pour vous permettre de lib\u00e9rer le plein potentiel de vos huiles essentielles.<\/p>\n<p>Contr\u00f4ler le taux de lib\u00e9ration de parfum est crucial pour une qualit\u00e9. Reed et POREX pr\u00e9sentent une diffusion de parfum et de capillarit\u00e9 tr\u00e8s performante associ\u00e9e \u00e0 une technologie anti-toutes couleurs permettant \u00e0 ces roseaux de maintenir un jet et une coloration de parfum stables sans qu&rsquo;il soit n\u00e9cessaire de \u00ab\u00a0retourner\u00a0\u00bb.<\/p>\n","protected":false},"excerpt":{"rendered":"<p>Les Diffuseurs Reed sont une solution \u00e9l\u00e9gante pour rendre le parfum de votre maison plus s\u00fbr et plus durable. Notre gamme d\u2019Anches POREX r\u00e9sistantes \u00e0 la couleur et anti-mouches \u00e0 s\u00e9chage rapide est l\u2019accompagnement id\u00e9al pour vous permettre de lib\u00e9rer le plein potentiel de vos huiles essentielles. Contr\u00f4ler le taux de lib\u00e9ration de parfum est [&hellip;]<\/p>\n","protected":false},"featured_media":22498,"comment_status":"open","ping_status":"closed","template":"","meta":{"_acf_changed":false},"product_brand":[],"product_cat":[264],"product_tag":[],"class_list":{"0":"post-9330","1":"product","2":"type-product","3":"status-publish","4":"has-post-thumbnail","6":"product_cat-diffuseurs-batonnets-roseaux","8":"first","9":"instock","10":"taxable","11":"shipping-taxable","12":"purchasable","13":"product-type-variable"},"acf":[],"_links":{"self":[{"href":"https:\/\/cosyowl.com\/fr\/wp-json\/wp\/v2\/product\/9330","targetHints":{"allow":["GET"]}}],"collection":[{"href":"https:\/\/cosyowl.com\/fr\/wp-json\/wp\/v2\/product"}],"about":[{"href":"https:\/\/cosyowl.com\/fr\/wp-json\/wp\/v2\/types\/product"}],"replies":[{"embeddable":true,"href":"https:\/\/cosyowl.com\/fr\/wp-json\/wp\/v2\/comments?post=9330"}],"wp:featuredmedia":[{"embeddable":true,"href":"https:\/\/cosyowl.com\/fr\/wp-json\/wp\/v2\/media\/22498"}],"wp:attachment":[{"href":"https:\/\/cosyowl.com\/fr\/wp-json\/wp\/v2\/media?parent=9330"}],"wp:term":[{"taxonomy":"product_brand","embeddable":true,"href":"https:\/\/cosyowl.com\/fr\/wp-json\/wp\/v2\/product_brand?post=9330"},{"taxonomy":"product_cat","embeddable":true,"href":"https:\/\/cosyowl.com\/fr\/wp-json\/wp\/v2\/product_cat?post=9330"},{"taxonomy":"product_tag","embeddable":true,"href":"https:\/\/cosyowl.com\/fr\/wp-json\/wp\/v2\/product_tag?post=9330"}],"curies":[{"name":"wp","href":"https:\/\/api.w.org\/{rel}","templated":true}]}}