{"id":9184,"date":"2021-10-01T06:33:00","date_gmt":"2021-10-01T04:33:00","guid":{"rendered":"https:\/\/cosyowl.com\/fr\/product\/non%20class\u00e9\/glasbehalter-500ml-klassisches-glasgefas-mit-deckel"},"modified":"2025-09-29T17:23:04","modified_gmt":"2025-09-29T15:23:04","slug":"pot-a-bougie-en-verre-pot-50cl-classique-avec-couvercle","status":"publish","type":"product","link":"https:\/\/cosyowl.com\/fr\/rcipient-en-verre-pot-classique-50cl-avec-couvercle","title":{"rendered":"Pot \u00e0 bougie en verre &#8211; Pot 50cl classique avec couvercle"},"content":{"rendered":"<p>Il s\u2019agit d\u2019un bocal en verre classique livr\u00e9 avec un couvercle et un joint en silicone assortis assurant un ajustement parfait et une finition de haute qualit\u00e9.<\/p>\n<p>La structure r\u00e9sistante et r\u00e9sistante \u00e0 la chaleur du pot le rend parfait contenant des bougies et ce mod\u00e8le peut contenir 50cl de cire et mesure 100mm de diam\u00e8tre et 100mm de hauteur.<\/p>\n","protected":false},"excerpt":{"rendered":"<p>Il s\u2019agit d\u2019un bocal en verre classique livr\u00e9 avec un couvercle et un joint en silicone assortis assurant un ajustement parfait et une finition de haute qualit\u00e9. La structure r\u00e9sistante et r\u00e9sistante \u00e0 la chaleur du pot le rend parfait contenant des bougies et ce mod\u00e8le peut contenir 50cl de cire et mesure 100mm de [&hellip;]<\/p>\n","protected":false},"featured_media":30822,"comment_status":"open","ping_status":"closed","template":"","meta":{"_acf_changed":false},"product_brand":[],"product_cat":[134],"product_tag":[],"class_list":{"0":"post-9184","1":"product","2":"type-product","3":"status-publish","4":"has-post-thumbnail","6":"product_cat-recipients-pour-bougie","8":"first","9":"instock","10":"taxable","11":"shipping-taxable","12":"purchasable","13":"product-type-simple"},"acf":[],"_links":{"self":[{"href":"https:\/\/cosyowl.com\/fr\/wp-json\/wp\/v2\/product\/9184","targetHints":{"allow":["GET"]}}],"collection":[{"href":"https:\/\/cosyowl.com\/fr\/wp-json\/wp\/v2\/product"}],"about":[{"href":"https:\/\/cosyowl.com\/fr\/wp-json\/wp\/v2\/types\/product"}],"replies":[{"embeddable":true,"href":"https:\/\/cosyowl.com\/fr\/wp-json\/wp\/v2\/comments?post=9184"}],"wp:featuredmedia":[{"embeddable":true,"href":"https:\/\/cosyowl.com\/fr\/wp-json\/wp\/v2\/media\/30822"}],"wp:attachment":[{"href":"https:\/\/cosyowl.com\/fr\/wp-json\/wp\/v2\/media?parent=9184"}],"wp:term":[{"taxonomy":"product_brand","embeddable":true,"href":"https:\/\/cosyowl.com\/fr\/wp-json\/wp\/v2\/product_brand?post=9184"},{"taxonomy":"product_cat","embeddable":true,"href":"https:\/\/cosyowl.com\/fr\/wp-json\/wp\/v2\/product_cat?post=9184"},{"taxonomy":"product_tag","embeddable":true,"href":"https:\/\/cosyowl.com\/fr\/wp-json\/wp\/v2\/product_tag?post=9184"}],"curies":[{"name":"wp","href":"https:\/\/api.w.org\/{rel}","templated":true}]}}