{"id":8981,"date":"2021-10-01T05:31:00","date_gmt":"2021-10-01T03:31:00","guid":{"rendered":"https:\/\/cosyowl.com\/fr\/product\/non%20class\u00e9\/import-placeholder-for-tcdl-cfra-bowl-nhon-337"},"modified":"2025-10-22T13:24:20","modified_gmt":"2025-10-22T11:24:20","slug":"huile-parfumee-au-miel","status":"publish","type":"product","link":"https:\/\/cosyowl.com\/fr\/huile-parfume-au-miel","title":{"rendered":"Huile parfum\u00e9e au miel"},"content":{"rendered":"<p>Fabriqu\u00e9 avec des ingr\u00e9dients naturels et des huiles essentielles*.<\/p>\n<p>Notre\u00a0<strong>huile parfum\u00e9e de type miel<\/strong>\u00a0a \u00e9t\u00e9 sp\u00e9cialement formul\u00e9e pour lib\u00e9rer le parfum visqueux doux et familier de ce d\u00e9lice dor\u00e9. Le parfum fournit une odeur forte et pro\u00e9minente associ\u00e9e au\u00a0<strong>freesia blanc, \u00e0 la bergamote et \u00e0 la camomille<\/strong>. Cet ar\u00f4me initial est le plus prononc\u00e9 lorsque votre bougie commence \u00e0 br\u00fbler, remplissant votre pi\u00e8ce d&rsquo;un parfum qui est ensuite rehauss\u00e9 par de l\u00e9g\u00e8res nuances d&rsquo;<strong>ambre miell\u00e9, d&rsquo;amande et de f\u00e8ve tonka<\/strong>. Incorpor\u00e9 dans la formulation de ce parfum distinctif est un merveilleux arri\u00e8re-go\u00fbt de\u00a0<strong>vanille et de bois de santal cr\u00e9meux<\/strong>.<\/p>\n<p>Toutes nos huiles parfum\u00e9es sont exclusives \u00e0 Cosy Owl et ont \u00e9t\u00e9 d\u00e9velopp\u00e9es par nos experts pour un parfum sup\u00e9rieur dans une bougie et ont \u00e9t\u00e9 optimis\u00e9es pour \u00eatre utilis\u00e9es avec notre cire. Nos huiles sont concentr\u00e9es \u00e0 100\u00a0% et sont enti\u00e8rement compatibles avec toutes nos cires.<\/p>\n<p>Cette huile parfum\u00e9e ne contient pas d&rsquo;huile de palme<\/p>\n<p><strong>Combien de parfum dois-je ajouter\u00a0?<\/strong><\/p>\n<p>Tous nos parfums sont de haute qualit\u00e9 et sp\u00e9cialement con\u00e7us pour un excellent jet de parfum, ce qui signifie qu&rsquo;en g\u00e9n\u00e9ral, moins c&rsquo;est plus. La quantit\u00e9 \u00e0 ajouter est un peu complexe et nous avons d\u00e9velopp\u00e9 un guide pour vous donner plus de d\u00e9tails ici. En r\u00e8gle g\u00e9n\u00e9rale, bien que commencer avec 5 \u00e0 8 % soit une bonne id\u00e9e et jusqu&rsquo;\u00e0 10 % pour les parfums moins forts devrait vous donner plus qu&rsquo;assez de parfum. Il est toujours pr\u00e9f\u00e9rable d&rsquo;exp\u00e9rimenter chaque combinaison de parfum et de cire et de commencer doucement et d&rsquo;augmenter. Tant que vous suivez le guide et observez le point d&rsquo;\u00e9clair, vous obtiendrez des bougies magnifiquement parfum\u00e9es avec un peu de pratique. En r\u00e8gle g\u00e9n\u00e9rale, vous ne devez jamais mettre plus de 12\u00a0% de parfum, car la bougie commencera litt\u00e9ralement \u00e0 transpirer ou \u00e0 lessiver le parfum.<\/p>\n<p>Toutes les huiles parfum\u00e9es ont ce qu&rsquo;on appelle un point d&rsquo;\u00e9clair \u2013 la temp\u00e9rature \u00e0 laquelle l&rsquo;huile commencera \u00e0 br\u00fbler et le parfum sera lib\u00e9r\u00e9.<\/p>\n<p>Le\u00a0<strong>point d&rsquo;\u00e9clair pour le miel est de 95\u00a0\u00b0C<\/strong>, pour plus d&rsquo;informations sur les points d&rsquo;\u00e9clair, suivez ce lien\u00a0<a href=\"https:\/\/www.cosyowl.com\/guides\/how-to-%20use-fragrance-oils\/\">https:\/\/www.cosyowl.com\/guides\/how-to-use-fragrance-oils\/<\/a><\/p>\n<p><strong>Vous utilisez ce parfum dans un diffuseur \u00e0 roseaux\u00a0?<\/strong><\/p>\n<p><em>Cette huile parfum\u00e9e est actuellement en cours de reformulation\u00a0; nous vous tiendrons au courant lorsqu&rsquo;il sera de nouveau pr\u00eat \u00e0 \u00eatre utilis\u00e9 dans les diffuseurs.<\/em><\/p>\n<p><strong>Utiliser ce parfum dans un savon\u00a0?<\/strong><\/p>\n<p>Tous nos parfums sont \u00e9galement sp\u00e9cialement formul\u00e9s pour fonctionner dans les savons solides, consultez la fiche de donn\u00e9es de s\u00e9curit\u00e9 pour obtenir des informations sur le % maximum de chaque parfum pouvant \u00eatre utilis\u00e9 dans les applications de fabrication de savon.<\/p>\n<p>Veuillez \u00e9galement consulter notre avis d&rsquo;information CLP sur l&rsquo;utilisation des huiles parfum\u00e9es dans les bougies avant d&rsquo;acheter. Ces informations concernent la composition chimique de l&rsquo;huile ainsi que des mises en garde concernant d&rsquo;\u00e9ventuelles r\u00e9actions allergiques.<\/p>\n<p><strong>Sans cruaut\u00e9 envers les animaux<\/strong><\/p>\n<p>L&rsquo;approvisionnement \u00e9thique des produits est de la plus haute importance pour nous et nous sommes tr\u00e8s fiers de dire que toutes les huiles parfum\u00e9es fournies par Cozy Owl, et leurs mati\u00e8res premi\u00e8res, sont sans cruaut\u00e9 et absolument aucun test sur les animaux ou les humains n&rsquo;a lieu. Nous comprenons cependant qu&rsquo;il peut y avoir une certaine confusion car les fiches de donn\u00e9es de s\u00e9curit\u00e9 (FDS) contiennent des valeurs de toxicit\u00e9 pour le rat et le lapin. Cette section particuli\u00e8re fait r\u00e9f\u00e9rence \u00e0 la DL50 (toxicit\u00e9) d&rsquo;ingr\u00e9dients particuliers qui sont requis pour d&rsquo;autres industries (comme pour une utilisation dans les aliments) et il est obligatoire que nous les incluions l\u00e0 o\u00f9 ils existent. Toutes les donn\u00e9es de tests sur les animaux sont bas\u00e9es sur des tests qui n&rsquo;ont pas \u00e9t\u00e9 effectu\u00e9s ou sanctionn\u00e9s par nous ou nos fournisseurs, dans certains cas, ces tests ont \u00e9t\u00e9 mandat\u00e9s par une agence gouvernementale ou effectu\u00e9s il y a des d\u00e9cennies et cat\u00e9goriquement aucun test n&rsquo;a \u00e9t\u00e9 effectu\u00e9 pour l&rsquo;utilisation de ces ingr\u00e9dients dans les produits. nous fournissons.<\/p>\n<p><strong>Nous conseillons \u00e0 tous les clients de tester les parfums avec nos flacons testeurs de 10 ml avant de commander en plus grandes tailles ou quantit\u00e9s dans le cas peu probable o\u00f9 vous seriez insatisfait d&rsquo;une huile parfum\u00e9e. Veuillez consulter notre\u00a0<a href=\"https:\/\/www.cosyowl.com\/index.php?main_page=shippinginfo\" target=\"_blank\" rel=\"noopener\">Livraison &amp; Retourne<\/a>\u00a0la page pour les termes et conditions complets.<\/strong><\/p>\n<p>*Ce parfum contient des \u00e9l\u00e9ments naturels (huiles essentielles, extraits, r\u00e9sines, isolats) mais n&rsquo;est pas enti\u00e8rement naturel. Nos huiles parfum\u00e9es ont \u00e9t\u00e9 con\u00e7ues pour \u00eatre aussi simples, propres et naturelles que possible tout en offrant le meilleur jet de parfum et la meilleure gamme de notes parfum\u00e9es. Les compos\u00e9s qui ne proviennent pas directement de la nature sont soit chimiquement identiques aux compos\u00e9s naturels, soit cr\u00e9\u00e9s artificiellement, soit l\u00e9g\u00e8rement modifi\u00e9s, g\u00e9n\u00e9ralement pour donner un parfum l\u00e9g\u00e8rement plus fort. Parfois, des parfums introuvables dans la nature sont utilis\u00e9s pour donner le parfum distinctif requis pour certains parfums de type plus artificiel. C&rsquo;est la m\u00eame chose que toutes les huiles parfum\u00e9es sur le march\u00e9 aujourd&rsquo;hui.<\/p>\n","protected":false},"excerpt":{"rendered":"<p>Fabriqu\u00e9 avec des ingr\u00e9dients naturels et des huiles essentielles*. Notre\u00a0huile parfum\u00e9e de type miel\u00a0a \u00e9t\u00e9 sp\u00e9cialement formul\u00e9e pour lib\u00e9rer le parfum visqueux doux et familier de ce d\u00e9lice dor\u00e9. Le parfum fournit une odeur forte et pro\u00e9minente associ\u00e9e au\u00a0freesia blanc, \u00e0 la bergamote et \u00e0 la camomille. Cet ar\u00f4me initial est le plus prononc\u00e9 lorsque [&hellip;]<\/p>\n","protected":false},"featured_media":8997,"comment_status":"open","ping_status":"closed","template":"","meta":{"_acf_changed":false},"product_brand":[],"product_cat":[405,123,116,118,119,285,404,199,111],"product_tag":[],"class_list":{"0":"post-8981","1":"product","2":"type-product","3":"status-publish","4":"has-post-thumbnail","6":"product_cat-paques","7":"product_cat-huiles-parfumees-doux","8":"product_cat-fabrication-de-savon-huiles-parfumees","9":"product_cat-huile-a-barbe-parfumees","10":"product_cat-fondants-parfumes-huiles-parfumees","11":"product_cat-soin-des-corps-huiles-parfumees","12":"product_cat-printemps","13":"product_cat-soin-des-cheveux-huiles-parfumees","14":"product_cat-huiles-parfumees-tous-les-parfums","16":"first","17":"instock","18":"taxable","19":"shipping-taxable","20":"purchasable","21":"product-type-variable"},"acf":[],"_links":{"self":[{"href":"https:\/\/cosyowl.com\/fr\/wp-json\/wp\/v2\/product\/8981","targetHints":{"allow":["GET"]}}],"collection":[{"href":"https:\/\/cosyowl.com\/fr\/wp-json\/wp\/v2\/product"}],"about":[{"href":"https:\/\/cosyowl.com\/fr\/wp-json\/wp\/v2\/types\/product"}],"replies":[{"embeddable":true,"href":"https:\/\/cosyowl.com\/fr\/wp-json\/wp\/v2\/comments?post=8981"}],"wp:featuredmedia":[{"embeddable":true,"href":"https:\/\/cosyowl.com\/fr\/wp-json\/wp\/v2\/media\/8997"}],"wp:attachment":[{"href":"https:\/\/cosyowl.com\/fr\/wp-json\/wp\/v2\/media?parent=8981"}],"wp:term":[{"taxonomy":"product_brand","embeddable":true,"href":"https:\/\/cosyowl.com\/fr\/wp-json\/wp\/v2\/product_brand?post=8981"},{"taxonomy":"product_cat","embeddable":true,"href":"https:\/\/cosyowl.com\/fr\/wp-json\/wp\/v2\/product_cat?post=8981"},{"taxonomy":"product_tag","embeddable":true,"href":"https:\/\/cosyowl.com\/fr\/wp-json\/wp\/v2\/product_tag?post=8981"}],"curies":[{"name":"wp","href":"https:\/\/api.w.org\/{rel}","templated":true}]}}