{"id":8872,"date":"2020-10-01T05:30:00","date_gmt":"2020-10-01T03:30:00","guid":{"rendered":"https:\/\/cosyowl.com\/fr\/product\/non%20class\u00e9\/import-placeholder-for-tcdl-ccon-bowl-ctin7-317"},"modified":"2025-09-29T17:22:49","modified_gmt":"2025-09-29T15:22:49","slug":"boite-a-bougie-ronde-en-argent-avec-couvercle-50ml","status":"publish","type":"product","link":"https:\/\/cosyowl.com\/fr\/bougie-ronde-en-argent-avec-couvercle-50ml","title":{"rendered":"Bo\u00eete \u00c0 Bougie Ronde En Argent Avec Couvercle &#8211; 50ml"},"content":{"rendered":"<p><strong>C&rsquo;est avec regret que nous ne sommes actuellement pas en mesure d&rsquo;exp\u00e9dier des bo\u00eetes m\u00e9talliques en dehors du Royaume-Uni. Si cette situation change, nous mettrons \u00e0 jour les produits et les rendrons disponibles \u00e0 la vente.<\/strong><\/p>\n<p>Ce produit est une bo\u00eete ronde \u00e0 bougie en argent pr\u00e9sentant des bords argent\u00e9s brillants \u00e0 la base et autour du couvercle. La bo\u00eete contient un couvercle \u00e0 glisser incorporant une fen\u00eatre transparente exposant la bougie et la m\u00e8che, ainsi qu\u2019une couture lat\u00e9rale soud\u00e9e robuste. Ce produit est disponible en diff\u00e9rentes tailles et est \u00e9galement disponible en blanc et en rose avec des bords dor\u00e9s. Nos bo\u00eetes \u00e0 bougies apporte une touche de classe \u00e0 n\u2019importe quelle pi\u00e8ce.<\/p>\n<p>Cette bo\u00eete peut \u00eatre achet\u00e9e en une seule bo\u00eete d&rsquo;\u00e9chantillon et en paquets de 10 ou 50 bo\u00eetes.<\/p>\n<p>Taille et volume:<\/p>\n<ul>\n<li>Volume: 50ml<\/li>\n<li>Taille: 48mm (di) x 30mm (H)<\/li>\n<\/ul>\n","protected":false},"excerpt":{"rendered":"<p>C&rsquo;est avec regret que nous ne sommes actuellement pas en mesure d&rsquo;exp\u00e9dier des bo\u00eetes m\u00e9talliques en dehors du Royaume-Uni. Si cette situation change, nous mettrons \u00e0 jour les produits et les rendrons disponibles \u00e0 la vente. Ce produit est une bo\u00eete ronde \u00e0 bougie en argent pr\u00e9sentant des bords argent\u00e9s brillants \u00e0 la base et [&hellip;]<\/p>\n","protected":false},"featured_media":8886,"comment_status":"open","ping_status":"closed","template":"","meta":{"_acf_changed":false},"product_brand":[],"product_cat":[261,287,290,108],"product_tag":[],"class_list":{"0":"post-8872","1":"product","2":"type-product","3":"status-publish","4":"has-post-thumbnail","6":"product_cat-baume-a-levres-contenants","7":"product_cat-soin-des-corps-conteneurs","8":"product_cat-soin-des-cheveux-conteneurs","9":"product_cat-conteneurs-metalliques","11":"first","12":"outofstock","13":"taxable","14":"shipping-taxable","15":"purchasable","16":"product-type-variable"},"acf":[],"_links":{"self":[{"href":"https:\/\/cosyowl.com\/fr\/wp-json\/wp\/v2\/product\/8872","targetHints":{"allow":["GET"]}}],"collection":[{"href":"https:\/\/cosyowl.com\/fr\/wp-json\/wp\/v2\/product"}],"about":[{"href":"https:\/\/cosyowl.com\/fr\/wp-json\/wp\/v2\/types\/product"}],"replies":[{"embeddable":true,"href":"https:\/\/cosyowl.com\/fr\/wp-json\/wp\/v2\/comments?post=8872"}],"wp:featuredmedia":[{"embeddable":true,"href":"https:\/\/cosyowl.com\/fr\/wp-json\/wp\/v2\/media\/8886"}],"wp:attachment":[{"href":"https:\/\/cosyowl.com\/fr\/wp-json\/wp\/v2\/media?parent=8872"}],"wp:term":[{"taxonomy":"product_brand","embeddable":true,"href":"https:\/\/cosyowl.com\/fr\/wp-json\/wp\/v2\/product_brand?post=8872"},{"taxonomy":"product_cat","embeddable":true,"href":"https:\/\/cosyowl.com\/fr\/wp-json\/wp\/v2\/product_cat?post=8872"},{"taxonomy":"product_tag","embeddable":true,"href":"https:\/\/cosyowl.com\/fr\/wp-json\/wp\/v2\/product_tag?post=8872"}],"curies":[{"name":"wp","href":"https:\/\/api.w.org\/{rel}","templated":true}]}}