{"id":8811,"date":"2021-10-01T05:30:00","date_gmt":"2021-10-01T03:30:00","guid":{"rendered":"https:\/\/cosyowl.com\/fr\/product\/non%20class\u00e9\/bambusdeckel-fur-300ml-karen-rund-glasbehalter"},"modified":"2025-09-29T17:22:45","modified_gmt":"2025-09-29T15:22:45","slug":"couvercle-en-bambou-pour-verre-rond-karen-30cl","status":"publish","type":"product","link":"https:\/\/cosyowl.com\/fr\/couvercle-en-bambou-pour-verre-rond-karen-30cl","title":{"rendered":"Couvercle en bambou pour verre rond Karen 30cl"},"content":{"rendered":"<p>Ce couvercle en bois est sp\u00e9cialement con\u00e7u pour \u00eatre utilis\u00e9 avec le r\u00e9cipient en verre Karen Round 30cl. Diam\u00e8tre: 81mm.<\/p>\n","protected":false},"excerpt":{"rendered":"<p>Ce couvercle en bois est sp\u00e9cialement con\u00e7u pour \u00eatre utilis\u00e9 avec le r\u00e9cipient en verre Karen Round 30cl. Diam\u00e8tre: 81mm.<\/p>\n","protected":false},"featured_media":11202,"comment_status":"open","ping_status":"closed","template":"","meta":{"_acf_changed":false},"product_brand":[],"product_cat":[134],"product_tag":[],"class_list":{"0":"post-8811","1":"product","2":"type-product","3":"status-publish","4":"has-post-thumbnail","6":"product_cat-recipients-pour-bougie","8":"first","9":"instock","10":"taxable","11":"shipping-taxable","12":"purchasable","13":"product-type-simple"},"acf":[],"_links":{"self":[{"href":"https:\/\/cosyowl.com\/fr\/wp-json\/wp\/v2\/product\/8811","targetHints":{"allow":["GET"]}}],"collection":[{"href":"https:\/\/cosyowl.com\/fr\/wp-json\/wp\/v2\/product"}],"about":[{"href":"https:\/\/cosyowl.com\/fr\/wp-json\/wp\/v2\/types\/product"}],"replies":[{"embeddable":true,"href":"https:\/\/cosyowl.com\/fr\/wp-json\/wp\/v2\/comments?post=8811"}],"wp:featuredmedia":[{"embeddable":true,"href":"https:\/\/cosyowl.com\/fr\/wp-json\/wp\/v2\/media\/11202"}],"wp:attachment":[{"href":"https:\/\/cosyowl.com\/fr\/wp-json\/wp\/v2\/media?parent=8811"}],"wp:term":[{"taxonomy":"product_brand","embeddable":true,"href":"https:\/\/cosyowl.com\/fr\/wp-json\/wp\/v2\/product_brand?post=8811"},{"taxonomy":"product_cat","embeddable":true,"href":"https:\/\/cosyowl.com\/fr\/wp-json\/wp\/v2\/product_cat?post=8811"},{"taxonomy":"product_tag","embeddable":true,"href":"https:\/\/cosyowl.com\/fr\/wp-json\/wp\/v2\/product_tag?post=8811"}],"curies":[{"name":"wp","href":"https:\/\/api.w.org\/{rel}","templated":true}]}}