{"id":8807,"date":"2021-10-01T06:30:00","date_gmt":"2021-10-01T04:30:00","guid":{"rendered":"https:\/\/cosyowl.com\/fr\/product\/non%20class\u00e9\/verschlussstopfen-fur-diffusorflasche"},"modified":"2025-12-11T17:24:40","modified_gmt":"2025-12-11T16:24:40","slug":"bouchon-de-bouteille-de-diffuseur","status":"publish","type":"product","link":"https:\/\/cosyowl.com\/fr\/bouchon-de-bouteille-de-diffuseur","title":{"rendered":"Bouchon de bouteille de diffuseur"},"content":{"rendered":"<p>Ce bouchon de bouteille de diffuseur en plastique (\u00e9galement appel\u00e9 bouchon) peut \u00eatre utilis\u00e9 pour sceller le r\u00e9cipient afin d\u2019emp\u00eacher que l\u2019huile de parfum ne s\u2019\u00e9vapore, ne se d\u00e9verse pas et ne lib\u00e8re pas son parfum si elle n\u2019est pas n\u00e9cessaire.<\/p>\n<p>\n","protected":false},"excerpt":{"rendered":"<p>Ce bouchon de bouteille de diffuseur en plastique (\u00e9galement appel\u00e9 bouchon) peut \u00eatre utilis\u00e9 pour sceller le r\u00e9cipient afin d\u2019emp\u00eacher que l\u2019huile de parfum ne s\u2019\u00e9vapore, ne se d\u00e9verse pas et ne lib\u00e8re pas son parfum si elle n\u2019est pas n\u00e9cessaire.<\/p>\n","protected":false},"featured_media":11200,"comment_status":"open","ping_status":"closed","template":"","meta":{"_acf_changed":false},"product_brand":[],"product_cat":[263],"product_tag":[],"class_list":{"0":"post-8807","1":"product","2":"type-product","3":"status-publish","4":"has-post-thumbnail","6":"product_cat-diffuseurs-batonnets-bouteilles","8":"first","9":"instock","10":"taxable","11":"shipping-taxable","12":"purchasable","13":"product-type-simple"},"acf":[],"_links":{"self":[{"href":"https:\/\/cosyowl.com\/fr\/wp-json\/wp\/v2\/product\/8807","targetHints":{"allow":["GET"]}}],"collection":[{"href":"https:\/\/cosyowl.com\/fr\/wp-json\/wp\/v2\/product"}],"about":[{"href":"https:\/\/cosyowl.com\/fr\/wp-json\/wp\/v2\/types\/product"}],"replies":[{"embeddable":true,"href":"https:\/\/cosyowl.com\/fr\/wp-json\/wp\/v2\/comments?post=8807"}],"wp:featuredmedia":[{"embeddable":true,"href":"https:\/\/cosyowl.com\/fr\/wp-json\/wp\/v2\/media\/11200"}],"wp:attachment":[{"href":"https:\/\/cosyowl.com\/fr\/wp-json\/wp\/v2\/media?parent=8807"}],"wp:term":[{"taxonomy":"product_brand","embeddable":true,"href":"https:\/\/cosyowl.com\/fr\/wp-json\/wp\/v2\/product_brand?post=8807"},{"taxonomy":"product_cat","embeddable":true,"href":"https:\/\/cosyowl.com\/fr\/wp-json\/wp\/v2\/product_cat?post=8807"},{"taxonomy":"product_tag","embeddable":true,"href":"https:\/\/cosyowl.com\/fr\/wp-json\/wp\/v2\/product_tag?post=8807"}],"curies":[{"name":"wp","href":"https:\/\/api.w.org\/{rel}","templated":true}]}}