{"id":8801,"date":"2021-10-01T06:30:00","date_gmt":"2021-10-01T04:30:00","guid":{"rendered":"https:\/\/cosyowl.com\/fr\/product\/non%20class\u00e9\/diffusorkappe-aus-holz"},"modified":"2025-09-29T17:22:43","modified_gmt":"2025-09-29T15:22:43","slug":"bouchon-diffuseur-en-bois","status":"publish","type":"product","link":"https:\/\/cosyowl.com\/fr\/bouchon-diffuseur-en-bois","title":{"rendered":"Bouchon diffuseur en bois"},"content":{"rendered":"<p>Ce capuchon de diffuseur en bois peut \u00eatre plac\u00e9 sur le r\u00e9cipient pour donner un aspect plus naturel, plus esth\u00e9tique. Les diffuseurs en roseau sortent simplement de la bouteille et sortent par le trou dans le bouchon.<\/p>\n","protected":false},"excerpt":{"rendered":"<p>Ce capuchon de diffuseur en bois peut \u00eatre plac\u00e9 sur le r\u00e9cipient pour donner un aspect plus naturel, plus esth\u00e9tique. Les diffuseurs en roseau sortent simplement de la bouteille et sortent par le trou dans le bouchon.<\/p>\n","protected":false},"featured_media":11197,"comment_status":"open","ping_status":"closed","template":"","meta":{"_acf_changed":false},"product_brand":[],"product_cat":[263],"product_tag":[],"class_list":{"0":"post-8801","1":"product","2":"type-product","3":"status-publish","4":"has-post-thumbnail","6":"product_cat-diffuseurs-batonnets-bouteilles","8":"first","9":"outofstock","10":"taxable","11":"shipping-taxable","12":"purchasable","13":"product-type-simple"},"acf":[],"_links":{"self":[{"href":"https:\/\/cosyowl.com\/fr\/wp-json\/wp\/v2\/product\/8801","targetHints":{"allow":["GET"]}}],"collection":[{"href":"https:\/\/cosyowl.com\/fr\/wp-json\/wp\/v2\/product"}],"about":[{"href":"https:\/\/cosyowl.com\/fr\/wp-json\/wp\/v2\/types\/product"}],"replies":[{"embeddable":true,"href":"https:\/\/cosyowl.com\/fr\/wp-json\/wp\/v2\/comments?post=8801"}],"wp:featuredmedia":[{"embeddable":true,"href":"https:\/\/cosyowl.com\/fr\/wp-json\/wp\/v2\/media\/11197"}],"wp:attachment":[{"href":"https:\/\/cosyowl.com\/fr\/wp-json\/wp\/v2\/media?parent=8801"}],"wp:term":[{"taxonomy":"product_brand","embeddable":true,"href":"https:\/\/cosyowl.com\/fr\/wp-json\/wp\/v2\/product_brand?post=8801"},{"taxonomy":"product_cat","embeddable":true,"href":"https:\/\/cosyowl.com\/fr\/wp-json\/wp\/v2\/product_cat?post=8801"},{"taxonomy":"product_tag","embeddable":true,"href":"https:\/\/cosyowl.com\/fr\/wp-json\/wp\/v2\/product_tag?post=8801"}],"curies":[{"name":"wp","href":"https:\/\/api.w.org\/{rel}","templated":true}]}}