{"id":8795,"date":"2021-10-01T05:30:00","date_gmt":"2021-01-10T05:30:36","guid":{"rendered":"https:\/\/cosyowl.com\/fr\/product\/non%20class\u00e9\/import-placeholder-for-tcdl-clid-bowl-nkrn-s30cl-292"},"modified":"2025-09-29T17:24:12","modified_gmt":"2025-09-29T15:24:12","slug":"8737","status":"publish","type":"product","link":"https:\/\/cosyowl.com\/fr\/fournitures-de-bougies\/conteneurs-pour-les-bougies\/recipients-pour-bougie\/8737","title":{"rendered":"Couvercle m\u00e9tal pour r\u00e9cipient 30cl"},"content":{"rendered":"<p>Ce couvercle est particuli\u00e8rement adapt\u00e9 au r\u00e9cipient en verre rond Karen de 30cl<\/p>\n<p>Disponible en 3 couleurs: argent, cuivre et laiton<\/p>\n<p>Dimensions ext\u00e9rieures &#8211; H10mm x W85mm<\/p>\n<p>Dimensions internes &#8211; H8mm x W83mm<\/p>\n","protected":false},"excerpt":{"rendered":"<p>Ce couvercle est particuli\u00e8rement adapt\u00e9 au r\u00e9cipient en verre rond Karen de 30cl Disponible en 3 couleurs: argent, cuivre et laiton Dimensions ext\u00e9rieures &#8211; H10mm x W85mm Dimensions internes &#8211; H8mm x W83mm<\/p>\n","protected":false},"featured_media":22481,"comment_status":"open","ping_status":"closed","template":"","meta":{"_acf_changed":false},"product_brand":[],"product_cat":[108,134],"product_tag":[],"class_list":{"0":"post-8795","1":"product","2":"type-product","3":"status-publish","4":"has-post-thumbnail","6":"product_cat-conteneurs-metalliques","7":"product_cat-recipients-pour-bougie","9":"first","10":"instock","11":"taxable","12":"shipping-taxable","13":"purchasable","14":"product-type-variable"},"acf":[],"_links":{"self":[{"href":"https:\/\/cosyowl.com\/fr\/wp-json\/wp\/v2\/product\/8795","targetHints":{"allow":["GET"]}}],"collection":[{"href":"https:\/\/cosyowl.com\/fr\/wp-json\/wp\/v2\/product"}],"about":[{"href":"https:\/\/cosyowl.com\/fr\/wp-json\/wp\/v2\/types\/product"}],"replies":[{"embeddable":true,"href":"https:\/\/cosyowl.com\/fr\/wp-json\/wp\/v2\/comments?post=8795"}],"wp:featuredmedia":[{"embeddable":true,"href":"https:\/\/cosyowl.com\/fr\/wp-json\/wp\/v2\/media\/22481"}],"wp:attachment":[{"href":"https:\/\/cosyowl.com\/fr\/wp-json\/wp\/v2\/media?parent=8795"}],"wp:term":[{"taxonomy":"product_brand","embeddable":true,"href":"https:\/\/cosyowl.com\/fr\/wp-json\/wp\/v2\/product_brand?post=8795"},{"taxonomy":"product_cat","embeddable":true,"href":"https:\/\/cosyowl.com\/fr\/wp-json\/wp\/v2\/product_cat?post=8795"},{"taxonomy":"product_tag","embeddable":true,"href":"https:\/\/cosyowl.com\/fr\/wp-json\/wp\/v2\/product_tag?post=8795"}],"curies":[{"name":"wp","href":"https:\/\/api.w.org\/{rel}","templated":true}]}}