{"id":8793,"date":"2021-10-01T05:30:00","date_gmt":"2021-10-01T03:30:00","guid":{"rendered":"https:\/\/cosyowl.com\/fr\/product\/non%20class\u00e9\/import-placeholder-for-tcdl-csus-bwed-c20x6-289"},"modified":"2025-09-29T17:24:12","modified_gmt":"2025-09-29T15:24:12","slug":"support-de-meche-de-bougie-base-20mm-hauteur-6mm","status":"publish","type":"product","link":"https:\/\/cosyowl.com\/fr\/supports-de-mche-base-20mm-hauteur-6mm","title":{"rendered":"Support de m\u00e8che de bougie &#8211; Base 20mm &#8211; Hauteur 6mm"},"content":{"rendered":"<p>Des m\u00e8ches (m\u00e8ches) sont n\u00e9cessaires pour maintenir votre m\u00e8che en place au fond du r\u00e9cipient r\u00e9sistant \u00e0 la chaleur et emp\u00eacher la m\u00e8che de flotter simplement \u00e0 la surface de la bougie lorsque vous versez la cire fondue. Pour l\u2019utiliser, serrez la m\u00e8che et placez-la dans le trou du support. Si vous trouvez cela difficile, essayez d\u2019utiliser une petite pince. Vous pouvez utiliser une petite quantit\u00e9 de colle pr\u00e9alablement ins\u00e9r\u00e9e dans le trou, puis le laisser reposer avec la m\u00e8che en place.<\/p>\n<p>Lorsque vous placez le support sur le fond du conteneur, si vous avez du Blu Tac \u00e0 port\u00e9e de main Un petit conseil consiste \u00e0 placer une tr\u00e8s petite quantit\u00e9 sous le support et \u00e0 la coller au fond du conteneur. Vous pouvez \u00e9galement utiliser une tache \/ un onglet en papier collant double face disponible dans tous les bons magasins d&rsquo;articles de papeterie et dans certains magasins d&rsquo;alimentation.<\/p>\n<p>Ce support a une largeur de 20mm et convient aux r\u00e9cipients de grande taille. Si vous utilisez un conteneur de taille petite \u00e0 moyenne, s\u00e9lectionnez l&rsquo;option 15mm. La hauteur du soutien peut \u00eatre s\u00e9lectionn\u00e9e dans la liste d\u00e9roulante ci-dessus. Si vous n\u2019\u00eates pas habitu\u00e9 \u00e0 utiliser des soutiens-gorges, le plus grand des deux (6mm) facilite l\u00e9g\u00e8rement le maintien de la m\u00e8che.<\/p>\n","protected":false},"excerpt":{"rendered":"<p>Des m\u00e8ches (m\u00e8ches) sont n\u00e9cessaires pour maintenir votre m\u00e8che en place au fond du r\u00e9cipient r\u00e9sistant \u00e0 la chaleur et emp\u00eacher la m\u00e8che de flotter simplement \u00e0 la surface de la bougie lorsque vous versez la cire fondue. Pour l\u2019utiliser, serrez la m\u00e8che et placez-la dans le trou du support. Si vous trouvez cela difficile, [&hellip;]<\/p>\n","protected":false},"featured_media":8820,"comment_status":"open","ping_status":"closed","template":"","meta":{"_acf_changed":false},"product_brand":[],"product_cat":[106],"product_tag":[],"class_list":{"0":"post-8793","1":"product","2":"type-product","3":"status-publish","4":"has-post-thumbnail","6":"product_cat-meches-pour-bougies","8":"first","9":"instock","10":"taxable","11":"shipping-taxable","12":"purchasable","13":"product-type-variable"},"acf":[],"_links":{"self":[{"href":"https:\/\/cosyowl.com\/fr\/wp-json\/wp\/v2\/product\/8793","targetHints":{"allow":["GET"]}}],"collection":[{"href":"https:\/\/cosyowl.com\/fr\/wp-json\/wp\/v2\/product"}],"about":[{"href":"https:\/\/cosyowl.com\/fr\/wp-json\/wp\/v2\/types\/product"}],"replies":[{"embeddable":true,"href":"https:\/\/cosyowl.com\/fr\/wp-json\/wp\/v2\/comments?post=8793"}],"wp:featuredmedia":[{"embeddable":true,"href":"https:\/\/cosyowl.com\/fr\/wp-json\/wp\/v2\/media\/8820"}],"wp:attachment":[{"href":"https:\/\/cosyowl.com\/fr\/wp-json\/wp\/v2\/media?parent=8793"}],"wp:term":[{"taxonomy":"product_brand","embeddable":true,"href":"https:\/\/cosyowl.com\/fr\/wp-json\/wp\/v2\/product_brand?post=8793"},{"taxonomy":"product_cat","embeddable":true,"href":"https:\/\/cosyowl.com\/fr\/wp-json\/wp\/v2\/product_cat?post=8793"},{"taxonomy":"product_tag","embeddable":true,"href":"https:\/\/cosyowl.com\/fr\/wp-json\/wp\/v2\/product_tag?post=8793"}],"curies":[{"name":"wp","href":"https:\/\/api.w.org\/{rel}","templated":true}]}}