{"id":8787,"date":"2021-10-01T06:28:00","date_gmt":"2021-10-01T04:28:00","guid":{"rendered":"https:\/\/cosyowl.com\/fr\/product\/non%20class\u00e9\/glasbehalter-100ml-diffusorwurfel"},"modified":"2025-09-29T17:22:42","modified_gmt":"2025-09-29T15:22:42","slug":"recipient-en-verre-cube-diffuseur-100ml","status":"publish","type":"product","link":"https:\/\/cosyowl.com\/fr\/rcipient-en-verre-cube-diffuseur-100ml","title":{"rendered":"R\u00e9cipient en verre &#8211; cube diffuseur 100ml"},"content":{"rendered":"<p>Il s\u2019agit d\u2019un contenant en verre \u00e9l\u00e9gant et solide, pouvant contenir jusqu\u2019\u00e0 100ml de parfum. Comme vous pouvez le constater par son apparence, il pr\u00e9sente une forme de cube robuste. Utilisez nos huiles de parfum pour cr\u00e9er un ar\u00f4me extraordinaire qui remplira tous les espaces de vie.<\/p>\n<p><strong> Taille &#8211; <\/strong> Largeur\/Profondeur: 59mm Hauteur: 77mm avec bouchon \u00e0 vis. <\/p>\n","protected":false},"excerpt":{"rendered":"<p>Il s\u2019agit d\u2019un contenant en verre \u00e9l\u00e9gant et solide, pouvant contenir jusqu\u2019\u00e0 100ml de parfum. Comme vous pouvez le constater par son apparence, il pr\u00e9sente une forme de cube robuste. Utilisez nos huiles de parfum pour cr\u00e9er un ar\u00f4me extraordinaire qui remplira tous les espaces de vie. Taille &#8211; Largeur\/Profondeur: 59mm Hauteur: 77mm avec bouchon [&hellip;]<\/p>\n","protected":false},"featured_media":11193,"comment_status":"open","ping_status":"closed","template":"","meta":{"_acf_changed":false},"product_brand":[],"product_cat":[263],"product_tag":[],"class_list":{"0":"post-8787","1":"product","2":"type-product","3":"status-publish","4":"has-post-thumbnail","6":"product_cat-diffuseurs-batonnets-bouteilles","8":"first","9":"instock","10":"taxable","11":"shipping-taxable","12":"purchasable","13":"product-type-simple"},"acf":[],"_links":{"self":[{"href":"https:\/\/cosyowl.com\/fr\/wp-json\/wp\/v2\/product\/8787","targetHints":{"allow":["GET"]}}],"collection":[{"href":"https:\/\/cosyowl.com\/fr\/wp-json\/wp\/v2\/product"}],"about":[{"href":"https:\/\/cosyowl.com\/fr\/wp-json\/wp\/v2\/types\/product"}],"replies":[{"embeddable":true,"href":"https:\/\/cosyowl.com\/fr\/wp-json\/wp\/v2\/comments?post=8787"}],"wp:featuredmedia":[{"embeddable":true,"href":"https:\/\/cosyowl.com\/fr\/wp-json\/wp\/v2\/media\/11193"}],"wp:attachment":[{"href":"https:\/\/cosyowl.com\/fr\/wp-json\/wp\/v2\/media?parent=8787"}],"wp:term":[{"taxonomy":"product_brand","embeddable":true,"href":"https:\/\/cosyowl.com\/fr\/wp-json\/wp\/v2\/product_brand?post=8787"},{"taxonomy":"product_cat","embeddable":true,"href":"https:\/\/cosyowl.com\/fr\/wp-json\/wp\/v2\/product_cat?post=8787"},{"taxonomy":"product_tag","embeddable":true,"href":"https:\/\/cosyowl.com\/fr\/wp-json\/wp\/v2\/product_tag?post=8787"}],"curies":[{"name":"wp","href":"https:\/\/api.w.org\/{rel}","templated":true}]}}