{"id":8783,"date":"2021-10-01T05:28:00","date_gmt":"2021-10-01T03:28:00","guid":{"rendered":"https:\/\/cosyowl.com\/fr\/product\/non%20class\u00e9\/glasbehalter-90ml-meredith"},"modified":"2026-03-24T13:53:43","modified_gmt":"2026-03-24T12:53:43","slug":"pot-a-bougie-en-verre-9-cl-meredith","status":"publish","type":"product","link":"https:\/\/cosyowl.com\/fr\/recipient-en-verre-9-cl-meredith","title":{"rendered":"Pot \u00e0 bougie en verre &#8211; 9 cl Meredith"},"content":{"rendered":"<p>Il s\u2019agit d\u2019un r\u00e9cipient en verre r\u00e9sistant \u00e0 la chaleur et appropri\u00e9 pour la fabrication de bougies de petite taille. Comme vous pouvez le constater par son apparence, il a une petite forme ronde. Utilisez nos huiles de parfum pour cr\u00e9er un ar\u00f4me extraordinaire pour augmenter la sensation. Ce r\u00e9cipient en verre peut contenir 9cl de cire \u00e0 bougie.<\/p>\n<p><strong>Taille &#8211; <\/strong> Diam\u00e8tre maximal: 55mm Hauteur: 66mm<\/p>\n<p>Attention, pr\u00e9chauffez votre r\u00e9cipient en verre. \u00c0 environ 45\u00b0C, vous r\u00e9duirez le risque de formation d\u2019anomalies dans la bougie lorsqu\u2019elle se solidifie.<\/p>\n","protected":false},"excerpt":{"rendered":"<p>Il s\u2019agit d\u2019un r\u00e9cipient en verre r\u00e9sistant \u00e0 la chaleur et appropri\u00e9 pour la fabrication de bougies de petite taille. Comme vous pouvez le constater par son apparence, il a une petite forme ronde. Utilisez nos huiles de parfum pour cr\u00e9er un ar\u00f4me extraordinaire pour augmenter la sensation. Ce r\u00e9cipient en verre peut contenir 9cl [&hellip;]<\/p>\n","protected":false},"featured_media":30827,"comment_status":"open","ping_status":"closed","template":"","meta":{"_acf_changed":false},"product_brand":[],"product_cat":[134],"product_tag":[],"class_list":{"0":"post-8783","1":"product","2":"type-product","3":"status-publish","4":"has-post-thumbnail","6":"product_cat-recipients-pour-bougie","8":"first","9":"instock","10":"taxable","11":"shipping-taxable","12":"purchasable","13":"product-type-simple"},"acf":[],"_links":{"self":[{"href":"https:\/\/cosyowl.com\/fr\/wp-json\/wp\/v2\/product\/8783","targetHints":{"allow":["GET"]}}],"collection":[{"href":"https:\/\/cosyowl.com\/fr\/wp-json\/wp\/v2\/product"}],"about":[{"href":"https:\/\/cosyowl.com\/fr\/wp-json\/wp\/v2\/types\/product"}],"replies":[{"embeddable":true,"href":"https:\/\/cosyowl.com\/fr\/wp-json\/wp\/v2\/comments?post=8783"}],"wp:featuredmedia":[{"embeddable":true,"href":"https:\/\/cosyowl.com\/fr\/wp-json\/wp\/v2\/media\/30827"}],"wp:attachment":[{"href":"https:\/\/cosyowl.com\/fr\/wp-json\/wp\/v2\/media?parent=8783"}],"wp:term":[{"taxonomy":"product_brand","embeddable":true,"href":"https:\/\/cosyowl.com\/fr\/wp-json\/wp\/v2\/product_brand?post=8783"},{"taxonomy":"product_cat","embeddable":true,"href":"https:\/\/cosyowl.com\/fr\/wp-json\/wp\/v2\/product_cat?post=8783"},{"taxonomy":"product_tag","embeddable":true,"href":"https:\/\/cosyowl.com\/fr\/wp-json\/wp\/v2\/product_tag?post=8783"}],"curies":[{"name":"wp","href":"https:\/\/api.w.org\/{rel}","templated":true}]}}