{"id":8763,"date":"2021-10-01T05:28:00","date_gmt":"2021-10-01T03:28:00","guid":{"rendered":"https:\/\/cosyowl.com\/fr\/product\/non%20class\u00e9\/glasbehalter-290ml-groser-wurfel"},"modified":"2025-09-29T17:22:41","modified_gmt":"2025-09-29T15:22:41","slug":"pot-a-bougie-en-verre-29cl-grand-cube","status":"publish","type":"product","link":"https:\/\/cosyowl.com\/fr\/rcipient-en-verre-grand-cube-29cl","title":{"rendered":"Pot \u00e0 bougie en verre &#8211; 29cl Grand cube"},"content":{"rendered":"<p>Il s\u2019agit d\u2019un r\u00e9cipient en verre r\u00e9sistant \u00e0 la chaleur et appropri\u00e9 pour la fabrication de bougies de grandes dimensions Comme vous pouvez le constater par son apparence, il pr\u00e9sente une forme de cube robuste. Utilisez nos huiles de parfum pour cr\u00e9er un ar\u00f4me extraordinaire pour augmenter la sensation. Ce r\u00e9cipient en verre peut contenir 29cl de cire \u00e0 bougie.<\/p>\n<p><strong>Taille &#8211; <\/strong> Largeur\/Profondeur: 77mm Hauteur: 72mm<\/p>\n<p>Veuillez noter que le pr\u00e9chauffage de votre r\u00e9cipient en verre Une temp\u00e9rature d\u2019environ 45\u00b0C peut aider \u00e0 r\u00e9duire le risque de formation d\u2019anomalies dans la bougie lorsqu\u2019elle se solidifie.<\/p>\n","protected":false},"excerpt":{"rendered":"<p>Il s\u2019agit d\u2019un r\u00e9cipient en verre r\u00e9sistant \u00e0 la chaleur et appropri\u00e9 pour la fabrication de bougies de grandes dimensions Comme vous pouvez le constater par son apparence, il pr\u00e9sente une forme de cube robuste. Utilisez nos huiles de parfum pour cr\u00e9er un ar\u00f4me extraordinaire pour augmenter la sensation. Ce r\u00e9cipient en verre peut contenir [&hellip;]<\/p>\n","protected":false},"featured_media":11188,"comment_status":"open","ping_status":"closed","template":"","meta":{"_acf_changed":false},"product_brand":[],"product_cat":[134],"product_tag":[],"class_list":{"0":"post-8763","1":"product","2":"type-product","3":"status-publish","4":"has-post-thumbnail","6":"product_cat-recipients-pour-bougie","8":"first","9":"outofstock","10":"sold-individually","11":"taxable","12":"shipping-taxable","13":"purchasable","14":"product-type-simple"},"acf":[],"_links":{"self":[{"href":"https:\/\/cosyowl.com\/fr\/wp-json\/wp\/v2\/product\/8763","targetHints":{"allow":["GET"]}}],"collection":[{"href":"https:\/\/cosyowl.com\/fr\/wp-json\/wp\/v2\/product"}],"about":[{"href":"https:\/\/cosyowl.com\/fr\/wp-json\/wp\/v2\/types\/product"}],"replies":[{"embeddable":true,"href":"https:\/\/cosyowl.com\/fr\/wp-json\/wp\/v2\/comments?post=8763"}],"wp:featuredmedia":[{"embeddable":true,"href":"https:\/\/cosyowl.com\/fr\/wp-json\/wp\/v2\/media\/11188"}],"wp:attachment":[{"href":"https:\/\/cosyowl.com\/fr\/wp-json\/wp\/v2\/media?parent=8763"}],"wp:term":[{"taxonomy":"product_brand","embeddable":true,"href":"https:\/\/cosyowl.com\/fr\/wp-json\/wp\/v2\/product_brand?post=8763"},{"taxonomy":"product_cat","embeddable":true,"href":"https:\/\/cosyowl.com\/fr\/wp-json\/wp\/v2\/product_cat?post=8763"},{"taxonomy":"product_tag","embeddable":true,"href":"https:\/\/cosyowl.com\/fr\/wp-json\/wp\/v2\/product_tag?post=8763"}],"curies":[{"name":"wp","href":"https:\/\/api.w.org\/{rel}","templated":true}]}}