{"id":8757,"date":"2021-10-01T05:28:00","date_gmt":"2021-10-01T03:28:00","guid":{"rendered":"https:\/\/cosyowl.com\/fr\/product\/non%20class\u00e9\/glasbehalter-200ml-karen-rund"},"modified":"2025-11-26T09:49:22","modified_gmt":"2025-11-26T08:49:22","slug":"pot-a-bougie-en-verre-20cl-karen-round","status":"publish","type":"product","link":"https:\/\/cosyowl.com\/fr\/rcipient-en-verre-karen-rond-20cl","title":{"rendered":"Pot \u00e0 bougie en verre &#8211; 20cl Karen Round"},"content":{"rendered":"<p>Il s\u2019agit d\u2019un r\u00e9cipient en verre r\u00e9sistant \u00e0 la chaleur et appropri\u00e9 pour la fabrication de bougies de taille moyenne. Utilisez nos huiles de parfum pour cr\u00e9er un ar\u00f4me extraordinaire pour augmenter la sensation. Ce r\u00e9cipient en verre peut contenir 20cl de cire de bougie.<\/p>\n<p><strong>Taille &#8211;\u00a0<\/strong>Diam\u00e8tre: 70mm Hauteur: 84mm<\/p>\n<p>Veuillez noter que le pr\u00e9chauffage de votre r\u00e9cipient en verre est d&rsquo;environ 45\u00b0C peut aider \u00e0 r\u00e9duire le risque de d\u00e9veloppement d\u2019anomalies dans votre bougie lorsqu\u2019elle se solidifie.<\/p>\n","protected":false},"excerpt":{"rendered":"<p>Il s\u2019agit d\u2019un r\u00e9cipient en verre r\u00e9sistant \u00e0 la chaleur et appropri\u00e9 pour la fabrication de bougies de taille moyenne. Utilisez nos huiles de parfum pour cr\u00e9er un ar\u00f4me extraordinaire pour augmenter la sensation. Ce r\u00e9cipient en verre peut contenir 20cl de cire de bougie. Taille &#8211;\u00a0Diam\u00e8tre: 70mm Hauteur: 84mm Veuillez noter que le pr\u00e9chauffage [&hellip;]<\/p>\n","protected":false},"featured_media":30829,"comment_status":"open","ping_status":"closed","template":"","meta":{"_acf_changed":false},"product_brand":[],"product_cat":[134],"product_tag":[],"class_list":{"0":"post-8757","1":"product","2":"type-product","3":"status-publish","4":"has-post-thumbnail","6":"product_cat-recipients-pour-bougie","8":"first","9":"instock","10":"sold-individually","11":"taxable","12":"shipping-taxable","13":"purchasable","14":"product-type-simple"},"acf":[],"_links":{"self":[{"href":"https:\/\/cosyowl.com\/fr\/wp-json\/wp\/v2\/product\/8757","targetHints":{"allow":["GET"]}}],"collection":[{"href":"https:\/\/cosyowl.com\/fr\/wp-json\/wp\/v2\/product"}],"about":[{"href":"https:\/\/cosyowl.com\/fr\/wp-json\/wp\/v2\/types\/product"}],"replies":[{"embeddable":true,"href":"https:\/\/cosyowl.com\/fr\/wp-json\/wp\/v2\/comments?post=8757"}],"wp:featuredmedia":[{"embeddable":true,"href":"https:\/\/cosyowl.com\/fr\/wp-json\/wp\/v2\/media\/30829"}],"wp:attachment":[{"href":"https:\/\/cosyowl.com\/fr\/wp-json\/wp\/v2\/media?parent=8757"}],"wp:term":[{"taxonomy":"product_brand","embeddable":true,"href":"https:\/\/cosyowl.com\/fr\/wp-json\/wp\/v2\/product_brand?post=8757"},{"taxonomy":"product_cat","embeddable":true,"href":"https:\/\/cosyowl.com\/fr\/wp-json\/wp\/v2\/product_cat?post=8757"},{"taxonomy":"product_tag","embeddable":true,"href":"https:\/\/cosyowl.com\/fr\/wp-json\/wp\/v2\/product_tag?post=8757"}],"curies":[{"name":"wp","href":"https:\/\/api.w.org\/{rel}","templated":true}]}}