{"id":8736,"date":"2021-10-01T05:28:00","date_gmt":"2021-10-01T03:28:00","guid":{"rendered":"https:\/\/cosyowl.com\/fr\/product\/non%20class\u00e9\/import-placeholder-for-tcdl-cwax-bker-n4130-cscp-271"},"modified":"2026-04-09T15:05:10","modified_gmt":"2026-04-09T13:05:10","slug":"cire-pour-bougies-en-recipient-kerasoy-4130","status":"publish","type":"product","link":"https:\/\/cosyowl.com\/fr\/cire-pour-bougies-en-rcipient-kerasoy-4130","title":{"rendered":"Cire pour bougies en r\u00e9cipient KeraSoy 4130"},"content":{"rendered":"<p>Fabriqu\u00e9e au Royaume-Uni, cette cire 100 % soja offre une texture lisse qui se refl\u00e8te dans l\u2019apparence du produit fini. Elle convient parfaitement \u00e0 la cr\u00e9ation de bougies en r\u00e9cipient.<\/p>\n<p>Le soja utilis\u00e9 dans les cires Kerasoy provient d&rsquo;Am\u00e9rique du Nord et du Br\u00e9sil de sources purement \u00e9thiques et non g\u00e9n\u00e9tiquement modifi\u00e9es. Un audit complet de la cha\u00eene d&rsquo;approvisionnement a \u00e9t\u00e9 r\u00e9alis\u00e9 et seuls des fournisseurs \u00e9thiques ont \u00e9t\u00e9 choisis qui ne contribuent pas \u00e0 la d\u00e9forestation.<\/p>\n<p>Le constituant principal de cette cire est le soja, mais pour obtenir les excellentes caract\u00e9ristiques de performance, elle est m\u00e9lang\u00e9e avec des additifs am\u00e9liorant les performances principalement \u00e0 partir de mati\u00e8res v\u00e9g\u00e9tales mais avec l&rsquo;ajout d&rsquo;acide st\u00e9rique. Si le produit \u00e9tait compos\u00e9 \u00e0 100% de cire de soja, il ne fonctionnerait pas bien pour la fabrication de bougies.<\/p>\n","protected":false},"excerpt":{"rendered":"<p>Fabriqu\u00e9e au Royaume-Uni, cette cire 100 % soja offre une texture lisse qui se refl\u00e8te dans l\u2019apparence du produit fini. Elle convient parfaitement \u00e0 la cr\u00e9ation de bougies en r\u00e9cipient. Le soja utilis\u00e9 dans les cires Kerasoy provient d&rsquo;Am\u00e9rique du Nord et du Br\u00e9sil de sources purement \u00e9thiques et non g\u00e9n\u00e9tiquement modifi\u00e9es. Un audit complet [&hellip;]<\/p>\n","protected":false},"featured_media":8766,"comment_status":"open","ping_status":"closed","template":"","meta":{"_acf_changed":false},"product_brand":[],"product_cat":[135],"product_tag":[],"class_list":{"0":"post-8736","1":"product","2":"type-product","3":"status-publish","4":"has-post-thumbnail","6":"product_cat-cire-de-bougie-cire-de-soja","8":"first","9":"instock","10":"taxable","11":"shipping-taxable","12":"purchasable","13":"product-type-variable"},"acf":[],"_links":{"self":[{"href":"https:\/\/cosyowl.com\/fr\/wp-json\/wp\/v2\/product\/8736","targetHints":{"allow":["GET"]}}],"collection":[{"href":"https:\/\/cosyowl.com\/fr\/wp-json\/wp\/v2\/product"}],"about":[{"href":"https:\/\/cosyowl.com\/fr\/wp-json\/wp\/v2\/types\/product"}],"replies":[{"embeddable":true,"href":"https:\/\/cosyowl.com\/fr\/wp-json\/wp\/v2\/comments?post=8736"}],"wp:featuredmedia":[{"embeddable":true,"href":"https:\/\/cosyowl.com\/fr\/wp-json\/wp\/v2\/media\/8766"}],"wp:attachment":[{"href":"https:\/\/cosyowl.com\/fr\/wp-json\/wp\/v2\/media?parent=8736"}],"wp:term":[{"taxonomy":"product_brand","embeddable":true,"href":"https:\/\/cosyowl.com\/fr\/wp-json\/wp\/v2\/product_brand?post=8736"},{"taxonomy":"product_cat","embeddable":true,"href":"https:\/\/cosyowl.com\/fr\/wp-json\/wp\/v2\/product_cat?post=8736"},{"taxonomy":"product_tag","embeddable":true,"href":"https:\/\/cosyowl.com\/fr\/wp-json\/wp\/v2\/product_tag?post=8736"}],"curies":[{"name":"wp","href":"https:\/\/api.w.org\/{rel}","templated":true}]}}