{"id":8497,"date":"2021-10-01T05:27:00","date_gmt":"2021-10-01T03:27:00","guid":{"rendered":"https:\/\/cosyowl.com\/fr\/product\/non%20class\u00e9\/import-placeholder-for-tcdl-cfra-bowl-nfig-236"},"modified":"2025-12-03T11:51:45","modified_gmt":"2025-12-03T10:51:45","slug":"huile-parfumee-figue","status":"publish","type":"product","link":"https:\/\/cosyowl.com\/fr\/huile-parfumee-figue","title":{"rendered":"Huile parfum\u00e9e Figue"},"content":{"rendered":"<p>Toutes nos huiles parfum\u00e9es sont exclusives \u00e0 Cosy Owl et ont \u00e9t\u00e9 d\u00e9velopp\u00e9es par nos experts pour leurs excellentes capacit\u00e9s de lib\u00e9ration des parfums, puis optimis\u00e9es pour se marier parfaitement avec nos cires. Nos huiles sont 100 % concentr\u00e9es et se conjuguent parfaitement \u00e0 toutes nos cires.<\/p>\n<p><b>Quelle quantit\u00e9 d\u2019huile parfum\u00e9e dois-je utiliser ?<\/b><\/p>\n<p>Toutes nos huiles parfum\u00e9es sont de haute qualit\u00e9 et con\u00e7ues sp\u00e9cifiquement pour leurs excellentes capacit\u00e9s de lib\u00e9ration des parfums, ce qui signifie qu\u2019une petite quantit\u00e9 est g\u00e9n\u00e9ralement suffisante. La formule permettant de calculer la quantit\u00e9 exacte qui vous sera n\u00e9cessaire est relativement complexe. C\u2019est pourquoi nous avons \u00e9labor\u00e9 un guide qui vous donnera des informations plus d\u00e9taill\u00e9es \u00e0 ce sujet et que vous trouverez ici. En r\u00e8gle g\u00e9n\u00e9rale, il est conseill\u00e9 de commencer avec une proportion d\u2019huile parfum\u00e9e comprise entre 5 \u00e0 8 % du volume total, bien que vous puissiez monter jusqu\u2019\u00e0 10 % pour les parfums moins intenses. Il est toujours pr\u00e9f\u00e9rable d\u2019exp\u00e9rimenter avec chaque alliage de cire et d\u2019huile parfum\u00e9e, sans oublier de proc\u00e9der graduellement, en augmentant la quantit\u00e9 petit \u00e0 petit. Si vous suivez le guide et respectez les temp\u00e9ratures de point \u00e9clair, vous pourrez cr\u00e9er des bougies d\u00e9licieusement parfum\u00e9es en un clin d\u2019\u0153il. Il est d\u00e9conseill\u00e9 d\u2019utiliser une proportion d\u2019huile parfum\u00e9e sup\u00e9rieure \u00e0 12 % du volume total, afin d\u2019\u00e9viter que la bougie ne se mette \u00e0 suinter ou que l\u2019huile ne se mette \u00e0 couler le long de la bougie.<\/p>\n<p><strong>Vous utilisez ce parfum dans un diffuseur \u00e0 roseaux\u00a0?<\/strong><\/p>\n<p><em>Cette huile parfum\u00e9e est actuellement en cours de reformulation\u00a0; nous vous tiendrons au courant lorsqu&rsquo;il sera de nouveau pr\u00eat \u00e0 \u00eatre utilis\u00e9 dans les diffuseurs.<\/em><\/p>\n<p><b>Puis-je utiliser cette huile parfum\u00e9e dans un savon ?<\/b><\/p>\n<p>Nos huiles parfum\u00e9es sont sp\u00e9cialement formul\u00e9es pour \u00eatre incorpor\u00e9es \u00e0 des barres de savon. Consultez la fiche de s\u00e9curit\u00e9 pour en savoir plus sur la quantit\u00e9 (%) maximale d\u2019huile \u00e0 utiliser pour chaque parfum utilis\u00e9 dans des applications de fabrication de barres de savon.<\/p>\n<p>Avant d\u2019acheter nos produits, veuillez vous reporter \u00e0 notre Avis d\u2019information sur la norme CLP (classification, \u00e9tiquetage et emballage) concernant l\u2019utilisation d\u2019huiles parfum\u00e9es dans la fabrication de bougies. Ces informations concernent la composition chimique des huiles ainsi que les r\u00e9actions allergiques potentielles.<\/p>\n<p>&nbsp;<\/p>\n<p>Les huiles parfum\u00e9es ont g\u00e9n\u00e9ralement une expiration d&rsquo;un an \u00e0 compter de la date de fabrication. Cependant, de nombreuses huiles parfum\u00e9es peuvent durer des mois, voire des ann\u00e9es apr\u00e8s cette date si elles sont stock\u00e9es correctement. Des tests (nous n&rsquo;offrons pas ce service) peuvent \u00eatre effectu\u00e9s sur les huiles parfum\u00e9es pour d\u00e9terminer leur ad\u00e9quation au-del\u00e0 de leur dur\u00e9e de conservation.<\/p>\n<p>Les documents IFRA en vigueur (IFRA version 48) sont pertinents et applicables pour tous nos parfums jusqu&rsquo;en f\u00e9vrier 2022, date d&rsquo;entr\u00e9e en vigueur des nouvelles classifications pour les produits existants, c&rsquo;est-\u00e0-dire les parfums d\u00e9j\u00e0 sur le march\u00e9. Tous les nouveaux parfums sont d\u00e9j\u00e0 soumis aux classifications IFRA 49. Au cours des prochaines semaines, au fur et \u00e0 mesure que nous recevrons les informations pertinentes, nous mettrons \u00e0 jour et apporterons les modifications n\u00e9cessaires \u00e0 notre site Web.<\/p>\n","protected":false},"excerpt":{"rendered":"<p>Toutes nos huiles parfum\u00e9es sont exclusives \u00e0 Cosy Owl et ont \u00e9t\u00e9 d\u00e9velopp\u00e9es par nos experts pour leurs excellentes capacit\u00e9s de lib\u00e9ration des parfums, puis optimis\u00e9es pour se marier parfaitement avec nos cires. Nos huiles sont 100 % concentr\u00e9es et se conjuguent parfaitement \u00e0 toutes nos cires. Quelle quantit\u00e9 d\u2019huile parfum\u00e9e dois-je utiliser ? Toutes [&hellip;]<\/p>\n","protected":false},"featured_media":8523,"comment_status":"open","ping_status":"closed","template":"","meta":{"_acf_changed":false},"product_brand":[],"product_cat":[116,118,122,120,119,285,525,199,111],"product_tag":[533],"class_list":{"0":"post-8497","1":"product","2":"type-product","3":"status-publish","4":"has-post-thumbnail","6":"product_cat-fabrication-de-savon-huiles-parfumees","7":"product_cat-huile-a-barbe-parfumees","8":"product_cat-huiles-parfumees-base-de-plant","9":"product_cat-huiles-parfumees-fruit","10":"product_cat-fondants-parfumes-huiles-parfumees","11":"product_cat-soin-des-corps-huiles-parfumees","12":"product_cat-parfums-dete","13":"product_cat-soin-des-cheveux-huiles-parfumees","14":"product_cat-huiles-parfumees-tous-les-parfums","15":"product_tag-black-friday","17":"first","18":"instock","19":"taxable","20":"shipping-taxable","21":"purchasable","22":"product-type-variable"},"acf":[],"_links":{"self":[{"href":"https:\/\/cosyowl.com\/fr\/wp-json\/wp\/v2\/product\/8497","targetHints":{"allow":["GET"]}}],"collection":[{"href":"https:\/\/cosyowl.com\/fr\/wp-json\/wp\/v2\/product"}],"about":[{"href":"https:\/\/cosyowl.com\/fr\/wp-json\/wp\/v2\/types\/product"}],"replies":[{"embeddable":true,"href":"https:\/\/cosyowl.com\/fr\/wp-json\/wp\/v2\/comments?post=8497"}],"wp:featuredmedia":[{"embeddable":true,"href":"https:\/\/cosyowl.com\/fr\/wp-json\/wp\/v2\/media\/8523"}],"wp:attachment":[{"href":"https:\/\/cosyowl.com\/fr\/wp-json\/wp\/v2\/media?parent=8497"}],"wp:term":[{"taxonomy":"product_brand","embeddable":true,"href":"https:\/\/cosyowl.com\/fr\/wp-json\/wp\/v2\/product_brand?post=8497"},{"taxonomy":"product_cat","embeddable":true,"href":"https:\/\/cosyowl.com\/fr\/wp-json\/wp\/v2\/product_cat?post=8497"},{"taxonomy":"product_tag","embeddable":true,"href":"https:\/\/cosyowl.com\/fr\/wp-json\/wp\/v2\/product_tag?post=8497"}],"curies":[{"name":"wp","href":"https:\/\/api.w.org\/{rel}","templated":true}]}}