{"id":8323,"date":"2021-07-01T06:24:00","date_gmt":"2021-07-01T04:24:00","guid":{"rendered":"https:\/\/cosyowl.com\/fr\/product\/non%20class\u00e9\/import-placeholder-for-tcdl-cfra-bowl-nadg-213"},"modified":"2025-10-24T12:49:32","modified_gmt":"2025-10-24T10:49:32","slug":"huile-parfumee-acqua-di-gio","status":"publish","type":"product","link":"https:\/\/cosyowl.com\/fr\/fournitures-de-bougies\/huiles-parfumees-pour-bougies\/tous-les-parfums\/huile-parfumee-acqua-di-gio","title":{"rendered":"Huile parfum\u00e9e Acqua di Gio"},"content":{"rendered":"<p>Notre huile parfum\u00e9e de type Acqua di Gio a \u00e9t\u00e9 sp\u00e9cialement formul\u00e9e pour \u00e9voquer le parfum de cet homme sensuel et exquis. Il d\u00e9gage une odeur forte et marqu\u00e9e associ\u00e9e aux agrumes frais, \u00e0 la menthe poivr\u00e9e, aux herbes marines, \u00e0 la bergamote et aux pommes croquantes. Cet ar\u00f4me initial est plus prononc\u00e9 lorsque votre bougie commence \u00e0 br\u00fbler, remplissant votre pi\u00e8ce d&rsquo;un parfum qui est ensuite rehauss\u00e9 de l\u00e9g\u00e8res nuances de cyclamen, de calone, de g\u00e9ranium, de muguet et de melon. La formule de ce parfum distinctif est int\u00e9gr\u00e9e dans un d\u00e9licieux arri\u00e8re-go\u00fbt de sel marin, de notes de mousse, de musc et d&rsquo;ambre croquant.<\/p>\n<p>Toutes nos huiles parfum\u00e9es sont exclusives \u00e0 Cosy Owl et ont \u00e9t\u00e9 d\u00e9velopp\u00e9es par nos experts pour leurs excellentes capacit\u00e9s de lib\u00e9ration de parfum, puis optimis\u00e9es pour s&rsquo;associer parfaitement avec nos cires. Nos huiles sont 100% concentr\u00e9es et se marient parfaitement avec toutes nos cires.<\/p>\n<p>D\u00e9couvrez notre luxueuse s\u00e9lection de dupes de parfums haut de gamme \u2013 cliquez sur le lien pour en savoir plus et trouver votre parfum parfait <a href=\"https:\/\/cosyowl.com\/fr\/guides\/nos-parfums-dupes-des-parfums-luxueux-sans-le-prix-du-luxe\">Nos Dupes de Parfum ur <\/a><\/p>\n<p><strong>Combien d&rsquo;huile de parfum dois-je utiliser\u00a0?<\/strong><\/p>\n<p>Toutes nos huiles parfum\u00e9es sont de haute qualit\u00e9 et con\u00e7ues sp\u00e9cifiquement pour leurs excellentes capacit\u00e9s de lib\u00e9ration de parfum, ce qui signifie qu&rsquo;une petite quantit\u00e9 est g\u00e9n\u00e9ralement suffisante. La formule pour calculer le montant exact dont vous aurez besoin est relativement complexe. C&rsquo;est pourquoi nous vous avons concoct\u00e9 un guide qui vous donnera des informations plus d\u00e9taill\u00e9es \u00e0 ce sujet et que vous trouverez ici. En r\u00e8gle g\u00e9n\u00e9rale, il est conseill\u00e9 de commencer avec une proportion d&rsquo;huile de parfum comprise entre 5 \u00e0 8% du volume total, bien que l&rsquo;on puisse monter jusqu&rsquo;\u00e0 10% pour les parfums moins intenses. Il est toujours pr\u00e9f\u00e9rable d&rsquo;exp\u00e9rimenter chaque combinaison de cire et d&rsquo;huile parfum\u00e9e, en se rappelant de proc\u00e9der progressivement, en augmentant la quantit\u00e9 petit \u00e0 petit. Si vous suivez le guide et respectez les temp\u00e9ratures du point d&rsquo;\u00e9clair, vous pouvez cr\u00e9er des bougies d\u00e9licieusement parfum\u00e9es en un clin d&rsquo;\u0153il. Il est d\u00e9conseill\u00e9 d&rsquo;utiliser une proportion d&rsquo;huile parfum\u00e9e sup\u00e9rieure \u00e0 12% du volume total, afin d&rsquo;\u00e9viter que la bougie ne commence \u00e0 suinter ou que l&rsquo;huile ne commence \u00e0 couler le long de la bougie.&lt;\/ p&gt;<\/p>\n<p><strong>Puis-je utiliser cette huile parfum\u00e9e dans un stick diffuseur\u00a0?<\/strong><\/p>\n<p><em>Cette huile parfum\u00e9e est actuellement en cours de reformulation\u00a0; nous vous tiendrons au courant lorsqu&rsquo;il sera de nouveau pr\u00eat \u00e0 \u00eatre utilis\u00e9 dans les diffuseurs.<\/em><\/p>\n<p><strong>Puis-je utiliser cette huile parfum\u00e9e dans du savon\u00a0?<\/strong><\/p>\n<p>Nos huiles parfum\u00e9es sont sp\u00e9cialement formul\u00e9es pour \u00eatre incorpor\u00e9es dans des pains de savon. Consultez la fiche signal\u00e9tique pour plus d&rsquo;informations sur la quantit\u00e9 maximale (%) d&rsquo;huile \u00e0 utiliser pour chaque parfum utilis\u00e9 dans les applications de fabrication de pain de savon.<\/p>\n<p>Avant d&rsquo;acheter nos produits, veuillez vous r\u00e9f\u00e9rer \u00e0 notre avis d&rsquo;information standard CLP (classification, \u00e9tiquetage et emballage) concernant l&rsquo;utilisation d&rsquo;huiles parfum\u00e9es dans la fabrication de bougies. Ces informations concernent la composition chimique des huiles ainsi que les \u00e9ventuelles r\u00e9actions allergiques.<\/p>\n","protected":false},"excerpt":{"rendered":"<p>Notre huile parfum\u00e9e de type Acqua di Gio a \u00e9t\u00e9 sp\u00e9cialement formul\u00e9e pour \u00e9voquer le parfum de cet homme sensuel et exquis. Il d\u00e9gage une odeur forte et marqu\u00e9e associ\u00e9e aux agrumes frais, \u00e0 la menthe poivr\u00e9e, aux herbes marines, \u00e0 la bergamote et aux pommes croquantes. Cet ar\u00f4me initial est plus prononc\u00e9 lorsque votre [&hellip;]<\/p>\n","protected":false},"featured_media":8340,"comment_status":"open","ping_status":"closed","template":"","meta":{"_acf_changed":false},"product_brand":[],"product_cat":[112,113,116,118,285,199,111],"product_tag":[],"class_list":{"0":"post-8323","1":"product","2":"type-product","3":"status-publish","4":"has-post-thumbnail","6":"product_cat-huiles-parfumees-designer","7":"product_cat-huiles-parfumees-masculins","8":"product_cat-fabrication-de-savon-huiles-parfumees","9":"product_cat-huile-a-barbe-parfumees","10":"product_cat-soin-des-corps-huiles-parfumees","11":"product_cat-soin-des-cheveux-huiles-parfumees","12":"product_cat-huiles-parfumees-tous-les-parfums","14":"first","15":"instock","16":"taxable","17":"shipping-taxable","18":"purchasable","19":"product-type-variable"},"acf":[],"_links":{"self":[{"href":"https:\/\/cosyowl.com\/fr\/wp-json\/wp\/v2\/product\/8323","targetHints":{"allow":["GET"]}}],"collection":[{"href":"https:\/\/cosyowl.com\/fr\/wp-json\/wp\/v2\/product"}],"about":[{"href":"https:\/\/cosyowl.com\/fr\/wp-json\/wp\/v2\/types\/product"}],"replies":[{"embeddable":true,"href":"https:\/\/cosyowl.com\/fr\/wp-json\/wp\/v2\/comments?post=8323"}],"wp:featuredmedia":[{"embeddable":true,"href":"https:\/\/cosyowl.com\/fr\/wp-json\/wp\/v2\/media\/8340"}],"wp:attachment":[{"href":"https:\/\/cosyowl.com\/fr\/wp-json\/wp\/v2\/media?parent=8323"}],"wp:term":[{"taxonomy":"product_brand","embeddable":true,"href":"https:\/\/cosyowl.com\/fr\/wp-json\/wp\/v2\/product_brand?post=8323"},{"taxonomy":"product_cat","embeddable":true,"href":"https:\/\/cosyowl.com\/fr\/wp-json\/wp\/v2\/product_cat?post=8323"},{"taxonomy":"product_tag","embeddable":true,"href":"https:\/\/cosyowl.com\/fr\/wp-json\/wp\/v2\/product_tag?post=8323"}],"curies":[{"name":"wp","href":"https:\/\/api.w.org\/{rel}","templated":true}]}}