{"id":8322,"date":"2020-10-01T05:24:00","date_gmt":"2020-10-01T03:24:00","guid":{"rendered":"https:\/\/cosyowl.com\/fr\/product\/non%20class\u00e9\/import-placeholder-for-tcdl-cwik-bwed-ctl-212"},"modified":"2026-01-22T13:11:01","modified_gmt":"2026-01-22T12:11:01","slug":"meche-pour-bougie-chauffe-plat-40-mm-de-long","status":"publish","type":"product","link":"https:\/\/cosyowl.com\/fr\/mche-lumire-de-th-tl15-40mm-long","title":{"rendered":"M\u00e8che pour bougie chauffe-plat &#8211; 40 mm de long"},"content":{"rendered":"<p>Cosy Owl fournit la m\u00e8che Wedo (incorpor\u00e9e dans les supports) pour la fabrication de bougies chauffe-plat. La s\u00e9rie TL est sp\u00e9cialement con\u00e7ue \u00e0 cet effet. Les m\u00e8ches ont une construction sans noyau avec des fils de stabilit\u00e9 pour fournir le niveau \u00e9lev\u00e9 de r\u00e9sistance structurelle requis \u00e0 la fois pendant la fabrication et la combustion des bougies chauffe-plat. En plus de la technique de tressage, certains des fils de coton fil\u00e9s \u00e0 anneaux de haute qualit\u00e9 les plus fins disponibles sont utilis\u00e9s pour aider nos clients \u00e0 atteindre les niveaux de coh\u00e9rence et de pr\u00e9cision en termes de taux de consommation et de tailles de flamme, etc. exig\u00e9s par le march\u00e9 actuel des bougies chauffe-plat.<\/p>\n<p>Cette m\u00e8che T-Light mesure 40 mm de long et convient aux conteneurs jusqu&rsquo;\u00e0 38 mm de large. Les m\u00e8ches Wedo combinent des mat\u00e9riaux de m\u00e8che de la plus haute qualit\u00e9, une technologie de pointe de tressage et de bobinage ainsi que des traitements chimiques \u00e9prouv\u00e9s, test\u00e9s et approuv\u00e9s pour fournir la combustion la plus propre et la plus s\u00fbre possible dans les mat\u00e9riaux en question. Les mat\u00e9riaux et les processus garantissent \u00e9galement une qualit\u00e9 de produit constante du d\u00e9but \u00e0 la fin et d&rsquo;un lot \u00e0 l&rsquo;autre. La position de la m\u00e8che \u00e0 coupe automatique minimise ou \u00e9limine la formation de d\u00e9p\u00f4ts de carbone et r\u00e9duit consid\u00e9rablement la r\u00e9manence.<\/p>\n<p>En tant que fournisseur accr\u00e9dit\u00e9, Wedo fabrique uniquement des m\u00e8ches qui r\u00e9pondent aux exigences strictes du label de qualit\u00e9 europ\u00e9en RAL GZ 041. Wedo est certifi\u00e9 selon la norme EN ISO 9001:2008.<\/p>\n","protected":false},"excerpt":{"rendered":"<p>Cosy Owl fournit la m\u00e8che Wedo (incorpor\u00e9e dans les supports) pour la fabrication de bougies chauffe-plat. La s\u00e9rie TL est sp\u00e9cialement con\u00e7ue \u00e0 cet effet. Les m\u00e8ches ont une construction sans noyau avec des fils de stabilit\u00e9 pour fournir le niveau \u00e9lev\u00e9 de r\u00e9sistance structurelle requis \u00e0 la fois pendant la fabrication et la combustion [&hellip;]<\/p>\n","protected":false},"featured_media":8331,"comment_status":"open","ping_status":"closed","template":"","meta":{"_acf_changed":false},"product_brand":[],"product_cat":[106],"product_tag":[],"class_list":{"0":"post-8322","1":"product","2":"type-product","3":"status-publish","4":"has-post-thumbnail","6":"product_cat-meches-pour-bougies","8":"first","9":"instock","10":"taxable","11":"shipping-taxable","12":"purchasable","13":"product-type-variable"},"acf":[],"_links":{"self":[{"href":"https:\/\/cosyowl.com\/fr\/wp-json\/wp\/v2\/product\/8322","targetHints":{"allow":["GET"]}}],"collection":[{"href":"https:\/\/cosyowl.com\/fr\/wp-json\/wp\/v2\/product"}],"about":[{"href":"https:\/\/cosyowl.com\/fr\/wp-json\/wp\/v2\/types\/product"}],"replies":[{"embeddable":true,"href":"https:\/\/cosyowl.com\/fr\/wp-json\/wp\/v2\/comments?post=8322"}],"wp:featuredmedia":[{"embeddable":true,"href":"https:\/\/cosyowl.com\/fr\/wp-json\/wp\/v2\/media\/8331"}],"wp:attachment":[{"href":"https:\/\/cosyowl.com\/fr\/wp-json\/wp\/v2\/media?parent=8322"}],"wp:term":[{"taxonomy":"product_brand","embeddable":true,"href":"https:\/\/cosyowl.com\/fr\/wp-json\/wp\/v2\/product_brand?post=8322"},{"taxonomy":"product_cat","embeddable":true,"href":"https:\/\/cosyowl.com\/fr\/wp-json\/wp\/v2\/product_cat?post=8322"},{"taxonomy":"product_tag","embeddable":true,"href":"https:\/\/cosyowl.com\/fr\/wp-json\/wp\/v2\/product_tag?post=8322"}],"curies":[{"name":"wp","href":"https:\/\/api.w.org\/{rel}","templated":true}]}}