{"id":8289,"date":"2021-01-01T05:24:00","date_gmt":"2021-01-01T04:24:00","guid":{"rendered":"https:\/\/cosyowl.com\/fr\/product\/non%20class\u00e9\/import-placeholder-for-tcdl-ccon-bwed-ntlc-ctl1-209"},"modified":"2025-11-11T11:59:54","modified_gmt":"2025-11-11T10:59:54","slug":"godets-bougies-chauffe-plat-en-aluminium-39mm-x-18mm","status":"publish","type":"product","link":"https:\/\/cosyowl.com\/fr\/coupes-en-aluminium-teelicht-39mm-18mm","title":{"rendered":"Godets Bougies Chauffe Plat En Aluminium &#8211; 39mm x 18mm"},"content":{"rendered":"<p>Ces godets bougies chauffe plat en aluminium mesurent 37.5mm de large x 22mm de hauteur et sont principalement utilis\u00e9es avec de la cire de paraffine. Les m\u00e8ches avec gaines sont fournies s\u00e9par\u00e9ment &#8211; voir la liste sous &lsquo;M\u00e8ches de bougies&rsquo; \/ produit: <strong>M\u00e8che Tea Light (TL 15 \/ S.30) &#8211; 40mm de long<\/strong>.<\/p>\n<p>Remarque importante: ne placez pas la bougie Tea Light directement sur une surface combustible, la base du r\u00e9cipient pouvant devenir tr\u00e8s chaude.<\/p>\n","protected":false},"excerpt":{"rendered":"<p>Ces godets bougies chauffe plat en aluminium mesurent 37.5mm de large x 22mm de hauteur et sont principalement utilis\u00e9es avec de la cire de paraffine. Les m\u00e8ches avec gaines sont fournies s\u00e9par\u00e9ment &#8211; voir la liste sous &lsquo;M\u00e8ches de bougies&rsquo; \/ produit: M\u00e8che Tea Light (TL 15 \/ S.30) &#8211; 40mm de long. Remarque importante: [&hellip;]<\/p>\n","protected":false},"featured_media":8314,"comment_status":"open","ping_status":"closed","template":"","meta":{"_acf_changed":false},"product_brand":[],"product_cat":[109,108],"product_tag":[],"class_list":{"0":"post-8289","1":"product","2":"type-product","3":"status-publish","4":"has-post-thumbnail","6":"product_cat-autres-contenants-pour-bougies","7":"product_cat-conteneurs-metalliques","9":"first","10":"instock","11":"taxable","12":"shipping-taxable","13":"purchasable","14":"product-type-variable"},"acf":[],"_links":{"self":[{"href":"https:\/\/cosyowl.com\/fr\/wp-json\/wp\/v2\/product\/8289","targetHints":{"allow":["GET"]}}],"collection":[{"href":"https:\/\/cosyowl.com\/fr\/wp-json\/wp\/v2\/product"}],"about":[{"href":"https:\/\/cosyowl.com\/fr\/wp-json\/wp\/v2\/types\/product"}],"replies":[{"embeddable":true,"href":"https:\/\/cosyowl.com\/fr\/wp-json\/wp\/v2\/comments?post=8289"}],"wp:featuredmedia":[{"embeddable":true,"href":"https:\/\/cosyowl.com\/fr\/wp-json\/wp\/v2\/media\/8314"}],"wp:attachment":[{"href":"https:\/\/cosyowl.com\/fr\/wp-json\/wp\/v2\/media?parent=8289"}],"wp:term":[{"taxonomy":"product_brand","embeddable":true,"href":"https:\/\/cosyowl.com\/fr\/wp-json\/wp\/v2\/product_brand?post=8289"},{"taxonomy":"product_cat","embeddable":true,"href":"https:\/\/cosyowl.com\/fr\/wp-json\/wp\/v2\/product_cat?post=8289"},{"taxonomy":"product_tag","embeddable":true,"href":"https:\/\/cosyowl.com\/fr\/wp-json\/wp\/v2\/product_tag?post=8289"}],"curies":[{"name":"wp","href":"https:\/\/api.w.org\/{rel}","templated":true}]}}