{"id":8287,"date":"2021-10-01T05:24:00","date_gmt":"2021-10-01T04:24:00","guid":{"rendered":"https:\/\/cosyowl.com\/fr\/product\/non%20class\u00e9\/import-placeholder-for-tcdl-cwik-bowl-s5mt-ctcr-207"},"modified":"2026-04-27T12:26:09","modified_gmt":"2026-04-27T10:26:09","slug":"meche-de-bougie-serie-tcr-brut","status":"publish","type":"product","link":"https:\/\/cosyowl.com\/fr\/bougies-meches\/tcr-vierge","title":{"rendered":"M\u00e8che de bougie s\u00e9rie TCR &#8211; Brut"},"content":{"rendered":"<p>Cette m\u00e8che est fournie en longueurs de 5 m\u00e8tres.<\/p>\n<p>Cozy Owl fournit TCR Wick, une m\u00e8che de haute qualit\u00e9 appropri\u00e9e pour les cires v\u00e9g\u00e9tales et de soja, avec ou sans colorant et\/ou parfum. La m\u00e8che est brute, ce qui signifie qu&rsquo;elle n&rsquo;est pas enduite de cire comme avec d&rsquo;autres types de m\u00e8che. La m\u00e8che TCR est une m\u00e8che sans noyau faite de fils de papier structur\u00e9s lui conf\u00e9rant de la rigidit\u00e9 et est auto-coupante, ce qui signifie qu&rsquo;il y a une probabilit\u00e9 r\u00e9duite de prolif\u00e9ration et de production de fum\u00e9e et de suie.<\/p>\n<p>Reportez-vous \u00e0 nos donn\u00e9es techniques pour la taille de m\u00e8che requise. La taille de la m\u00e8che peut \u00eatre s\u00e9lectionn\u00e9e dans la liste d\u00e9roulante ci-dessus.<\/p>\n","protected":false},"excerpt":{"rendered":"<p>Cette m\u00e8che est fournie en longueurs de 5 m\u00e8tres. Cozy Owl fournit TCR Wick, une m\u00e8che de haute qualit\u00e9 appropri\u00e9e pour les cires v\u00e9g\u00e9tales et de soja, avec ou sans colorant et\/ou parfum. La m\u00e8che est brute, ce qui signifie qu&rsquo;elle n&rsquo;est pas enduite de cire comme avec d&rsquo;autres types de m\u00e8che. La m\u00e8che TCR [&hellip;]<\/p>\n","protected":false},"featured_media":8298,"comment_status":"open","ping_status":"closed","template":"","meta":{"_acf_changed":false},"product_brand":[],"product_cat":[106],"product_tag":[],"class_list":{"0":"post-8287","1":"product","2":"type-product","3":"status-publish","4":"has-post-thumbnail","6":"product_cat-meches-pour-bougies","8":"first","9":"instock","10":"taxable","11":"shipping-taxable","12":"purchasable","13":"product-type-variable"},"acf":[],"_links":{"self":[{"href":"https:\/\/cosyowl.com\/fr\/wp-json\/wp\/v2\/product\/8287","targetHints":{"allow":["GET"]}}],"collection":[{"href":"https:\/\/cosyowl.com\/fr\/wp-json\/wp\/v2\/product"}],"about":[{"href":"https:\/\/cosyowl.com\/fr\/wp-json\/wp\/v2\/types\/product"}],"replies":[{"embeddable":true,"href":"https:\/\/cosyowl.com\/fr\/wp-json\/wp\/v2\/comments?post=8287"}],"wp:featuredmedia":[{"embeddable":true,"href":"https:\/\/cosyowl.com\/fr\/wp-json\/wp\/v2\/media\/8298"}],"wp:attachment":[{"href":"https:\/\/cosyowl.com\/fr\/wp-json\/wp\/v2\/media?parent=8287"}],"wp:term":[{"taxonomy":"product_brand","embeddable":true,"href":"https:\/\/cosyowl.com\/fr\/wp-json\/wp\/v2\/product_brand?post=8287"},{"taxonomy":"product_cat","embeddable":true,"href":"https:\/\/cosyowl.com\/fr\/wp-json\/wp\/v2\/product_cat?post=8287"},{"taxonomy":"product_tag","embeddable":true,"href":"https:\/\/cosyowl.com\/fr\/wp-json\/wp\/v2\/product_tag?post=8287"}],"curies":[{"name":"wp","href":"https:\/\/api.w.org\/{rel}","templated":true}]}}