{"id":8255,"date":"2021-10-01T05:23:00","date_gmt":"2021-10-01T04:23:00","guid":{"rendered":"https:\/\/cosyowl.com\/fr\/product\/non%20class\u00e9\/import-placeholder-for-tcdl-cwik-bwed-s5mt-ceco-205"},"modified":"2026-02-26T16:15:10","modified_gmt":"2026-02-26T15:15:10","slug":"wedo-eco-bougie-meche-brut","status":"publish","type":"product","link":"https:\/\/cosyowl.com\/fr\/bougies-mches\/wedo-eco-mche-brut","title":{"rendered":"Wedo ECO Bougie M\u00e8che &#8211; Brut"},"content":{"rendered":"<p>Cette m\u00e8che est fournie en longueurs de 5 m\u00e8tres.<\/p>\n<p>Cosy Owl fournit Wedo Eco Wick, une m\u00e8che de haute qualit\u00e9 adapt\u00e9e aux cires de paraffine, de soja et v\u00e9g\u00e9tales avec ou sans colorant et\/ou parfum. Il convient aux applications de conteneurs et de piliers.<\/p>\n<p>Wedo Eco Wick est un coton fil\u00e9 \u00e0 anneaux plats de haute qualit\u00e9, sans noyau, et incorpore des filaments de papier minces et des fils entrelac\u00e9s offrant une combustion plus stable et coh\u00e9rente. La position de la m\u00e8che auto-coupante minimise ou \u00e9limine la formation de d\u00e9p\u00f4ts de carbone et r\u00e9duit consid\u00e9rablement la r\u00e9manence.<\/p>\n<p>Wedo Wicks combine des mat\u00e9riaux de m\u00e8che de la plus haute qualit\u00e9, une technologie avanc\u00e9e de tressage et d&rsquo;enroulement et des traitements chimiques \u00e9prouv\u00e9s, test\u00e9s et approuv\u00e9s pour fournir la combustion la plus propre et la plus s\u00fbre possible dans les mat\u00e9riaux en question. . Les mat\u00e9riaux et les processus garantissent \u00e9galement une qualit\u00e9 de produit constante du d\u00e9but \u00e0 la fin et de lot en lot. En tant que fournisseur accr\u00e9dit\u00e9, Wedo fabrique uniquement des embouts qui r\u00e9pondent aux exigences strictes du label de qualit\u00e9 europ\u00e9en RAL GZ 041. Wedo est certifi\u00e9 selon la norme EN ISO 9001\u00a0: 2008.<\/p>\n<p>Cliquez sur notre onglet \u00ab\u00a0Diam\u00e8tre de bougie\u00a0\u00bb pour la taille de m\u00e8che requise. La taille de la m\u00e8che peut \u00eatre s\u00e9lectionn\u00e9e dans la liste d\u00e9roulante ci-dessus. Les diam\u00e8tres de bougies indiqu\u00e9s sont des suggestions bas\u00e9es sur des r\u00e9sultats standard. Ils doivent \u00eatre pris comme point de d\u00e9part \u00e0 des fins de test uniquement, car les taux de combustion peuvent tr\u00e8s bien diff\u00e9rer en raison des variations entre les diff\u00e9rents syst\u00e8mes de bougies.<\/p>\n","protected":false},"excerpt":{"rendered":"<p>Cette m\u00e8che est fournie en longueurs de 5 m\u00e8tres. Cosy Owl fournit Wedo Eco Wick, une m\u00e8che de haute qualit\u00e9 adapt\u00e9e aux cires de paraffine, de soja et v\u00e9g\u00e9tales avec ou sans colorant et\/ou parfum. Il convient aux applications de conteneurs et de piliers. Wedo Eco Wick est un coton fil\u00e9 \u00e0 anneaux plats de [&hellip;]<\/p>\n","protected":false},"featured_media":8270,"comment_status":"open","ping_status":"closed","template":"","meta":{"_acf_changed":false},"product_brand":[],"product_cat":[106],"product_tag":[],"class_list":{"0":"post-8255","1":"product","2":"type-product","3":"status-publish","4":"has-post-thumbnail","6":"product_cat-meches-pour-bougies","8":"first","9":"instock","10":"taxable","11":"shipping-taxable","12":"purchasable","13":"product-type-variable"},"acf":[],"_links":{"self":[{"href":"https:\/\/cosyowl.com\/fr\/wp-json\/wp\/v2\/product\/8255","targetHints":{"allow":["GET"]}}],"collection":[{"href":"https:\/\/cosyowl.com\/fr\/wp-json\/wp\/v2\/product"}],"about":[{"href":"https:\/\/cosyowl.com\/fr\/wp-json\/wp\/v2\/types\/product"}],"replies":[{"embeddable":true,"href":"https:\/\/cosyowl.com\/fr\/wp-json\/wp\/v2\/comments?post=8255"}],"wp:featuredmedia":[{"embeddable":true,"href":"https:\/\/cosyowl.com\/fr\/wp-json\/wp\/v2\/media\/8270"}],"wp:attachment":[{"href":"https:\/\/cosyowl.com\/fr\/wp-json\/wp\/v2\/media?parent=8255"}],"wp:term":[{"taxonomy":"product_brand","embeddable":true,"href":"https:\/\/cosyowl.com\/fr\/wp-json\/wp\/v2\/product_brand?post=8255"},{"taxonomy":"product_cat","embeddable":true,"href":"https:\/\/cosyowl.com\/fr\/wp-json\/wp\/v2\/product_cat?post=8255"},{"taxonomy":"product_tag","embeddable":true,"href":"https:\/\/cosyowl.com\/fr\/wp-json\/wp\/v2\/product_tag?post=8255"}],"curies":[{"name":"wp","href":"https:\/\/api.w.org\/{rel}","templated":true}]}}