{"id":8194,"date":"2021-10-01T05:23:00","date_gmt":"2021-10-01T04:23:00","guid":{"rendered":"https:\/\/cosyowl.com\/fr\/product\/non%20class\u00e9\/import-placeholder-for-tcdl-cwik-bowl-ctcr-204"},"modified":"2026-04-02T14:06:48","modified_gmt":"2026-04-02T12:06:48","slug":"meche-de-bougie-serie-tcr-120-mm-de-long","status":"publish","type":"product","link":"https:\/\/cosyowl.com\/fr\/meche-serie-tcr-120mm","title":{"rendered":"M\u00e8che de bougie s\u00e9rie TCR &#8211; 120 mm de long"},"content":{"rendered":"<p>Fournitures de hibou confortable M\u00e8che S\u00e9rie TCR, une m\u00e8che haute qualit\u00e9 appropri\u00e9e pour les cires v\u00e9g\u00e9tales et de soja avec ou sans colorant et \/ ou des parfums. La m\u00e8che est d\u00e9j\u00e0 solidement incorpor\u00e9 dans un sustainer (patte m\u00e9tallique) pr\u00eat pour la placer dans un r\u00e9cipient r\u00e9sistant \u00e0 la chaleur. m\u00e8che TCR a des fils structur\u00e9 de papier qui fournit un haut niveau de rigidit\u00e9 et est auto-ajustement, ce qui signifie qu&rsquo;il ya une diminution de la probabilit\u00e9 de prolif\u00e9ration et la production de fum\u00e9e et de suie. Reportez-vous \u00e0 nos donn\u00e9es techniques<\/p>\n<p>pour la taille de m\u00e8che n\u00e9cessaire. La taille de la m\u00e8che peut \u00eatre s\u00e9lectionn\u00e9e dans le menu d\u00e9roulant ci-dessus. Ces M\u00e8ches s\u00e9rie TCR sont coup\u00e9s \u00e0 120 mm de longueur.<\/p>\n","protected":false},"excerpt":{"rendered":"<p>Fournitures de hibou confortable M\u00e8che S\u00e9rie TCR, une m\u00e8che haute qualit\u00e9 appropri\u00e9e pour les cires v\u00e9g\u00e9tales et de soja avec ou sans colorant et \/ ou des parfums. La m\u00e8che est d\u00e9j\u00e0 solidement incorpor\u00e9 dans un sustainer (patte m\u00e9tallique) pr\u00eat pour la placer dans un r\u00e9cipient r\u00e9sistant \u00e0 la chaleur. m\u00e8che TCR a des fils [&hellip;]<\/p>\n","protected":false},"featured_media":8223,"comment_status":"open","ping_status":"closed","template":"","meta":{"_acf_changed":false},"product_brand":[],"product_cat":[106],"product_tag":[],"class_list":{"0":"post-8194","1":"product","2":"type-product","3":"status-publish","4":"has-post-thumbnail","6":"product_cat-meches-pour-bougies","8":"first","9":"instock","10":"taxable","11":"shipping-taxable","12":"purchasable","13":"product-type-variable"},"acf":[],"_links":{"self":[{"href":"https:\/\/cosyowl.com\/fr\/wp-json\/wp\/v2\/product\/8194","targetHints":{"allow":["GET"]}}],"collection":[{"href":"https:\/\/cosyowl.com\/fr\/wp-json\/wp\/v2\/product"}],"about":[{"href":"https:\/\/cosyowl.com\/fr\/wp-json\/wp\/v2\/types\/product"}],"replies":[{"embeddable":true,"href":"https:\/\/cosyowl.com\/fr\/wp-json\/wp\/v2\/comments?post=8194"}],"wp:featuredmedia":[{"embeddable":true,"href":"https:\/\/cosyowl.com\/fr\/wp-json\/wp\/v2\/media\/8223"}],"wp:attachment":[{"href":"https:\/\/cosyowl.com\/fr\/wp-json\/wp\/v2\/media?parent=8194"}],"wp:term":[{"taxonomy":"product_brand","embeddable":true,"href":"https:\/\/cosyowl.com\/fr\/wp-json\/wp\/v2\/product_brand?post=8194"},{"taxonomy":"product_cat","embeddable":true,"href":"https:\/\/cosyowl.com\/fr\/wp-json\/wp\/v2\/product_cat?post=8194"},{"taxonomy":"product_tag","embeddable":true,"href":"https:\/\/cosyowl.com\/fr\/wp-json\/wp\/v2\/product_tag?post=8194"}],"curies":[{"name":"wp","href":"https:\/\/api.w.org\/{rel}","templated":true}]}}