{"id":8133,"date":"2021-10-01T05:23:00","date_gmt":"2021-10-01T04:23:00","guid":{"rendered":"https:\/\/cosyowl.com\/fr\/product\/non%20class\u00e9\/import-placeholder-for-tcdl-cwik-bwed-ceco-202"},"modified":"2026-04-14T14:50:48","modified_gmt":"2026-04-14T12:50:48","slug":"wedo-eco-bougie-meche-120mm-long","status":"publish","type":"product","link":"https:\/\/cosyowl.com\/fr\/wedo-eco-wick-120mm-de-long","title":{"rendered":"Wedo ECO Bougie M\u00e8che &#8211; 120mm Long"},"content":{"rendered":"<p>Chouette fournit Cozy Wedo Eco Wick, une m\u00e8che haute qualit\u00e9 appropri\u00e9e pour les cires de paraffine, de soja et de l\u00e9gumes avec ou sans colorant et \/ ou des parfums. La m\u00e8che est d\u00e9j\u00e0 solidement incorpor\u00e9 dans un sustainer (patte m\u00e9tallique) pr\u00eat pour la placer dans un r\u00e9cipient r\u00e9sistant \u00e0 la chaleur.<\/p>\n<p>Wedo m\u00e8che Eco est un coton fil\u00e9-haut grade plat, sans noyau et incorpore des filaments minces de papier et les fils entrelac\u00e9s fournissant une combustion plus stable et coh\u00e9rente. La position de la m\u00e8che d&rsquo;auto-ajustement r\u00e9duit ou \u00e9limine la formation de d\u00e9p\u00f4ts de carbone et r\u00e9duit consid\u00e9rablement r\u00e9manence.<\/p>\n<p>M\u00e8ches Wedo les mat\u00e9riaux combinent m\u00e8che de la plus haute qualit\u00e9, l&rsquo;\u00e9tat de l&rsquo;art tressage et de la technologie de mise en attente ainsi que essay\u00e9, test\u00e9 et approuv\u00e9 traitements chimiques pour fournir la plus propre et la plus s\u00fbre possible dans la br\u00fblure mat\u00e9riaux en question. Les mat\u00e9riaux et les processus assurent \u00e9galement coh\u00e9rente la qualit\u00e9 des produits du d\u00e9but \u00e0 la fin et d&rsquo;un lot \u00e0. En tant que fournisseur accr\u00e9dit\u00e9, WEDO ne fabrique que M\u00e8ches qui remplissent la exigences strictes du RAL label de qualit\u00e9 europ\u00e9enne GZ 041. WEDO certifi\u00e9 selon la norme EN ISO 9001: 2008.<\/p>\n<p>Cliquez sur notre \u00ab bougie onglet Diam\u00e8tre \u00bb pour la taille de la m\u00e8che n\u00e9cessaire. La taille de la m\u00e8che peut \u00eatre s\u00e9lectionn\u00e9e dans le menu d\u00e9roulant ci-dessus. Les diam\u00e8tres de bougie indiqu\u00e9s sont des suggestions bas\u00e9es sur les r\u00e9sultats standards. Ils devraient \u00eatre consid\u00e9r\u00e9 comme un point de d\u00e9part \u00e0 des fins de test uniquement, car les taux de br\u00fblure peuvent bien diff\u00e9rer en raison des variations entre les diff\u00e9rents syst\u00e8mes de bougie. . Ces M\u00e8ches de ECO sont coup\u00e9es \u00e0 120 mm de longueur<\/p>\n","protected":false},"excerpt":{"rendered":"<p>Chouette fournit Cozy Wedo Eco Wick, une m\u00e8che haute qualit\u00e9 appropri\u00e9e pour les cires de paraffine, de soja et de l\u00e9gumes avec ou sans colorant et \/ ou des parfums. La m\u00e8che est d\u00e9j\u00e0 solidement incorpor\u00e9 dans un sustainer (patte m\u00e9tallique) pr\u00eat pour la placer dans un r\u00e9cipient r\u00e9sistant \u00e0 la chaleur. Wedo m\u00e8che Eco [&hellip;]<\/p>\n","protected":false},"featured_media":11182,"comment_status":"open","ping_status":"closed","template":"","meta":{"_acf_changed":false},"product_brand":[],"product_cat":[106],"product_tag":[],"class_list":{"0":"post-8133","1":"product","2":"type-product","3":"status-publish","4":"has-post-thumbnail","6":"product_cat-meches-pour-bougies","8":"first","9":"instock","10":"taxable","11":"shipping-taxable","12":"purchasable","13":"product-type-variable"},"acf":[],"_links":{"self":[{"href":"https:\/\/cosyowl.com\/fr\/wp-json\/wp\/v2\/product\/8133","targetHints":{"allow":["GET"]}}],"collection":[{"href":"https:\/\/cosyowl.com\/fr\/wp-json\/wp\/v2\/product"}],"about":[{"href":"https:\/\/cosyowl.com\/fr\/wp-json\/wp\/v2\/types\/product"}],"replies":[{"embeddable":true,"href":"https:\/\/cosyowl.com\/fr\/wp-json\/wp\/v2\/comments?post=8133"}],"wp:featuredmedia":[{"embeddable":true,"href":"https:\/\/cosyowl.com\/fr\/wp-json\/wp\/v2\/media\/11182"}],"wp:attachment":[{"href":"https:\/\/cosyowl.com\/fr\/wp-json\/wp\/v2\/media?parent=8133"}],"wp:term":[{"taxonomy":"product_brand","embeddable":true,"href":"https:\/\/cosyowl.com\/fr\/wp-json\/wp\/v2\/product_brand?post=8133"},{"taxonomy":"product_cat","embeddable":true,"href":"https:\/\/cosyowl.com\/fr\/wp-json\/wp\/v2\/product_cat?post=8133"},{"taxonomy":"product_tag","embeddable":true,"href":"https:\/\/cosyowl.com\/fr\/wp-json\/wp\/v2\/product_tag?post=8133"}],"curies":[{"name":"wp","href":"https:\/\/api.w.org\/{rel}","templated":true}]}}