{"id":8023,"date":"2021-10-01T05:23:00","date_gmt":"2021-10-01T04:23:00","guid":{"rendered":"https:\/\/cosyowl.com\/fr\/product\/non%20class\u00e9\/import-placeholder-for-tcdl-cdye-bbek-lcrm-183"},"modified":"2025-11-24T21:32:27","modified_gmt":"2025-11-24T20:32:27","slug":"teinture-pour-bougie-creme-bekro-227","status":"publish","type":"product","link":"https:\/\/cosyowl.com\/fr\/colorant-crme-bekro-227","title":{"rendered":"Teinture pour bougie cr\u00e8me Bekro 227"},"content":{"rendered":"<p>Respectueux de l\u2019environnement, ces colorants non toxiques et hautement concentr\u00e9s sont faciles \u00e0 travailler et produisent des couleurs vives et \u00e9clatantes. Simple \u00e0 utiliser, il suffit de verser le colorant dans la cire fondue et de le m\u00e9langer jusqu\u2019\u00e0 ce qu\u2019il se dissipe enti\u00e8rement et produise la consistance requise. Le r\u00e9sultat : des bougies aussi richement color\u00e9es que celles disponibles dans le commerce. Gr\u00e2ce \u00e0 ses prix comp\u00e9titifs et \u00e0 son excellent rapport qualit\u00e9-prix, Cosy Owl permet \u00e0 tout un chacun de se lancer dans la fabrication de bougies.<\/p>\n<p>Avec un tel choix de cires et de colorants diff\u00e9rents permettant de cr\u00e9er toute une palette de couleurs, laissez libre cours \u00e0 votre cr\u00e9ativit\u00e9 et n\u2019h\u00e9sitez pas \u00e0 exp\u00e9rimenter pour produire des bougies parfaitement assorties \u00e0 votre int\u00e9rieur (\u00e0 la couleur de vos murs, rideaux, coussins, moquettes ou de votre mobilier).<\/p>\n<p>Un sac de 10 grammes suffit \u00e0 produire jusqu\u2019\u00e0 10 kg de cire color\u00e9e, en fonction de l\u2019intensit\u00e9 de la couleur d\u00e9sir\u00e9e. Veuillez noter que l&rsquo;image repr\u00e9sentant le colorant (affich\u00e9e ci-dessus) ne correspond pas toujours \u00e0 la couleur de la bougie finie. Cliquez sur la photo de la bougie ci-dessus pour vous faire une meilleure id\u00e9e de la couleur du produit fini. Ce produit ne convient pas au gel cristal de bougie.<\/p>\n","protected":false},"excerpt":{"rendered":"<p>Respectueux de l\u2019environnement, ces colorants non toxiques et hautement concentr\u00e9s sont faciles \u00e0 travailler et produisent des couleurs vives et \u00e9clatantes. Simple \u00e0 utiliser, il suffit de verser le colorant dans la cire fondue et de le m\u00e9langer jusqu\u2019\u00e0 ce qu\u2019il se dissipe enti\u00e8rement et produise la consistance requise. Le r\u00e9sultat : des bougies aussi [&hellip;]<\/p>\n","protected":false},"featured_media":8044,"comment_status":"open","ping_status":"closed","template":"","meta":{"_acf_changed":false},"product_brand":[],"product_cat":[103,104],"product_tag":[],"class_list":{"0":"post-8023","1":"product","2":"type-product","3":"status-publish","4":"has-post-thumbnail","6":"product_cat-colorants-pour-bougies","7":"product_cat-fondants-parfumes-colorants","9":"first","10":"instock","11":"taxable","12":"shipping-taxable","13":"purchasable","14":"product-type-variable"},"acf":[],"_links":{"self":[{"href":"https:\/\/cosyowl.com\/fr\/wp-json\/wp\/v2\/product\/8023","targetHints":{"allow":["GET"]}}],"collection":[{"href":"https:\/\/cosyowl.com\/fr\/wp-json\/wp\/v2\/product"}],"about":[{"href":"https:\/\/cosyowl.com\/fr\/wp-json\/wp\/v2\/types\/product"}],"replies":[{"embeddable":true,"href":"https:\/\/cosyowl.com\/fr\/wp-json\/wp\/v2\/comments?post=8023"}],"wp:featuredmedia":[{"embeddable":true,"href":"https:\/\/cosyowl.com\/fr\/wp-json\/wp\/v2\/media\/8044"}],"wp:attachment":[{"href":"https:\/\/cosyowl.com\/fr\/wp-json\/wp\/v2\/media?parent=8023"}],"wp:term":[{"taxonomy":"product_brand","embeddable":true,"href":"https:\/\/cosyowl.com\/fr\/wp-json\/wp\/v2\/product_brand?post=8023"},{"taxonomy":"product_cat","embeddable":true,"href":"https:\/\/cosyowl.com\/fr\/wp-json\/wp\/v2\/product_cat?post=8023"},{"taxonomy":"product_tag","embeddable":true,"href":"https:\/\/cosyowl.com\/fr\/wp-json\/wp\/v2\/product_tag?post=8023"}],"curies":[{"name":"wp","href":"https:\/\/api.w.org\/{rel}","templated":true}]}}