{"id":8021,"date":"2021-10-01T05:23:00","date_gmt":"2021-10-01T03:23:00","guid":{"rendered":"https:\/\/cosyowl.com\/fr\/product\/non%20class\u00e9\/import-placeholder-for-tcdl-cwax-bker-n4600-cppp-181"},"modified":"2026-01-22T13:05:09","modified_gmt":"2026-01-22T12:05:09","slug":"cire-de-paraffine-pour-bougies-pilier-kerawax-4600","status":"publish","type":"product","link":"https:\/\/cosyowl.com\/fr\/cire-de-paraffine-pour-bougies-pilier-kerawax-4600","title":{"rendered":"Cire de paraffine pour bougies pilier KeraWax 4600"},"content":{"rendered":"<p>Respectueuse de l\u2019environnement, cette cire de paraffine permet de cr\u00e9er des bougies pilier et peut \u00eatre moul\u00e9e de sorte \u00e0 produire des bougies de qualit\u00e9 professionnelle. Tout comme notre m\u00e9lange de cires pour bougies en r\u00e9cipient, ses propri\u00e9t\u00e9s hors pair vous permettent de la m\u00e9langer avec des parfums et des colorants de haute qualit\u00e9.<\/p>\n<p>Offrant une finition lisse et brillante, cette cire vous permet \u00e9galement de personnaliser vos bougies, en y incorporant des colorants assortis avec le th\u00e8me de la pi\u00e8ce qu\u2019elles viendront agr\u00e9menter. Vendue sous forme de pastilles, la cire se d\u00e9moule facilement une fois solidifi\u00e9e. Le m\u00e9lange de cires pour bougies pilier r\u00e9tr\u00e9cit l\u00e9g\u00e8rement une fois solidifi\u00e9 et se d\u00e9colle des bords du moule. Nous vous recommandons de laisser la bougie reposer \u00e0 temp\u00e9rature ambiante, pendant 24 \u00e0 48 heures, avant de la retirer du moule.<\/p>\n<p>Bien qu\u2019il existe diff\u00e9rents types de m\u00e8ches, il est pr\u00e9f\u00e9rable d\u2019utiliser les produits de la s\u00e9rie LX pour obtenir une longue dur\u00e9e de combustion, sans fum\u00e9e ni odeur. Cosy Owl se procure cette cire aupr\u00e8s de fabricants britanniques sp\u00e9cialis\u00e9s et r\u00e9put\u00e9s et la met \u00e0 votre disposition dans les quantit\u00e9s suivantes : 800 grammes, 5 kg, 10 kg et 25 kg.<\/p>\n","protected":false},"excerpt":{"rendered":"<p>Respectueuse de l\u2019environnement, cette cire de paraffine permet de cr\u00e9er des bougies pilier et peut \u00eatre moul\u00e9e de sorte \u00e0 produire des bougies de qualit\u00e9 professionnelle. Tout comme notre m\u00e9lange de cires pour bougies en r\u00e9cipient, ses propri\u00e9t\u00e9s hors pair vous permettent de la m\u00e9langer avec des parfums et des colorants de haute qualit\u00e9. Offrant [&hellip;]<\/p>\n","protected":false},"featured_media":8035,"comment_status":"open","ping_status":"closed","template":"","meta":{"_acf_changed":false},"product_brand":[],"product_cat":[99,102],"product_tag":[],"class_list":{"0":"post-8021","1":"product","2":"type-product","3":"status-publish","4":"has-post-thumbnail","6":"product_cat-cire-de-bougie-cire-de-paraffine","7":"product_cat-fondants-parfumes-cires","9":"first","10":"instock","11":"taxable","12":"shipping-taxable","13":"purchasable","14":"product-type-variable"},"acf":[],"_links":{"self":[{"href":"https:\/\/cosyowl.com\/fr\/wp-json\/wp\/v2\/product\/8021","targetHints":{"allow":["GET"]}}],"collection":[{"href":"https:\/\/cosyowl.com\/fr\/wp-json\/wp\/v2\/product"}],"about":[{"href":"https:\/\/cosyowl.com\/fr\/wp-json\/wp\/v2\/types\/product"}],"replies":[{"embeddable":true,"href":"https:\/\/cosyowl.com\/fr\/wp-json\/wp\/v2\/comments?post=8021"}],"wp:featuredmedia":[{"embeddable":true,"href":"https:\/\/cosyowl.com\/fr\/wp-json\/wp\/v2\/media\/8035"}],"wp:attachment":[{"href":"https:\/\/cosyowl.com\/fr\/wp-json\/wp\/v2\/media?parent=8021"}],"wp:term":[{"taxonomy":"product_brand","embeddable":true,"href":"https:\/\/cosyowl.com\/fr\/wp-json\/wp\/v2\/product_brand?post=8021"},{"taxonomy":"product_cat","embeddable":true,"href":"https:\/\/cosyowl.com\/fr\/wp-json\/wp\/v2\/product_cat?post=8021"},{"taxonomy":"product_tag","embeddable":true,"href":"https:\/\/cosyowl.com\/fr\/wp-json\/wp\/v2\/product_tag?post=8021"}],"curies":[{"name":"wp","href":"https:\/\/api.w.org\/{rel}","templated":true}]}}