{"id":8020,"date":"2021-10-01T05:23:00","date_gmt":"2021-10-01T03:23:00","guid":{"rendered":"https:\/\/cosyowl.com\/fr\/product\/non%20class\u00e9\/import-placeholder-for-tcdl-cwax-bker-n4105-cpcp-180"},"modified":"2026-04-15T11:24:45","modified_gmt":"2026-04-15T09:24:45","slug":"cire-de-paraffine-pour-bougies-en-recipient-kerawax-4105","status":"publish","type":"product","link":"https:\/\/cosyowl.com\/fr\/cire-de-paraffine-pour-bougies-en-rcipient-kerawax-4105","title":{"rendered":"Cire de paraffine pour bougies en r\u00e9cipient KeraWax 4105"},"content":{"rendered":"<p>Respectueux de l\u2019environnement, ce m\u00e9lange de cire de paraffine et de cires v\u00e9g\u00e9tales est sp\u00e9cifiquement con\u00e7u pour cr\u00e9er des bougies en r\u00e9cipient de qualit\u00e9 professionnelle, similaires \u00e0 celles que l\u2019on peut acheter dans de nombreux commerces. \u00c0 l\u2019instar de notre cire pour bougies pilier, ses propri\u00e9t\u00e9s hors pair vous permettent de la m\u00e9langer avec des parfums et des colorants de haute qualit\u00e9.<\/p>\n<p>Adapt\u00e9e \u00e0 la cr\u00e9ation de bougies dans toutes sortes de r\u00e9cipients r\u00e9sistants \u00e0 la chaleur, la cire adh\u00e8re parfaitement \u00e0 la paroi dure de ces derniers. Les r\u00e9cipients en verre sont les plus r\u00e9pandus et les plus esth\u00e9tiques. Une fois la bougie enti\u00e8rement br\u00fbl\u00e9e, le r\u00e9cipient peut \u00eatre nettoy\u00e9 et r\u00e9utilis\u00e9 (se reporter au mode d\u2019emploi de fabrication des bougies pour en savoir plus sur le nettoyage du r\u00e9cipient). Il est pr\u00e9f\u00e9rable d\u2019\u00e9viter les r\u00e9cipients en plastique.<\/p>\n<p>Cosy Owl se procure cette cire aupr\u00e8s de fabricants britanniques sp\u00e9cialis\u00e9s et r\u00e9put\u00e9s et la met \u00e0 votre disposition dans les quantit\u00e9s suivantes : 800 grammes, 5 kg, et 25 kg.<\/p>\n","protected":false},"excerpt":{"rendered":"<p>Respectueux de l\u2019environnement, ce m\u00e9lange de cire de paraffine et de cires v\u00e9g\u00e9tales est sp\u00e9cifiquement con\u00e7u pour cr\u00e9er des bougies en r\u00e9cipient de qualit\u00e9 professionnelle, similaires \u00e0 celles que l\u2019on peut acheter dans de nombreux commerces. \u00c0 l\u2019instar de notre cire pour bougies pilier, ses propri\u00e9t\u00e9s hors pair vous permettent de la m\u00e9langer avec des [&hellip;]<\/p>\n","protected":false},"featured_media":11179,"comment_status":"open","ping_status":"closed","template":"","meta":{"_acf_changed":false},"product_brand":[],"product_cat":[99],"product_tag":[],"class_list":{"0":"post-8020","1":"product","2":"type-product","3":"status-publish","4":"has-post-thumbnail","6":"product_cat-cire-de-bougie-cire-de-paraffine","8":"first","9":"outofstock","10":"taxable","11":"shipping-taxable","12":"purchasable","13":"product-type-variable"},"acf":[],"_links":{"self":[{"href":"https:\/\/cosyowl.com\/fr\/wp-json\/wp\/v2\/product\/8020","targetHints":{"allow":["GET"]}}],"collection":[{"href":"https:\/\/cosyowl.com\/fr\/wp-json\/wp\/v2\/product"}],"about":[{"href":"https:\/\/cosyowl.com\/fr\/wp-json\/wp\/v2\/types\/product"}],"replies":[{"embeddable":true,"href":"https:\/\/cosyowl.com\/fr\/wp-json\/wp\/v2\/comments?post=8020"}],"wp:featuredmedia":[{"embeddable":true,"href":"https:\/\/cosyowl.com\/fr\/wp-json\/wp\/v2\/media\/11179"}],"wp:attachment":[{"href":"https:\/\/cosyowl.com\/fr\/wp-json\/wp\/v2\/media?parent=8020"}],"wp:term":[{"taxonomy":"product_brand","embeddable":true,"href":"https:\/\/cosyowl.com\/fr\/wp-json\/wp\/v2\/product_brand?post=8020"},{"taxonomy":"product_cat","embeddable":true,"href":"https:\/\/cosyowl.com\/fr\/wp-json\/wp\/v2\/product_cat?post=8020"},{"taxonomy":"product_tag","embeddable":true,"href":"https:\/\/cosyowl.com\/fr\/wp-json\/wp\/v2\/product_tag?post=8020"}],"curies":[{"name":"wp","href":"https:\/\/api.w.org\/{rel}","templated":true}]}}