{"id":30924,"date":"2025-07-14T16:47:57","date_gmt":"2025-07-14T14:47:57","guid":{"rendered":"https:\/\/cosyowl.com\/fr\/?post_type=product&#038;p=30924"},"modified":"2025-12-16T13:02:06","modified_gmt":"2025-12-16T12:02:06","slug":"bougie-karen-30-cl-en-verre-givre-verre-simple","status":"publish","type":"product","link":"https:\/\/cosyowl.com\/fr\/fournitures-de-bougies\/conteneurs-pour-les-bougies\/recipients-pour-bougie\/bougie-karen-30-cl-en-verre-givre-verre-simple","title":{"rendered":"Bougie Karen 30 cl en verre givr\u00e9 &#8211; Verre simple"},"content":{"rendered":"<p>Ce r\u00e9cipient en verre r\u00e9sistant \u00e0 la chaleur est id\u00e9al pour la fabrication de bougies de grande taille. Utilisez nos huiles parfum\u00e9es pour cr\u00e9er un ar\u00f4me intense et intensifier la sensation.<\/p>\n<p>Dimensions &#8211; Diam\u00e8tre : 81 mm, Hauteur : 93 mm<\/p>\n<p>Le Karen de 30 cl peut contenir environ 240 g de cire*.<\/p>\n<p>Remarque : pr\u00e9chauffer votre r\u00e9cipient en verre \u00e0 environ 45 \u00b0C peut r\u00e9duire le risque de d\u00e9fauts lors de la solidification de votre bougie.<\/p>\n<p><strong>Recommandations pour les m\u00e8ches**<\/strong><\/p>\n<p>Cliquez sur le lien ci-dessous pour d\u00e9couvrir nos recommandations de m\u00e8ches adapt\u00e9es \u00e0 vos besoins de fabrication de bougies.<\/p>\n<p><strong>Recommandations pour les m\u00e8ches Cosy Owl<\/strong><\/p>\n<p>*Veuillez noter que la quantit\u00e9 de cire recommand\u00e9e est donn\u00e9e \u00e0 titre indicatif et est bas\u00e9e sur la capacit\u00e9 maximale du r\u00e9cipient. Il est donc possible d&rsquo;utiliser moins de cire, mais nous vous recommandons de ne pas d\u00e9passer la capacit\u00e9 maximale. Nous vous conseillons d&rsquo;utiliser les quantit\u00e9s de cire indiqu\u00e9es comme point de d\u00e9part et d&rsquo;ajuster ces mesures selon vos pr\u00e9f\u00e9rences.<\/p>\n<p>**Veuillez noter que toutes les recommandations pour les m\u00e8ches sont bas\u00e9es sur une utilisation avec notre cire uniquement. La plus petite taille de m\u00e8che recommand\u00e9e est r\u00e9serv\u00e9e \u00e0 une utilisation avec de la cire uniquement. La plus grande taille est recommand\u00e9e en pr\u00e9sence d&rsquo;huile parfum\u00e9e et\/ou de colorant. Toutes les informations fournies sont donn\u00e9es \u00e0 titre indicatif uniquement pour vous aider \u00e0 trouver un point de d\u00e9part lors de vos essais avec les m\u00e8ches, car les variations de temp\u00e9rature et d&rsquo;huiles parfum\u00e9es influencent le succ\u00e8s de chaque m\u00e8che.<\/p>\n","protected":false},"excerpt":{"rendered":"<p>Ce r\u00e9cipient en verre r\u00e9sistant \u00e0 la chaleur est id\u00e9al pour la fabrication de bougies de grande taille. Utilisez nos huiles parfum\u00e9es pour cr\u00e9er un ar\u00f4me intense et intensifier la sensation. Dimensions &#8211; Diam\u00e8tre : 81 mm, Hauteur : 93 mm Le Karen de 30 cl peut contenir environ 240 g de cire*. Remarque : [&hellip;]<\/p>\n","protected":false},"featured_media":30833,"comment_status":"open","ping_status":"closed","template":"","meta":{"_acf_changed":false},"product_brand":[],"product_cat":[134],"product_tag":[],"class_list":{"0":"post-30924","1":"product","2":"type-product","3":"status-publish","4":"has-post-thumbnail","6":"product_cat-recipients-pour-bougie","8":"first","9":"instock","10":"taxable","11":"shipping-taxable","12":"purchasable","13":"product-type-simple"},"acf":[],"_links":{"self":[{"href":"https:\/\/cosyowl.com\/fr\/wp-json\/wp\/v2\/product\/30924","targetHints":{"allow":["GET"]}}],"collection":[{"href":"https:\/\/cosyowl.com\/fr\/wp-json\/wp\/v2\/product"}],"about":[{"href":"https:\/\/cosyowl.com\/fr\/wp-json\/wp\/v2\/types\/product"}],"replies":[{"embeddable":true,"href":"https:\/\/cosyowl.com\/fr\/wp-json\/wp\/v2\/comments?post=30924"}],"wp:featuredmedia":[{"embeddable":true,"href":"https:\/\/cosyowl.com\/fr\/wp-json\/wp\/v2\/media\/30833"}],"wp:attachment":[{"href":"https:\/\/cosyowl.com\/fr\/wp-json\/wp\/v2\/media?parent=30924"}],"wp:term":[{"taxonomy":"product_brand","embeddable":true,"href":"https:\/\/cosyowl.com\/fr\/wp-json\/wp\/v2\/product_brand?post=30924"},{"taxonomy":"product_cat","embeddable":true,"href":"https:\/\/cosyowl.com\/fr\/wp-json\/wp\/v2\/product_cat?post=30924"},{"taxonomy":"product_tag","embeddable":true,"href":"https:\/\/cosyowl.com\/fr\/wp-json\/wp\/v2\/product_tag?post=30924"}],"curies":[{"name":"wp","href":"https:\/\/api.w.org\/{rel}","templated":true}]}}