{"id":30577,"date":"2024-12-17T13:27:53","date_gmt":"2024-12-17T12:27:53","guid":{"rendered":"https:\/\/cosyowl.com\/fr\/?post_type=product&#038;p=30577"},"modified":"2025-11-12T13:24:44","modified_gmt":"2025-11-12T12:24:44","slug":"boite-a-bougie-ronde-noire-avec-joint-lateral-soude-100-ml","status":"publish","type":"product","link":"https:\/\/cosyowl.com\/fr\/fournitures-de-bougies\/conteneurs-pour-les-bougies\/conteneurs-metalliques\/boite-a-bougie-ronde-noire-avec-joint-lateral-soude-100-ml","title":{"rendered":"Bo\u00eete \u00e0 bougie ronde noire avec joint lat\u00e9ral soud\u00e9 \u2013 250 ml"},"content":{"rendered":"<p>Ces bo\u00eetes sont disponibles en deux tailles, 100 ml et 250 ml, avec un choix de couleurs argent, or rose ou noir. Elles pr\u00e9sentent une couture lat\u00e9rale soud\u00e9e visible de couleur argent. Le couvercle coulissant est dot\u00e9 d&rsquo;une petite marche, ce qui facilite l&#8217;empilage, le stockage ou l&rsquo;affichage.<\/p>\n<p>Nos bo\u00eetes \u00e0 bougies sont propos\u00e9es \u00e0 des prix tr\u00e8s comp\u00e9titifs et peuvent vraiment apporter une touche d&rsquo;\u00e9l\u00e9gance \u00e0 n&rsquo;importe quelle pi\u00e8ce.<\/p>\n<p>Taille et volume\u00a0:<\/p>\n<p>Cette bo\u00eete de 250 ml peut contenir environ 200 g de cire*<br \/>\nTaille\u00a0: 77 mm (diam\u00e8tre) x 65 mm (hauteur)<\/p>\n","protected":false},"excerpt":{"rendered":"<p>Ces bo\u00eetes sont disponibles en deux tailles, 100 ml et 250 ml, avec un choix de couleurs argent, or rose ou noir. Elles pr\u00e9sentent une couture lat\u00e9rale soud\u00e9e visible de couleur argent. Le couvercle coulissant est dot\u00e9 d&rsquo;une petite marche, ce qui facilite l&#8217;empilage, le stockage ou l&rsquo;affichage. Nos bo\u00eetes \u00e0 bougies sont propos\u00e9es \u00e0 [&hellip;]<\/p>\n","protected":false},"featured_media":30581,"comment_status":"open","ping_status":"closed","template":"","meta":{"_acf_changed":false},"product_brand":[],"product_cat":[287,290,108,412],"product_tag":[],"class_list":{"0":"post-30577","1":"product","2":"type-product","3":"status-publish","4":"has-post-thumbnail","6":"product_cat-soin-des-corps-conteneurs","7":"product_cat-soin-des-cheveux-conteneurs","8":"product_cat-conteneurs-metalliques","9":"product_cat-halloween","11":"first","12":"instock","13":"taxable","14":"shipping-taxable","15":"purchasable","16":"product-type-variable"},"acf":[],"_links":{"self":[{"href":"https:\/\/cosyowl.com\/fr\/wp-json\/wp\/v2\/product\/30577","targetHints":{"allow":["GET"]}}],"collection":[{"href":"https:\/\/cosyowl.com\/fr\/wp-json\/wp\/v2\/product"}],"about":[{"href":"https:\/\/cosyowl.com\/fr\/wp-json\/wp\/v2\/types\/product"}],"replies":[{"embeddable":true,"href":"https:\/\/cosyowl.com\/fr\/wp-json\/wp\/v2\/comments?post=30577"}],"wp:featuredmedia":[{"embeddable":true,"href":"https:\/\/cosyowl.com\/fr\/wp-json\/wp\/v2\/media\/30581"}],"wp:attachment":[{"href":"https:\/\/cosyowl.com\/fr\/wp-json\/wp\/v2\/media?parent=30577"}],"wp:term":[{"taxonomy":"product_brand","embeddable":true,"href":"https:\/\/cosyowl.com\/fr\/wp-json\/wp\/v2\/product_brand?post=30577"},{"taxonomy":"product_cat","embeddable":true,"href":"https:\/\/cosyowl.com\/fr\/wp-json\/wp\/v2\/product_cat?post=30577"},{"taxonomy":"product_tag","embeddable":true,"href":"https:\/\/cosyowl.com\/fr\/wp-json\/wp\/v2\/product_tag?post=30577"}],"curies":[{"name":"wp","href":"https:\/\/api.w.org\/{rel}","templated":true}]}}