{"id":25964,"date":"2024-07-19T10:19:48","date_gmt":"2024-07-19T08:19:48","guid":{"rendered":"https:\/\/cosyowl.com\/fr\/?post_type=product&#038;p=25964"},"modified":"2026-04-30T18:15:13","modified_gmt":"2026-04-30T16:15:13","slug":"verre-a-bougie-karen-30cl-ambre-givre-paquet-de-12","status":"publish","type":"product","link":"https:\/\/cosyowl.com\/fr\/fournitures-de-bougies\/conteneurs-pour-les-bougies\/recipients-pour-bougie\/karen-30cl-candle-glass-amber-pack-of-12-copy","title":{"rendered":"Verre \u00e0 Bougie Karen 30cl &#8211; Ambre Givr\u00e9 &#8211; Paquet De 12"},"content":{"rendered":"<p>Il s&rsquo;agit d&rsquo;un r\u00e9cipient en verre solide et r\u00e9sistant \u00e0 la chaleur adapt\u00e9 \u00e0 la fabrication de bougies de grande taille. Utilisez nos huiles parfum\u00e9es pour cr\u00e9er un ar\u00f4me formidable et augmenter la sensation.<\/p>\n<p><strong>Taille &#8211;\u00a0<\/strong>Diam\u00e8tre: 81 mm Hauteur: 93 mm<\/p>\n<p>Le Karen 30Cl tiendra environ. 240g de cire *<\/p>\n<p>Notez que le pr\u00e9chauffage de votre r\u00e9cipient en verre \u00e0 environ 45 \u00b0 C peut aider \u00e0 r\u00e9duire le risque de d\u00e9veloppement de d\u00e9fauts dans votre bougie au fur et \u00e0 mesure qu&rsquo;elle se solidifie.<\/p>\n<p>&nbsp;<\/p>\n<h3>Wick Recommendations **<\/h3>\n<table class=\"notesTableBorder\">\n<tbody>\n<tr>\n<th>Kerasoy Wax (Soy)<\/th>\n<th>Kerawax (Paraffine)<\/th>\n<th>Soja et paraffine<\/th>\n<th>Recommandations de m\u00e8ches multiples<\/th>\n<\/tr>\n<tr>\n<td>ECO 14<\/td>\n<td>LX 20 &lt; \/ td&gt;<\/td>\n<td>TCR 30\/18<\/td>\n<td>2 x LX 10 (cire de paraffine)<\/td>\n<\/tr>\n<tr>\n<td>ECO 16<\/td>\n<td>LX 22<\/td>\n<td>TCR 33\/18<\/td>\n<td>2 x ECO 0.5 ou 2 x TCR 21\/12 (les deux cires)<\/td>\n<\/tr>\n<\/tbody>\n<\/table>\n<p>* Veuillez Notez que la quantit\u00e9 de cire recommand\u00e9e n&rsquo;est qu&rsquo;un guide et est bas\u00e9e sur la capacit\u00e9 maximale pour ce contenant sp\u00e9cifique. Par cons\u00e9quent, il est possible d&rsquo;utiliser moins de cire, mais nous ne recommandons pas de d\u00e9passer la capacit\u00e9 maximale. Nous vous conseillons d&rsquo;utiliser les quantit\u00e9s de cire indiqu\u00e9es comme point de d\u00e9part uniquement et d&rsquo;ajuster ces mesures selon vos pr\u00e9f\u00e9rences.<\/p>\n<p>** Veuillez noter que toutes les recommandations de Wick sont bas\u00e9es sur une utilisation avec notre cire uniquement. La plus petite taille de m\u00e8che recommand\u00e9e est \u00e0 utiliser avec de la cire uniquement. La plus grande taille de m\u00e8che recommand\u00e9e est \u00e0 utiliser lorsque de l&rsquo;huile parfum\u00e9e et \/ ou un colorant sont pr\u00e9sents. Toutes les informations fournies doivent \u00eatre utilis\u00e9es comme guide uniquement pour vous aider \u00e0 trouver un point de d\u00e9part lors de l&rsquo;exp\u00e9rimentation des m\u00e8ches, car la variation des temp\u00e9ratures et des huiles parfum\u00e9es aura un impact sur le succ\u00e8s d&rsquo;une m\u00e8che.<\/p>\n","protected":false},"excerpt":{"rendered":"<p>Il s&rsquo;agit d&rsquo;un r\u00e9cipient en verre solide et r\u00e9sistant \u00e0 la chaleur adapt\u00e9 \u00e0 la fabrication de bougies de grande taille. Utilisez nos huiles parfum\u00e9es pour cr\u00e9er un ar\u00f4me formidable et augmenter la sensation. Taille &#8211;\u00a0Diam\u00e8tre: 81 mm Hauteur: 93 mm Le Karen 30Cl tiendra environ. 240g de cire * Notez que le pr\u00e9chauffage de [&hellip;]<\/p>\n","protected":false},"featured_media":30835,"comment_status":"open","ping_status":"closed","template":"","meta":{"_acf_changed":false},"product_brand":[],"product_cat":[412,134],"product_tag":[],"class_list":{"0":"post-25964","1":"product","2":"type-product","3":"status-publish","4":"has-post-thumbnail","6":"product_cat-halloween","7":"product_cat-recipients-pour-bougie","9":"first","10":"instock","11":"taxable","12":"shipping-taxable","13":"purchasable","14":"product-type-simple"},"acf":[],"_links":{"self":[{"href":"https:\/\/cosyowl.com\/fr\/wp-json\/wp\/v2\/product\/25964","targetHints":{"allow":["GET"]}}],"collection":[{"href":"https:\/\/cosyowl.com\/fr\/wp-json\/wp\/v2\/product"}],"about":[{"href":"https:\/\/cosyowl.com\/fr\/wp-json\/wp\/v2\/types\/product"}],"replies":[{"embeddable":true,"href":"https:\/\/cosyowl.com\/fr\/wp-json\/wp\/v2\/comments?post=25964"}],"wp:featuredmedia":[{"embeddable":true,"href":"https:\/\/cosyowl.com\/fr\/wp-json\/wp\/v2\/media\/30835"}],"wp:attachment":[{"href":"https:\/\/cosyowl.com\/fr\/wp-json\/wp\/v2\/media?parent=25964"}],"wp:term":[{"taxonomy":"product_brand","embeddable":true,"href":"https:\/\/cosyowl.com\/fr\/wp-json\/wp\/v2\/product_brand?post=25964"},{"taxonomy":"product_cat","embeddable":true,"href":"https:\/\/cosyowl.com\/fr\/wp-json\/wp\/v2\/product_cat?post=25964"},{"taxonomy":"product_tag","embeddable":true,"href":"https:\/\/cosyowl.com\/fr\/wp-json\/wp\/v2\/product_tag?post=25964"}],"curies":[{"name":"wp","href":"https:\/\/api.w.org\/{rel}","templated":true}]}}