{"id":25830,"date":"2024-05-31T09:51:23","date_gmt":"2024-05-31T07:51:23","guid":{"rendered":"https:\/\/cosyowl.com\/fr\/?post_type=product&#038;p=25830"},"modified":"2025-09-29T17:24:44","modified_gmt":"2025-09-29T15:24:44","slug":"kit-de-fabrication-de-cire-de-noix-de-coco-et-de-citron-vert","status":"publish","type":"product","link":"https:\/\/cosyowl.com\/fr\/kits-creatifs\/kits-de-fabrication-de-fondants-parfumes\/kit-de-fabrication-de-cire-de-noix-de-coco-et-de-citron-vert","title":{"rendered":"Kit de fabrication de cire de noix de coco et de citron vert"},"content":{"rendered":"<p><strong>Kit de fabrication de cire de noix de coco et de citron vert<\/strong><\/p>\n<p>Nos kits Wax Melt sont l\u2019achat parfait pour tous ceux qui cherchent \u00e0 faire preuve de cr\u00e9ativit\u00e9 et \u00e0 commencer \u00e0 cr\u00e9er leurs propres Wax Melts. Avec ce kit, vous avez tout ce dont vous avez besoin pour r\u00e9aliser une vari\u00e9t\u00e9 de cires fondantes de diff\u00e9rentes formes.<\/p>\n<p><strong>Inclus dans votre kit :<\/strong><\/p>\n<p>Huile parfum\u00e9e noix de coco et citron vert \u2013 50 ml<br \/>\n25g \u2013 Poudre de mica satin\u00e9 argent\u00e9<br \/>\n3g &#8211; Teinture vert clair Bekro<br \/>\n350g &#8211; Cire Pilier<br \/>\n1x coquille de palourde, 1x coquille de palourde coeur, 1x coquille de palourde \u00e9toile, 1x pot de charcuterie.<br \/>\n1 guide \u00e9tape par \u00e9tape<\/p>\n<p>Notre huile parfum\u00e9e \u00e0 la noix de coco et au citron vert a \u00e9t\u00e9 sp\u00e9cialement formul\u00e9e pour \u00e9voquer le parfum familier associ\u00e9 \u00e0 cette grande graine brune ovale d&rsquo;un palmier tropical combin\u00e9 \u00e0 la saveur l\u00e9g\u00e8rement citronn\u00e9e du citron vert. L&rsquo;huile et le lait de noix de coco ainsi que le zeste de citron vert sont m\u00e9lang\u00e9s synth\u00e9tiquement dans notre huile parfum\u00e9e et celle-ci d\u00e9gage imm\u00e9diatement une odeur forte et pro\u00e9minente associ\u00e9e au citron vert, au palmier citronn\u00e9, au freesia et \u00e0 la bergamote blanche. Cet ar\u00f4me initial est le plus prononc\u00e9 lorsque votre bougie commence \u00e0 br\u00fbler, remplissant votre pi\u00e8ce d&rsquo;un parfum qui est ensuite rehauss\u00e9 par de l\u00e9g\u00e8res nuances d&rsquo;eau de coco, de canne \u00e0 sucre et de fruit du dragon. La formulation de ce parfum distinctif contient un d\u00e9licieux arri\u00e8re-go\u00fbt d&rsquo;huile de v\u00e9tiver et de vanille bourbon.<\/p>\n<p>Nous sommes fiers de fournir des ingr\u00e9dients de la plus haute qualit\u00e9 disponibles sur le march\u00e9 pour pr\u00e9parer des cires fondantes parfaites \u00e0 la maison. Nos kits sont parfaits pour ceux qui d\u00e9butent et ceux qui ma\u00eetrisent d\u00e9j\u00e0 la comp\u00e9tence, alors prenez votre tablier et commen\u00e7ons \u00e0 fabriquer.<\/p>\n","protected":false},"excerpt":{"rendered":"<p>Kit de fabrication de cire de noix de coco et de citron vert Nos kits Wax Melt sont l\u2019achat parfait pour tous ceux qui cherchent \u00e0 faire preuve de cr\u00e9ativit\u00e9 et \u00e0 commencer \u00e0 cr\u00e9er leurs propres Wax Melts. Avec ce kit, vous avez tout ce dont vous avez besoin pour r\u00e9aliser une vari\u00e9t\u00e9 de [&hellip;]<\/p>\n","protected":false},"featured_media":25805,"comment_status":"open","ping_status":"closed","template":"","meta":{"_acf_changed":false},"product_brand":[],"product_cat":[275,342,414],"product_tag":[],"class_list":{"0":"post-25830","1":"product","2":"type-product","3":"status-publish","4":"has-post-thumbnail","6":"product_cat-kits-de-fabrication-de-fondants-parfumes","7":"product_cat-kits-de-fabrication-de-fondants-parfumes-fondants-parfumes","8":"product_cat-nouveau","10":"first","11":"instock","12":"taxable","13":"shipping-taxable","14":"purchasable","15":"product-type-simple"},"acf":[],"_links":{"self":[{"href":"https:\/\/cosyowl.com\/fr\/wp-json\/wp\/v2\/product\/25830","targetHints":{"allow":["GET"]}}],"collection":[{"href":"https:\/\/cosyowl.com\/fr\/wp-json\/wp\/v2\/product"}],"about":[{"href":"https:\/\/cosyowl.com\/fr\/wp-json\/wp\/v2\/types\/product"}],"replies":[{"embeddable":true,"href":"https:\/\/cosyowl.com\/fr\/wp-json\/wp\/v2\/comments?post=25830"}],"wp:featuredmedia":[{"embeddable":true,"href":"https:\/\/cosyowl.com\/fr\/wp-json\/wp\/v2\/media\/25805"}],"wp:attachment":[{"href":"https:\/\/cosyowl.com\/fr\/wp-json\/wp\/v2\/media?parent=25830"}],"wp:term":[{"taxonomy":"product_brand","embeddable":true,"href":"https:\/\/cosyowl.com\/fr\/wp-json\/wp\/v2\/product_brand?post=25830"},{"taxonomy":"product_cat","embeddable":true,"href":"https:\/\/cosyowl.com\/fr\/wp-json\/wp\/v2\/product_cat?post=25830"},{"taxonomy":"product_tag","embeddable":true,"href":"https:\/\/cosyowl.com\/fr\/wp-json\/wp\/v2\/product_tag?post=25830"}],"curies":[{"name":"wp","href":"https:\/\/api.w.org\/{rel}","templated":true}]}}