{"id":25829,"date":"2024-05-31T09:49:30","date_gmt":"2024-05-31T07:49:30","guid":{"rendered":"https:\/\/cosyowl.com\/fr\/?post_type=product&#038;p=25829"},"modified":"2025-09-29T17:24:44","modified_gmt":"2025-09-29T15:24:44","slug":"kit-de-fabrication-de-cire-de-lavande","status":"publish","type":"product","link":"https:\/\/cosyowl.com\/fr\/kits-creatifs\/kits-de-fabrication-de-fondants-parfumes\/kit-de-fabrication-de-cire-de-lavande","title":{"rendered":"Kit de fabrication de cire de lavande"},"content":{"rendered":"<p><strong>Kit de fabrication de cire de lavande<\/strong><\/p>\n<p>Nos kits Wax Melt sont l\u2019achat parfait pour tous ceux qui cherchent \u00e0 faire preuve de cr\u00e9ativit\u00e9 et \u00e0 commencer \u00e0 cr\u00e9er leurs propres Wax Melts. Avec ce kit, vous avez tout ce dont vous avez besoin pour r\u00e9aliser une vari\u00e9t\u00e9 de cires fondantes de diff\u00e9rentes formes.<\/p>\n<p><strong>Inclus dans votre kit :<\/strong><\/p>\n<p>Huile parfum\u00e9e Lavande \u2013 50 ml<br \/>\n25g \u2013 Poudre de Mica Violet Magique<br \/>\n3g &#8211; Teinture Bekro Lilas<br \/>\n350g &#8211; Cire Pilier<br \/>\n1x coquille de palourde, 1x coquille de palourde coeur, 1x coquille de palourde \u00e9toile, 1x pot de charcuterie.<br \/>\n1 guide \u00e9tape par \u00e9tape<\/p>\n<p>Un accord de lavande simple mais fort est rehauss\u00e9 par des notes de t\u00eate fra\u00eeches de feuilles d&rsquo;eucalyptus fra\u00eeches et de moelle douce de bergamote. Des notes chaudes de lavande, de patchouli et de tonka douce sont au c\u0153ur tandis que la base est riche et constante avec de la mousse douce et des muscs bois\u00e9s.<\/p>\n<p>Nous sommes fiers de fournir des ingr\u00e9dients de la plus haute qualit\u00e9 disponibles sur le march\u00e9 pour pr\u00e9parer des cires fondantes parfaites \u00e0 la maison. Nos kits sont parfaits pour ceux qui d\u00e9butent et ceux qui ma\u00eetrisent d\u00e9j\u00e0 la comp\u00e9tence, alors prenez votre tablier et commen\u00e7ons \u00e0 fabriquer.<\/p>\n","protected":false},"excerpt":{"rendered":"<p>Kit de fabrication de cire de lavande Nos kits Wax Melt sont l\u2019achat parfait pour tous ceux qui cherchent \u00e0 faire preuve de cr\u00e9ativit\u00e9 et \u00e0 commencer \u00e0 cr\u00e9er leurs propres Wax Melts. Avec ce kit, vous avez tout ce dont vous avez besoin pour r\u00e9aliser une vari\u00e9t\u00e9 de cires fondantes de diff\u00e9rentes formes. Inclus [&hellip;]<\/p>\n","protected":false},"featured_media":25817,"comment_status":"open","ping_status":"closed","template":"","meta":{"_acf_changed":false},"product_brand":[],"product_cat":[275,342,414],"product_tag":[],"class_list":{"0":"post-25829","1":"product","2":"type-product","3":"status-publish","4":"has-post-thumbnail","6":"product_cat-kits-de-fabrication-de-fondants-parfumes","7":"product_cat-kits-de-fabrication-de-fondants-parfumes-fondants-parfumes","8":"product_cat-nouveau","10":"first","11":"instock","12":"taxable","13":"shipping-taxable","14":"purchasable","15":"product-type-simple"},"acf":[],"_links":{"self":[{"href":"https:\/\/cosyowl.com\/fr\/wp-json\/wp\/v2\/product\/25829","targetHints":{"allow":["GET"]}}],"collection":[{"href":"https:\/\/cosyowl.com\/fr\/wp-json\/wp\/v2\/product"}],"about":[{"href":"https:\/\/cosyowl.com\/fr\/wp-json\/wp\/v2\/types\/product"}],"replies":[{"embeddable":true,"href":"https:\/\/cosyowl.com\/fr\/wp-json\/wp\/v2\/comments?post=25829"}],"wp:featuredmedia":[{"embeddable":true,"href":"https:\/\/cosyowl.com\/fr\/wp-json\/wp\/v2\/media\/25817"}],"wp:attachment":[{"href":"https:\/\/cosyowl.com\/fr\/wp-json\/wp\/v2\/media?parent=25829"}],"wp:term":[{"taxonomy":"product_brand","embeddable":true,"href":"https:\/\/cosyowl.com\/fr\/wp-json\/wp\/v2\/product_brand?post=25829"},{"taxonomy":"product_cat","embeddable":true,"href":"https:\/\/cosyowl.com\/fr\/wp-json\/wp\/v2\/product_cat?post=25829"},{"taxonomy":"product_tag","embeddable":true,"href":"https:\/\/cosyowl.com\/fr\/wp-json\/wp\/v2\/product_tag?post=25829"}],"curies":[{"name":"wp","href":"https:\/\/api.w.org\/{rel}","templated":true}]}}