{"id":25797,"date":"2024-05-31T09:32:10","date_gmt":"2024-05-31T07:32:10","guid":{"rendered":"https:\/\/cosyowl.com\/fr\/?post_type=product&#038;p=25797"},"modified":"2026-04-28T18:22:33","modified_gmt":"2026-04-28T16:22:33","slug":"kit-de-fabrication-de-diffuseur-bleu-lenora","status":"publish","type":"product","link":"https:\/\/cosyowl.com\/fr\/kits-creatifs\/kits-de-fabrication-de-diffuseurs-a-roseaux\/kit-de-fabrication-de-diffuseur-bleu-lenora","title":{"rendered":"Kit de fabrication de diffuseur bleu Lenora"},"content":{"rendered":"<p><strong>Kit de fabrication de diffuseur bleu Lenora<\/strong><\/p>\n<p>Nos kits de diffuseurs sont l&rsquo;achat parfait pour tous ceux qui cherchent \u00e0 faire preuve de cr\u00e9ativit\u00e9 et \u00e0 commencer \u00e0 fabriquer leurs propres diffuseurs \u00e0 la maison. Avec ce kit, vous avez tout ce dont vous avez besoin pour fabriquer deux diffuseurs.<\/p>\n<p><strong>Inclus dans votre kit\u00a0:<\/strong><\/p>\n<ul>\n<li>100 ml &#8211; Huile parfum\u00e9e Lenora Blue<\/li>\n<li>500g &#8211; Huile de base pour diffuseur<\/li>\n<li>100\u00a0ml\u00a0&#8211;\u00a0Conteneur de cube diffuseur en verre<\/li>\n<li>2x flacons diffuseurs en verre Karen de 100 ml<\/li>\n<li>1x capuchon de diffuseur en m\u00e9tal dor\u00e9<\/li>\n<li>2x capuchon de diffuseur en m\u00e9tal argent\u00e9<\/li>\n<li>20 roseaux diffuseurs noirs<\/li>\n<li>10 roseaux diffuseurs blancs<\/li>\n<li>1\u00a0guide \u00e9tape par \u00e9tape<\/li>\n<\/ul>\n<p>Offrez-vous l&rsquo;exp\u00e9rience luxueuse de Lenora Blue, o\u00f9 chaque bouff\u00e9e \u00e9voque des souvenirs de draps fra\u00eechement lav\u00e9s et l&rsquo;\u00e9treinte r\u00e9confortante de la maison. Notre huile parfum\u00e9e Lenora Blue s\u2019inspire du parfum bien-aim\u00e9 de l\u2019assouplissant. Captivant les sens avec un ar\u00f4me floral ald\u00e9hydique frais, Lenora Blue s&rsquo;ouvre sur un d\u00e9licieux \u00e9clat d&rsquo;\u0153illet, au c\u0153ur de ce parfum enchanteur combine un m\u00e9lange harmonieux de notes florales \u00e9pic\u00e9es, de rose, de jasmin, de lys et marines qui reposent sur un musc et base de bois de santal pour cr\u00e9er un parfum rappelant le linge fra\u00eechement lav\u00e9.<\/p>\n<p>Nous sommes fiers de fournir les ingr\u00e9dients de la plus haute qualit\u00e9 disponibles sur le march\u00e9 pour fabriquer les diffuseurs parfaits \u00e0 la maison. Nos kits sont parfaits pour ceux qui d\u00e9butent et ceux qui ma\u00eetrisent d\u00e9j\u00e0 les comp\u00e9tences, alors prenez votre tablier et laissez-vous tenter par l&rsquo;artisanat.<\/p>\n","protected":false},"excerpt":{"rendered":"<p>Kit de fabrication de diffuseur bleu Lenora Nos kits de diffuseurs sont l&rsquo;achat parfait pour tous ceux qui cherchent \u00e0 faire preuve de cr\u00e9ativit\u00e9 et \u00e0 commencer \u00e0 fabriquer leurs propres diffuseurs \u00e0 la maison. Avec ce kit, vous avez tout ce dont vous avez besoin pour fabriquer deux diffuseurs. Inclus dans votre kit\u00a0: 100 [&hellip;]<\/p>\n","protected":false},"featured_media":25796,"comment_status":"open","ping_status":"closed","template":"","meta":{"_acf_changed":false},"product_brand":[],"product_cat":[341,274,414],"product_tag":[],"class_list":{"0":"post-25797","1":"product","2":"type-product","3":"status-publish","4":"has-post-thumbnail","6":"product_cat-kits-de-fabrication-de-diffuseurs-diffuseurs-batonnets","7":"product_cat-kits-de-fabrication-de-diffuseurs","8":"product_cat-nouveau","10":"first","11":"instock","12":"taxable","13":"shipping-taxable","14":"purchasable","15":"product-type-simple"},"acf":[],"_links":{"self":[{"href":"https:\/\/cosyowl.com\/fr\/wp-json\/wp\/v2\/product\/25797","targetHints":{"allow":["GET"]}}],"collection":[{"href":"https:\/\/cosyowl.com\/fr\/wp-json\/wp\/v2\/product"}],"about":[{"href":"https:\/\/cosyowl.com\/fr\/wp-json\/wp\/v2\/types\/product"}],"replies":[{"embeddable":true,"href":"https:\/\/cosyowl.com\/fr\/wp-json\/wp\/v2\/comments?post=25797"}],"wp:featuredmedia":[{"embeddable":true,"href":"https:\/\/cosyowl.com\/fr\/wp-json\/wp\/v2\/media\/25796"}],"wp:attachment":[{"href":"https:\/\/cosyowl.com\/fr\/wp-json\/wp\/v2\/media?parent=25797"}],"wp:term":[{"taxonomy":"product_brand","embeddable":true,"href":"https:\/\/cosyowl.com\/fr\/wp-json\/wp\/v2\/product_brand?post=25797"},{"taxonomy":"product_cat","embeddable":true,"href":"https:\/\/cosyowl.com\/fr\/wp-json\/wp\/v2\/product_cat?post=25797"},{"taxonomy":"product_tag","embeddable":true,"href":"https:\/\/cosyowl.com\/fr\/wp-json\/wp\/v2\/product_tag?post=25797"}],"curies":[{"name":"wp","href":"https:\/\/api.w.org\/{rel}","templated":true}]}}