{"id":25792,"date":"2024-05-31T09:27:45","date_gmt":"2024-05-31T07:27:45","guid":{"rendered":"https:\/\/cosyowl.com\/fr\/?post_type=product&#038;p=25792"},"modified":"2026-04-10T13:15:01","modified_gmt":"2026-04-10T11:15:01","slug":"kit-de-fabrication-de-diffuseur-ocean","status":"publish","type":"product","link":"https:\/\/cosyowl.com\/fr\/kits-creatifs\/kits-de-fabrication-de-diffuseurs-a-roseaux\/kit-de-fabrication-de-diffuseur-ocean","title":{"rendered":"Kit de fabrication de diffuseur oc\u00e9an"},"content":{"rendered":"<p><strong>Kit de fabrication de diffuseur oc\u00e9an<\/strong><\/p>\n<p>Nos kits de diffuseurs sont l&rsquo;achat parfait pour tous ceux qui cherchent \u00e0 faire preuve de cr\u00e9ativit\u00e9 et \u00e0 commencer \u00e0 fabriquer leurs propres diffuseurs \u00e0 la maison. Avec ce kit, vous avez tout ce dont vous avez besoin pour fabriquer deux diffuseurs.<\/p>\n<p><strong>Inclus dans votre kit\u00a0:<\/strong><\/p>\n<ul>\n<li>100ml &#8211; Huile Parfum\u00e9e Oc\u00e9an<\/li>\n<li>500g &#8211; Huile de base pour diffuseur<\/li>\n<li>100\u00a0ml\u00a0&#8211;\u00a0Conteneur de cube diffuseur en verre<\/li>\n<li>2x flacons diffuseurs en verre Karen de 100 ml<\/li>\n<li>1x capuchon de diffuseur en m\u00e9tal dor\u00e9<\/li>\n<li>2x capuchon de diffuseur en m\u00e9tal argent\u00e9<\/li>\n<li>20 roseaux diffuseurs noirs<\/li>\n<li>10 roseaux diffuseurs blancs<\/li>\n<li>1\u00a0guide \u00e9tape par \u00e9tape<\/li>\n<\/ul>\n<p>Notre huile parfum\u00e9e oc\u00e9an a \u00e9t\u00e9 sp\u00e9cialement formul\u00e9e pour \u00e9voquer l&rsquo;ar\u00f4me familier des odeurs fra\u00eeches du bord de mer \u00e0 travers des notes marines et d&rsquo;ozone intenses, avec de l\u00e9g\u00e8res nuances florales et exsudant de la bergamote et du zeste d&rsquo;orange. Cet ar\u00f4me initial est le plus prononc\u00e9 lorsque votre bougie commence \u00e0 br\u00fbler, remplissant votre pi\u00e8ce d&rsquo;un parfum qui est ensuite rehauss\u00e9 par de l\u00e9g\u00e8res nuances de\u00a0calone, n\u00e9nuphar. La formulation de ce parfum distinctif contient un d\u00e9licieux arri\u00e8re-go\u00fbt de bois exotiques.<\/p>\n<p>Nous sommes fiers de fournir les ingr\u00e9dients de la plus haute qualit\u00e9 disponibles sur le march\u00e9 pour fabriquer les diffuseurs parfaits \u00e0 la maison. Nos kits sont parfaits pour ceux qui d\u00e9butent et ceux qui ma\u00eetrisent d\u00e9j\u00e0 les comp\u00e9tences, alors prenez votre tablier et laissez-vous tenter par l&rsquo;artisanat.<\/p>\n","protected":false},"excerpt":{"rendered":"<p>Kit de fabrication de diffuseur oc\u00e9an Nos kits de diffuseurs sont l&rsquo;achat parfait pour tous ceux qui cherchent \u00e0 faire preuve de cr\u00e9ativit\u00e9 et \u00e0 commencer \u00e0 fabriquer leurs propres diffuseurs \u00e0 la maison. Avec ce kit, vous avez tout ce dont vous avez besoin pour fabriquer deux diffuseurs. Inclus dans votre kit\u00a0: 100ml &#8211; [&hellip;]<\/p>\n","protected":false},"featured_media":25796,"comment_status":"open","ping_status":"closed","template":"","meta":{"_acf_changed":false},"product_brand":[],"product_cat":[341,274,414],"product_tag":[],"class_list":{"0":"post-25792","1":"product","2":"type-product","3":"status-publish","4":"has-post-thumbnail","6":"product_cat-kits-de-fabrication-de-diffuseurs-diffuseurs-batonnets","7":"product_cat-kits-de-fabrication-de-diffuseurs","8":"product_cat-nouveau","10":"first","11":"outofstock","12":"taxable","13":"shipping-taxable","14":"purchasable","15":"product-type-simple"},"acf":[],"_links":{"self":[{"href":"https:\/\/cosyowl.com\/fr\/wp-json\/wp\/v2\/product\/25792","targetHints":{"allow":["GET"]}}],"collection":[{"href":"https:\/\/cosyowl.com\/fr\/wp-json\/wp\/v2\/product"}],"about":[{"href":"https:\/\/cosyowl.com\/fr\/wp-json\/wp\/v2\/types\/product"}],"replies":[{"embeddable":true,"href":"https:\/\/cosyowl.com\/fr\/wp-json\/wp\/v2\/comments?post=25792"}],"wp:featuredmedia":[{"embeddable":true,"href":"https:\/\/cosyowl.com\/fr\/wp-json\/wp\/v2\/media\/25796"}],"wp:attachment":[{"href":"https:\/\/cosyowl.com\/fr\/wp-json\/wp\/v2\/media?parent=25792"}],"wp:term":[{"taxonomy":"product_brand","embeddable":true,"href":"https:\/\/cosyowl.com\/fr\/wp-json\/wp\/v2\/product_brand?post=25792"},{"taxonomy":"product_cat","embeddable":true,"href":"https:\/\/cosyowl.com\/fr\/wp-json\/wp\/v2\/product_cat?post=25792"},{"taxonomy":"product_tag","embeddable":true,"href":"https:\/\/cosyowl.com\/fr\/wp-json\/wp\/v2\/product_tag?post=25792"}],"curies":[{"name":"wp","href":"https:\/\/api.w.org\/{rel}","templated":true}]}}