{"id":25193,"date":"2024-03-01T13:28:30","date_gmt":"2024-03-01T12:28:30","guid":{"rendered":"https:\/\/cosyowl.com\/fr\/?post_type=product&#038;p=25193"},"modified":"2025-12-03T11:52:13","modified_gmt":"2025-12-03T10:52:13","slug":"huile-parfumee-aux-canneberges-givrees","status":"publish","type":"product","link":"https:\/\/cosyowl.com\/fr\/fournitures-de-bougies\/parfumees-pour-bougies\/tous-les-parfums\/huile-parfumee-aux-canneberges-givrees","title":{"rendered":"Huile parfum\u00e9e aux canneberges givr\u00e9es"},"content":{"rendered":"<p>Fabriqu\u00e9e avec des ingr\u00e9dients naturels et des huiles essentielles*.<\/p>\n<p>Notre huile parfum\u00e9e Canneberges givr\u00e9es est un m\u00e9lange rose p\u00e9tillant de bulles effervescentes, de <strong>pomelo juteux<\/strong> frais et d&rsquo;un soup\u00e7on de <strong>canneberge<\/strong>. Reposant sur une base d\u00e9licieuse de <strong>caramel, vanille et iris<\/strong>, ce parfum est \u00e0 la fois revigorant et r\u00e9confortant.<\/p>\n<p><strong>Quelle quantit\u00e9 de parfum dois-je ajouter\u00a0?<\/strong><\/p>\n<p>Tous nos parfums sont de haute qualit\u00e9 et sp\u00e9cialement con\u00e7us pour une excellente diffusion du parfum, ce qui signifie que de mani\u00e8re g\u00e9n\u00e9rale, moins c&rsquo;est plus. La quantit\u00e9 \u00e0 ajouter est l\u00e9g\u00e8rement complexe et nous avons d\u00e9velopp\u00e9 un guide pour vous donner plus de d\u00e9tails ici. En g\u00e9n\u00e9ral, commencer avec 5 \u00e0 8 % est une bonne id\u00e9e et jusqu&rsquo;\u00e0 10 % pour les parfums moins forts devraient vous donner plus qu&rsquo;assez de parfum. Il est toujours pr\u00e9f\u00e9rable d\u2019exp\u00e9rimenter chaque combinaison de parfum et de cire, de commencer doucement et de progresser. Tant que vous suivez le guide et respectez le point d&rsquo;\u00e9clair, vous obtiendrez des bougies magnifiquement parfum\u00e9es avec un peu de pratique. De mani\u00e8re g\u00e9n\u00e9rale, vous ne devriez jamais mettre plus de 12\u00a0% de parfum, car la bougie commencerait litt\u00e9ralement \u00e0 transpirer ou \u00e0 lessiver le parfum.<\/p>\n<p>Toutes les huiles parfum\u00e9es ont ce que l&rsquo;on appelle un point d&rsquo;\u00e9clair\u00a0: la temp\u00e9rature \u00e0 laquelle l&rsquo;huile commencera \u00e0 br\u00fble et le parfum est lib\u00e9r\u00e9.<\/p>\n<p>Le <strong>point d&rsquo;\u00e9clair des canneberges givr\u00e9es est de 71\u00b0C<\/strong>, pour plus d&rsquo;informations sur les points d&rsquo;\u00e9clair, suivez ce lien <a href=\"https:\/\/www.cosyowl. com\/guides\/how-to-use-fragrance-oils\/\">https:\/\/www.cosyowl.com\/guides\/how-to-use-fragrance-oils\/<\/a><\/p>\n<p>Veuillez \u00e9galement vous r\u00e9f\u00e9rer \u00e0 notre Avis d&rsquo;information CLP sur l&rsquo;utilisation des huiles parfum\u00e9es dans les bougies avant l&rsquo;achat. Ces informations concernent la composition chimique de l&rsquo;huile ainsi que des mises en garde concernant d&rsquo;\u00e9ventuelles r\u00e9actions allergiques.<\/p>\n<p><strong>Sans cruaut\u00e9<\/strong><\/p>\n<p>L&rsquo;approvisionnement \u00e9thique des produits est de la plus haute importance pour nous et nous sommes tr\u00e8s fier de dire que toutes les huiles parfum\u00e9es fournies par Cozy Owl et leurs mati\u00e8res premi\u00e8res sont sans cruaut\u00e9 envers les animaux et qu&rsquo;aucun test sur les animaux ou les humains n&rsquo;a lieu. Nous comprenons cependant qu&rsquo;il puisse y avoir une certaine confusion car les fiches de donn\u00e9es de s\u00e9curit\u00e9 (FDS) contiennent des valeurs de toxicit\u00e9 pour le rat et le lapin. Cette section particuli\u00e8re fait r\u00e9f\u00e9rence \u00e0 la DL50 (toxicit\u00e9) d&rsquo;ingr\u00e9dients particuliers qui sont requis pour d&rsquo;autres industries (comme pour une utilisation dans l&rsquo;alimentation) et il est obligatoire de les inclure l\u00e0 o\u00f9 ils existent. Toutes les donn\u00e9es de tests sur les animaux sont bas\u00e9es sur des tests qui n&rsquo;ont pas \u00e9t\u00e9 effectu\u00e9s ou sanctionn\u00e9s par nous ou nos fournisseurs. Dans certains cas, ces tests ont \u00e9t\u00e9 mandat\u00e9s par une agence gouvernementale ou effectu\u00e9s il y a des d\u00e9cennies et aucun test n&rsquo;a \u00e9t\u00e9 cat\u00e9goriquement effectu\u00e9 pour l&rsquo;utilisation de ces ingr\u00e9dients dans les produits. nous fournissons.<\/p>\n<p><strong>Nous conseillons \u00e0 tous les clients de tester les parfums avec nos flacons testeurs de 10\u00a0ml avant de commander des tailles ou des quantit\u00e9s plus grandes, dans le cas peu probable o\u00f9 vous seriez insatisfait d&rsquo;une huile parfum\u00e9e. Veuillez consulter notre <a href=\"https:\/\/cosyowl.com\/shippinginfo\" target=\"_blank\" rel=\"noopener\">Livraison et exp\u00e9dition. Page de retour<\/a> pour conna\u00eetre l&rsquo;int\u00e9gralit\u00e9 des conditions g\u00e9n\u00e9rales.<\/strong><\/p>\n<p>*Ce parfum contient des \u00e9l\u00e9ments naturels (huiles essentielles, extraits, r\u00e9sines, isolats) mais n&rsquo;est pas enti\u00e8rement naturel. Nos huiles parfum\u00e9es ont \u00e9t\u00e9 con\u00e7ues pour \u00eatre aussi simples, propres et naturelles que possible tout en offrant le meilleur parfum et la meilleure gamme de notes parfum\u00e9es. Les compos\u00e9s qui ne proviennent pas directement de la nature sont soit chimiquement identiques aux compos\u00e9s naturels, soit cr\u00e9\u00e9s artificiellement, soit l\u00e9g\u00e8rement modifi\u00e9s, g\u00e9n\u00e9ralement pour donner un parfum l\u00e9g\u00e8rement plus fort. Parfois, des parfums introuvables dans la nature sont utilis\u00e9s pour donner le parfum distinctif requis pour certains parfums de type plus artificiels. C&rsquo;est la m\u00eame chose que toutes les huiles parfum\u00e9es sur le march\u00e9 aujourd&rsquo;hui.<\/p>\n<p>Les huiles parfum\u00e9es ont g\u00e9n\u00e9ralement un d\u00e9lai de p\u00e9remption d&rsquo;un an \u00e0 compter de la date de fabrication. Cependant, de nombreuses huiles parfum\u00e9es peuvent durer des mois, voire des ann\u00e9es, apr\u00e8s cette date si elles sont conserv\u00e9es correctement. Des tests (nous n&rsquo;offrons pas ce service) peuvent \u00eatre effectu\u00e9s sur les huiles parfum\u00e9es pour d\u00e9terminer leur ad\u00e9quation au-del\u00e0 de leur dur\u00e9e de conservation.<\/p>\n","protected":false},"excerpt":{"rendered":"<p>Fabriqu\u00e9e avec des ingr\u00e9dients naturels et des huiles essentielles*. Notre huile parfum\u00e9e Canneberges givr\u00e9es est un m\u00e9lange rose p\u00e9tillant de bulles effervescentes, de pomelo juteux frais et d&rsquo;un soup\u00e7on de canneberge. Reposant sur une base d\u00e9licieuse de caramel, vanille et iris, ce parfum est \u00e0 la fois revigorant et r\u00e9confortant. Quelle quantit\u00e9 de parfum dois-je [&hellip;]<\/p>\n","protected":false},"featured_media":25121,"comment_status":"open","ping_status":"closed","template":"","meta":{"_acf_changed":false},"product_brand":[],"product_cat":[105,116,118,119,285,414,138,121,199,111],"product_tag":[533],"class_list":{"0":"post-25193","1":"product","2":"type-product","3":"status-publish","4":"has-post-thumbnail","6":"product_cat-noel","7":"product_cat-fabrication-de-savon-huiles-parfumees","8":"product_cat-huile-a-barbe-parfumees","9":"product_cat-fondants-parfumes-huiles-parfumees","10":"product_cat-soin-des-corps-huiles-parfumees","11":"product_cat-nouveau","12":"product_cat-huiles-parfumees-nouveau","13":"product_cat-huiles-parfumees-noel","14":"product_cat-soin-des-cheveux-huiles-parfumees","15":"product_cat-huiles-parfumees-tous-les-parfums","16":"product_tag-black-friday","18":"first","19":"instock","20":"taxable","21":"shipping-taxable","22":"purchasable","23":"product-type-variable"},"acf":[],"_links":{"self":[{"href":"https:\/\/cosyowl.com\/fr\/wp-json\/wp\/v2\/product\/25193","targetHints":{"allow":["GET"]}}],"collection":[{"href":"https:\/\/cosyowl.com\/fr\/wp-json\/wp\/v2\/product"}],"about":[{"href":"https:\/\/cosyowl.com\/fr\/wp-json\/wp\/v2\/types\/product"}],"replies":[{"embeddable":true,"href":"https:\/\/cosyowl.com\/fr\/wp-json\/wp\/v2\/comments?post=25193"}],"wp:featuredmedia":[{"embeddable":true,"href":"https:\/\/cosyowl.com\/fr\/wp-json\/wp\/v2\/media\/25121"}],"wp:attachment":[{"href":"https:\/\/cosyowl.com\/fr\/wp-json\/wp\/v2\/media?parent=25193"}],"wp:term":[{"taxonomy":"product_brand","embeddable":true,"href":"https:\/\/cosyowl.com\/fr\/wp-json\/wp\/v2\/product_brand?post=25193"},{"taxonomy":"product_cat","embeddable":true,"href":"https:\/\/cosyowl.com\/fr\/wp-json\/wp\/v2\/product_cat?post=25193"},{"taxonomy":"product_tag","embeddable":true,"href":"https:\/\/cosyowl.com\/fr\/wp-json\/wp\/v2\/product_tag?post=25193"}],"curies":[{"name":"wp","href":"https:\/\/api.w.org\/{rel}","templated":true}]}}