{"id":25186,"date":"2024-03-01T13:02:45","date_gmt":"2024-03-01T12:02:45","guid":{"rendered":"https:\/\/cosyowl.com\/fr\/?post_type=product&#038;p=25186"},"modified":"2025-12-18T13:53:54","modified_gmt":"2025-12-18T12:53:54","slug":"huile-parfumee-pour-sapin-de-noel","status":"publish","type":"product","link":"https:\/\/cosyowl.com\/fr\/fournitures-de-bougies\/parfumees-pour-bougies\/tous-les-parfums\/huile-parfumee-pour-sapin-de-noel","title":{"rendered":"Huile parfum\u00e9e pour sapin de No\u00ebl"},"content":{"rendered":"<p>Fabriqu\u00e9 avec des ingr\u00e9dients naturels et des huiles essentielles*.<\/p>\n<p>Infusez votre maison de l&rsquo;essence de No\u00ebl avec notre huile parfum\u00e9e pour sapin de No\u00ebl. Ce parfum chaud et \u00e9pic\u00e9 capture la magie de la saison des f\u00eates, avec des notes de t\u00eate d&rsquo;aiguilles de pin suivies d&rsquo;un m\u00e9lange harmonieux de clou de girofle, de cannelle et de piment. Ancr\u00e9 dans le sapin baumier et les bois fum\u00e9s, ce parfum cr\u00e9e une atmosph\u00e8re chaleureuse rappelant les for\u00eats enneig\u00e9es et les traditions festives.<\/p>\n<p>Quelle quantit\u00e9 d\u2019huile parfum\u00e9e dois-je utiliser ?<\/p>\n<p>Toutes nos huiles parfum\u00e9es sont de haute qualit\u00e9 et con\u00e7ues sp\u00e9cifiquement pour leurs excellentes capacit\u00e9s de diffusion des parfums, ce qui signifie qu&rsquo;une petite quantit\u00e9 suffit g\u00e9n\u00e9ralement. La formule permettant de calculer le montant exact dont vous aurez besoin est assez complexe. C&rsquo;est pourquoi nous avons \u00e9labor\u00e9 un guide qui vous donnera des informations plus d\u00e9taill\u00e9es \u00e0 ce sujet et que vous retrouverez ici. En r\u00e8gle g\u00e9n\u00e9rale, il est conseill\u00e9 de commencer avec une proportion d&rsquo;huile parfum\u00e9e comprise entre 5 et 8 % du volume total, m\u00eame si vous pouvez monter jusqu&rsquo;\u00e0 10 % pour des senteurs moins intenses. Il est toujours pr\u00e9f\u00e9rable d&rsquo;exp\u00e9rimenter chaque combinaison de cire et d&rsquo;huile parfum\u00e9e, en n&rsquo;oubliant pas de proc\u00e9der progressivement, en augmentant la quantit\u00e9 petit \u00e0 petit. Si vous suivez le guide et respectez les temp\u00e9ratures de point \u00e9clair, vous pourrez cr\u00e9er des bougies d\u00e9licieusement parfum\u00e9es en un clin d\u2019\u0153il. Il est d\u00e9conseill\u00e9 d&rsquo;utiliser une proportion d&rsquo;huile parfum\u00e9e sup\u00e9rieure \u00e0 12 % du volume total, pour \u00e9viter que la bougie ne commence \u00e0 suinter ou que l&rsquo;huile ne coule sur toute la longueur de la bougie.<\/p>\n<p>Puis-je utiliser cette huile parfum\u00e9e dans du savon ?<\/p>\n<p>Nos huiles parfum\u00e9es sont sp\u00e9cialement formul\u00e9es pour \u00eatre incorpor\u00e9es dans des pains de savon. Reportez-vous \u00e0 la fiche de donn\u00e9es de s\u00e9curit\u00e9 pour conna\u00eetre la quantit\u00e9 maximale (%) d&rsquo;huile \u00e0 utiliser pour chaque parfum utilis\u00e9 dans les applications de fabrication de pain de savon.<\/p>\n<p>Avant d&rsquo;acheter nos produits, veuillez vous r\u00e9f\u00e9rer \u00e0 notre brochure d&rsquo;information CLP (Classification, \u00c9tiquetage et Emballage) concernant l&rsquo;utilisation des huiles parfum\u00e9es dans la fabrication de bougies. Ces informations concernent la composition chimique des huiles ainsi que les \u00e9ventuelles r\u00e9actions allergiques.<\/p>\n<p>Les huiles parfum\u00e9es ont g\u00e9n\u00e9ralement une date de p\u00e9remption d\u2019un an \u00e0 compter de la date de fabrication. Cependant, de nombreuses huiles parfum\u00e9es peuvent durer des mois, voire des ann\u00e9es, au-del\u00e0 de cette date si elles sont conserv\u00e9es correctement. Des tests (nous n&rsquo;offrons pas ce service) peuvent \u00eatre effectu\u00e9s sur les huiles parfum\u00e9es pour d\u00e9terminer leur ad\u00e9quation au-del\u00e0 de leur dur\u00e9e de conservation.<\/p>\n<p>Les documents IFRA actuels (IFRA version 48) sont pertinents et applicables pour tous nos parfums jusqu&rsquo;en f\u00e9vrier 2022, date \u00e0 laquelle les nouvelles classifications entreront en vigueur pour les produits existants, c&rsquo;est-\u00e0-dire les parfums d\u00e9j\u00e0 commercialis\u00e9s. Tous les nouveaux parfums sont d\u00e9j\u00e0 soumis aux classifications IFRA 49. Au cours des prochaines semaines, \u00e0 mesure que nous recevrons des informations pertinentes, nous mettrons \u00e0 jour et apporterons les modifications n\u00e9cessaires \u00e0 notre site Web.<\/p>\n<p>Nous allons d\u00e9sormais stocker les parfums Craftovator, \u00e9tendant ainsi notre assistance aux anciens clients Craftovator. Pr\u00e9sentation de l&rsquo;huile parfum\u00e9e Lenora Blue de la collection Craftovator.<\/p>\n<p>Quelle quantit\u00e9 d\u2019huile parfum\u00e9e dois-je utiliser ?<\/p>\n<p>Toutes nos huiles parfum\u00e9es sont de haute qualit\u00e9 et con\u00e7ues sp\u00e9cifiquement pour leurs excellentes capacit\u00e9s de diffusion de parfum, ce qui signifie qu&rsquo;une petite quantit\u00e9 suffit g\u00e9n\u00e9ralement. La formule permettant de calculer la quantit\u00e9 exacte dont vous aurez besoin est relativement complexe. C&rsquo;est pourquoi nous avons \u00e9labor\u00e9 un guide qui vous donnera des informations plus d\u00e9taill\u00e9es \u00e0 ce sujet et que vous retrouverez ici. En r\u00e8gle g\u00e9n\u00e9rale, il est conseill\u00e9 de commencer avec une proportion d&rsquo;huile parfum\u00e9e comprise entre 5 et 8 % du volume total, m\u00eame si vous pouvez aller jusqu&rsquo;\u00e0 10 % pour des senteurs moins intenses. Il est toujours pr\u00e9f\u00e9rable d&rsquo;exp\u00e9rimenter chaque combinaison de cire et d&rsquo;huile parfum\u00e9e, en pensant \u00e0 proc\u00e9der progressivement, en augmentant la quantit\u00e9 petit \u00e0 petit. Si vous suivez le guide et respectez les temp\u00e9ratures de point \u00e9clair, vous pourrez cr\u00e9er des bougies d\u00e9licieusement parfum\u00e9es en un clin d\u2019\u0153il. Il est d\u00e9conseill\u00e9 d&rsquo;utiliser une proportion d&rsquo;huile parfum\u00e9e sup\u00e9rieure \u00e0 12 % du volume total, afin d&rsquo;\u00e9viter que la bougie ne commence \u00e0 suinter ou que l&rsquo;huile ne commence \u00e0 couler sur toute la longueur de la bougie.<\/p>\n<p>Puis-je utiliser cette huile parfum\u00e9e dans du savon ?<\/p>\n<p>Nos huiles parfum\u00e9es sont sp\u00e9cialement formul\u00e9es pour \u00eatre incorpor\u00e9es dans des pains de savon. Reportez-vous \u00e0 la fiche de donn\u00e9es de s\u00e9curit\u00e9 pour conna\u00eetre la quantit\u00e9 maximale (%) d&rsquo;huile \u00e0 utiliser pour chaque parfum utilis\u00e9 dans les applications de fabrication de pains de savon.<\/p>\n<p>Avant d&rsquo;acheter nos produits, veuillez vous r\u00e9f\u00e9rer \u00e0 notre notice d&rsquo;information CLP (Classification, \u00c9tiquetage et Emballage) concernant l&rsquo;utilisation d&rsquo;huiles parfum\u00e9es dans la fabrication de bougies. Ces informations concernent la composition chimique des huiles ainsi que les \u00e9ventuelles r\u00e9actions allergiques.<\/p>\n<p>Les huiles parfum\u00e9es ont g\u00e9n\u00e9ralement une date d\u2019expiration d\u2019un an \u00e0 compter de la date de fabrication. Cependant, de nombreuses huiles parfum\u00e9es peuvent durer des mois, voire des ann\u00e9es, au-del\u00e0 de cette date si elles sont conserv\u00e9es correctement. Des tests (nous n&rsquo;offrons pas ce service) peuvent \u00eatre effectu\u00e9s sur les huiles parfum\u00e9es pour d\u00e9terminer leur ad\u00e9quation au-del\u00e0 de leur dur\u00e9e de conservation.<\/p>\n<p>Les documents IFRA actuels (IFRA version 48) sont pertinents et applicables pour tous nos parfums jusqu&rsquo;en f\u00e9vrier 2022, date \u00e0 laquelle les nouvelles classifications entreront en vigueur pour les produits existants, c&rsquo;est-\u00e0-dire les parfums d\u00e9j\u00e0 commercialis\u00e9s. Tous les nouveaux parfums sont d\u00e9j\u00e0 soumis aux classifications IFRA 49. Au cours des prochaines semaines, \u00e0 mesure que nous recevrons des informations pertinentes, nous mettrons \u00e0 jour et apporterons les modifications n\u00e9cessaires \u00e0 notre site Web.<\/p>\n","protected":false},"excerpt":{"rendered":"<p>Fabriqu\u00e9 avec des ingr\u00e9dients naturels et des huiles essentielles*. Infusez votre maison de l&rsquo;essence de No\u00ebl avec notre huile parfum\u00e9e pour sapin de No\u00ebl. Ce parfum chaud et \u00e9pic\u00e9 capture la magie de la saison des f\u00eates, avec des notes de t\u00eate d&rsquo;aiguilles de pin suivies d&rsquo;un m\u00e9lange harmonieux de clou de girofle, de cannelle [&hellip;]<\/p>\n","protected":false},"featured_media":25118,"comment_status":"open","ping_status":"closed","template":"","meta":{"_acf_changed":false},"product_brand":[],"product_cat":[105,116,118,119,285,414,138,121,199,111],"product_tag":[533],"class_list":{"0":"post-25186","1":"product","2":"type-product","3":"status-publish","4":"has-post-thumbnail","6":"product_cat-noel","7":"product_cat-fabrication-de-savon-huiles-parfumees","8":"product_cat-huile-a-barbe-parfumees","9":"product_cat-fondants-parfumes-huiles-parfumees","10":"product_cat-soin-des-corps-huiles-parfumees","11":"product_cat-nouveau","12":"product_cat-huiles-parfumees-nouveau","13":"product_cat-huiles-parfumees-noel","14":"product_cat-soin-des-cheveux-huiles-parfumees","15":"product_cat-huiles-parfumees-tous-les-parfums","16":"product_tag-black-friday","18":"first","19":"instock","20":"taxable","21":"shipping-taxable","22":"purchasable","23":"product-type-variable"},"acf":[],"_links":{"self":[{"href":"https:\/\/cosyowl.com\/fr\/wp-json\/wp\/v2\/product\/25186","targetHints":{"allow":["GET"]}}],"collection":[{"href":"https:\/\/cosyowl.com\/fr\/wp-json\/wp\/v2\/product"}],"about":[{"href":"https:\/\/cosyowl.com\/fr\/wp-json\/wp\/v2\/types\/product"}],"replies":[{"embeddable":true,"href":"https:\/\/cosyowl.com\/fr\/wp-json\/wp\/v2\/comments?post=25186"}],"wp:featuredmedia":[{"embeddable":true,"href":"https:\/\/cosyowl.com\/fr\/wp-json\/wp\/v2\/media\/25118"}],"wp:attachment":[{"href":"https:\/\/cosyowl.com\/fr\/wp-json\/wp\/v2\/media?parent=25186"}],"wp:term":[{"taxonomy":"product_brand","embeddable":true,"href":"https:\/\/cosyowl.com\/fr\/wp-json\/wp\/v2\/product_brand?post=25186"},{"taxonomy":"product_cat","embeddable":true,"href":"https:\/\/cosyowl.com\/fr\/wp-json\/wp\/v2\/product_cat?post=25186"},{"taxonomy":"product_tag","embeddable":true,"href":"https:\/\/cosyowl.com\/fr\/wp-json\/wp\/v2\/product_tag?post=25186"}],"curies":[{"name":"wp","href":"https:\/\/api.w.org\/{rel}","templated":true}]}}