{"id":20449,"date":"2022-05-27T12:10:20","date_gmt":"2022-05-27T10:10:20","guid":{"rendered":"https:\/\/cosyowl.com\/fr\/?post_type=product&#038;p=20449"},"modified":"2025-09-29T17:24:11","modified_gmt":"2025-09-29T15:24:11","slug":"lot-de-grosses-paillettes","status":"publish","type":"product","link":"https:\/\/cosyowl.com\/fr\/bundles\/paquets-de-paillettes\/lot-de-grosses-paillettes","title":{"rendered":"Lot de grosses paillettes"},"content":{"rendered":"<div id=\"tabcontentcontainer\">\n<div id=\"sc1\" class=\"tabcontent\">\n<div id=\"productDescription_1\" class=\"productGeneral plus gros texte\">\n<h2><strong>Ensemble de grosses paillettes<\/strong><\/h2>\n<p>Nos paillettes \u00e9paisses sont un excellent moyen d&rsquo;ajouter quelque chose de plus \u00e0 votre cire. Ces paillettes sont tr\u00e8s accrocheuses lorsqu&rsquo;elles sont suspendues dans de la cire.<\/p>\n<p>Ce lot comprend\u00a0:<\/p>\n<p>25g de\u00a0<a href=\"https:\/\/www.cosyowl.com\/fr\/bougeoir-fournitures\/paillettes\/coeur-bougie-paillettes\">Coeur d&rsquo;or<\/a><\/p>\n<p>25 g de\u00a0<a href=\"https:\/\/www.cosyowl.com\/fr\/fournitures-de-bougies\/paillettes\/paillettes-cercle-blanc-bleu\">Paillettes de cercle bleu et blanc<\/a><\/p>\n<p>25g de\u00a0<a href=\"https:\/\/www.cosyowl.com\/fr\/fournitures-de-bougies\/paillettes\/cercle-violet-or-bleu\">Paillettes dor\u00e9es violettes et Glue Circle<\/a><\/p>\n<p>&nbsp;<\/p>\n<p>Ces paillettes peuvent \u00eatre utilis\u00e9es dans les savons, les vernis \u00e0 ongles, les travaux manuels, les peintures et rev\u00eatements et les arts graphiques.<\/p>\n<p>Veuillez noter &#8211; Ce produit est mieux utilis\u00e9 dans les cires fondues, s&rsquo;il est utilis\u00e9 dans des bougies, il peut obstruer la m\u00e8che\u00a0!<\/p>\n<\/div>\n<\/div>\n<\/div>\n","protected":false},"excerpt":{"rendered":"<p>Ensemble de grosses paillettes Nos paillettes \u00e9paisses sont un excellent moyen d&rsquo;ajouter quelque chose de plus \u00e0 votre cire. Ces paillettes sont tr\u00e8s accrocheuses lorsqu&rsquo;elles sont suspendues dans de la cire. Ce lot comprend\u00a0: 25g de\u00a0Coeur d&rsquo;or 25 g de\u00a0Paillettes de cercle bleu et blanc 25g de\u00a0Paillettes dor\u00e9es violettes et Glue Circle &nbsp; Ces paillettes [&hellip;]<\/p>\n","protected":false},"featured_media":20462,"comment_status":"open","ping_status":"closed","template":"","meta":{"_acf_changed":false},"product_brand":[],"product_cat":[297,338,147,146],"product_tag":[],"class_list":{"0":"post-20449","1":"product","2":"type-product","3":"status-publish","4":"has-post-thumbnail","6":"product_cat-liasses-paquets-de-paillettes","7":"product_cat-paquets-de-paillettes","8":"product_cat-fondants-parfumes-poudre-de-mica-et-paillettes","9":"product_cat-fournitures-de-bougie-poudres-de-mica","11":"first","12":"instock","13":"taxable","14":"shipping-taxable","15":"purchasable","16":"product-type-simple"},"acf":[],"_links":{"self":[{"href":"https:\/\/cosyowl.com\/fr\/wp-json\/wp\/v2\/product\/20449","targetHints":{"allow":["GET"]}}],"collection":[{"href":"https:\/\/cosyowl.com\/fr\/wp-json\/wp\/v2\/product"}],"about":[{"href":"https:\/\/cosyowl.com\/fr\/wp-json\/wp\/v2\/types\/product"}],"replies":[{"embeddable":true,"href":"https:\/\/cosyowl.com\/fr\/wp-json\/wp\/v2\/comments?post=20449"}],"wp:featuredmedia":[{"embeddable":true,"href":"https:\/\/cosyowl.com\/fr\/wp-json\/wp\/v2\/media\/20462"}],"wp:attachment":[{"href":"https:\/\/cosyowl.com\/fr\/wp-json\/wp\/v2\/media?parent=20449"}],"wp:term":[{"taxonomy":"product_brand","embeddable":true,"href":"https:\/\/cosyowl.com\/fr\/wp-json\/wp\/v2\/product_brand?post=20449"},{"taxonomy":"product_cat","embeddable":true,"href":"https:\/\/cosyowl.com\/fr\/wp-json\/wp\/v2\/product_cat?post=20449"},{"taxonomy":"product_tag","embeddable":true,"href":"https:\/\/cosyowl.com\/fr\/wp-json\/wp\/v2\/product_tag?post=20449"}],"curies":[{"name":"wp","href":"https:\/\/api.w.org\/{rel}","templated":true}]}}