{"id":20448,"date":"2022-05-27T12:09:23","date_gmt":"2022-05-27T10:09:23","guid":{"rendered":"https:\/\/cosyowl.com\/fr\/?post_type=product&#038;p=20448"},"modified":"2025-09-29T17:24:10","modified_gmt":"2025-09-29T15:24:10","slug":"lot-de-paillettes-brillantes","status":"publish","type":"product","link":"https:\/\/cosyowl.com\/fr\/bundles\/paquets-de-paillettes\/lot-de-paillettes-brillantes","title":{"rendered":"Lot de paillettes brillantes"},"content":{"rendered":"<div id=\"tabcontentcontainer\">\n<div id=\"sc1\" class=\"tabcontent\">\n<div id=\"productDescription_1\" class=\"productGeneral plus gros texte\">\n<h2><strong>Pack de paillettes brillantes<\/strong><\/h2>\n<p>&nbsp;<\/p>\n<p>Ces paillettes brillantes sont indispensables pour vos fondus de cire. Avec leurs teintes puissantes, ces paillettes rehaussent d&rsquo;autres reflets de couleurs similaires.<\/p>\n<p>Ce lot comprend\u00a0:<\/p>\n<p>25g de\u00a0<a href=\"https:\/\/www.cosyowl.com\/fr\/bougeoirs-fournitures\/paillettes\/bougie-paillettes-rouges\">Rouge<\/a><\/p>\n<p>25 g de\u00a0<a href=\"https:\/\/www.cosyowl.com\/fr\/bougeoirs-fournitures\/paillettes\/turquoise-bleu-bougie-paillettes\">Bleu Turquoise<\/a><\/p>\n<p>25 g de\u00a0<a href=\"https:\/\/www.cosyowl.com\/fr\/fournitures-de-fabrication-de-bougies\/paillettes\/arc-en-rose-bougie-paillettes\">Rose Arc-en Ciel<\/a><\/p>\n<p>25\u00a0g de\u00a0<a href=\"https:\/\/www.cosyowl.com\/candle-making-supplies\/glitters\/apple-green-biodegradable\">vert pomme<\/a><\/p>\n<p>25 g de\u00a0<a href=\"https:\/\/www.cosyowl.com\/fr\/fournitures-de-bougies\/paillettes\/jaune-fluorescent\">Jaune Flourescent<\/a><\/p>\n<p>25g de\u00a0<a href=\"https:\/\/www.cosyowl.com\/fr\/fournitures-de-bougies\/paillettes\/jaune-fluorescent\">Flourescent Peche<\/a><\/p>\n<p>25 g de\u00a0<a href=\"https:\/\/www.cosyowl.com\/fr\/fournitures-de-bougies\/paillettes\/vert-fluorescent\">Verte Flourescent<\/a><\/p>\n<p>25g de\u00a0<a href=\"https:\/\/www.cosyowl.com\/fr\/fournitures-de-bougie\/paillettes\/magic-purple-candle-glitter\">Magique Pourpre<\/a><\/p>\n<p>Ces paillettes peuvent \u00eatre utilis\u00e9es dans les cosm\u00e9tiques, les fards \u00e0 paupi\u00e8res, les savons, le nail art et l&rsquo;artisanat.<\/p>\n<p>Veuillez noter &#8211; Ce produit est mieux utilis\u00e9 dans les cires fondues, s&rsquo;il est utilis\u00e9 dans des bougies, il peut obstruer la m\u00e8che\u00a0!<\/p>\n<\/div>\n<\/div>\n<\/div>\n","protected":false},"excerpt":{"rendered":"<p>Pack de paillettes brillantes &nbsp; Ces paillettes brillantes sont indispensables pour vos fondus de cire. Avec leurs teintes puissantes, ces paillettes rehaussent d&rsquo;autres reflets de couleurs similaires. Ce lot comprend\u00a0: 25g de\u00a0Rouge 25 g de\u00a0Bleu Turquoise 25 g de\u00a0Rose Arc-en Ciel 25\u00a0g de\u00a0vert pomme 25 g de\u00a0Jaune Flourescent 25g de\u00a0Flourescent Peche 25 g de\u00a0Verte Flourescent [&hellip;]<\/p>\n","protected":false},"featured_media":20471,"comment_status":"open","ping_status":"closed","template":"","meta":{"_acf_changed":false},"product_brand":[],"product_cat":[297,338,147,146],"product_tag":[],"class_list":{"0":"post-20448","1":"product","2":"type-product","3":"status-publish","4":"has-post-thumbnail","6":"product_cat-liasses-paquets-de-paillettes","7":"product_cat-paquets-de-paillettes","8":"product_cat-fondants-parfumes-poudre-de-mica-et-paillettes","9":"product_cat-fournitures-de-bougie-poudres-de-mica","11":"first","12":"instock","13":"taxable","14":"shipping-taxable","15":"purchasable","16":"product-type-simple"},"acf":[],"_links":{"self":[{"href":"https:\/\/cosyowl.com\/fr\/wp-json\/wp\/v2\/product\/20448","targetHints":{"allow":["GET"]}}],"collection":[{"href":"https:\/\/cosyowl.com\/fr\/wp-json\/wp\/v2\/product"}],"about":[{"href":"https:\/\/cosyowl.com\/fr\/wp-json\/wp\/v2\/types\/product"}],"replies":[{"embeddable":true,"href":"https:\/\/cosyowl.com\/fr\/wp-json\/wp\/v2\/comments?post=20448"}],"wp:featuredmedia":[{"embeddable":true,"href":"https:\/\/cosyowl.com\/fr\/wp-json\/wp\/v2\/media\/20471"}],"wp:attachment":[{"href":"https:\/\/cosyowl.com\/fr\/wp-json\/wp\/v2\/media?parent=20448"}],"wp:term":[{"taxonomy":"product_brand","embeddable":true,"href":"https:\/\/cosyowl.com\/fr\/wp-json\/wp\/v2\/product_brand?post=20448"},{"taxonomy":"product_cat","embeddable":true,"href":"https:\/\/cosyowl.com\/fr\/wp-json\/wp\/v2\/product_cat?post=20448"},{"taxonomy":"product_tag","embeddable":true,"href":"https:\/\/cosyowl.com\/fr\/wp-json\/wp\/v2\/product_tag?post=20448"}],"curies":[{"name":"wp","href":"https:\/\/api.w.org\/{rel}","templated":true}]}}