{"id":20446,"date":"2022-05-27T12:05:52","date_gmt":"2022-05-27T10:05:52","guid":{"rendered":"https:\/\/cosyowl.com\/fr\/?post_type=product&#038;p=20446"},"modified":"2025-09-29T17:24:10","modified_gmt":"2025-09-29T15:24:10","slug":"lot-de-paillettes-biodegradables","status":"publish","type":"product","link":"https:\/\/cosyowl.com\/fr\/liasses\/paquets-de-paillettes\/lot-de-paillettes-biodegradables","title":{"rendered":"Lot de paillettes biod\u00e9gradables"},"content":{"rendered":"<h2><strong>Ensemble de paillettes biod\u00e9gradables<\/strong><\/h2>\n<p>&nbsp;<\/p>\n<p>Ces paillettes biod\u00e9gradables sont indispensables pour vos fondus de cire. Avec leurs teintes puissantes, ces paillettes rehaussent d&rsquo;autres reflets de couleurs similaires.<\/p>\n<p><strong>Ce lot comprend\u00a0:<\/strong><\/p>\n<p>25 g de\u00a0<a href=\"https:\/\/www.cosyowl.com\/fr\/bougeoirs-fournitures\/paillettes\/argent-biodgradable\">Argent<\/a><\/p>\n<p>25g de\u00a0<a href=\"https:\/\/www.cosyowl.com\/fr\/fournitures-de-bougies\/paillettes\/orange-rose-biodgradable\">Orange Rose<\/a><\/p>\n<p>25 g de\u00a0<a href=\"https:\/\/www.cosyowl.com\/fr\/bougeoirs-fournitures\/paillettes\/pomme-vert-biodgradable\">Vert Pomme<\/a><\/p>\n<p>25g de\u00a0<a href=\"https:\/\/www.cosyowl.com\/fr\/fournitures-de-bougies\/paillettes\/noir-biodgradable\">Noir<\/a><\/p>\n<p>25g de\u00a0<a href=\"https:\/\/www.cosyowl.com\/fr\/fournitures-de-bougies\/paillettes\/blanc-pur-biodgradable\">Blanc Pur<\/a><\/p>\n<p>25g de\u00a0<a href=\"https:\/\/www.cosyowl.com\/fr\/fournitures-de-bougies\/paillettes\/bleu-violet-biodgradable\">Bleu Royal Violet<\/a><\/p>\n<p>25g de\u00a0<a href=\"https:\/\/www.cosyowl.com\/fr\/fournitures-de-bougies\/paillettes\/bleu-lac-biodgradable\">Lake Bleu<\/a><\/p>\n<p>25g de\u00a0<a href=\"https:\/\/www.cosyowl.com\/fr\/bougeoirs-fournitures\/paillettes\/pche-lumineux-biodgradable\">Bright Peach<\/a><\/p>\n<p>25 g de\u00a0<a href=\"https:\/\/www.cosyowl.com\/fr\/bougeoirs-fournitures\/paillettes\/cuivre-lger-biodgradable\">Cuivre Clair<\/a><\/p>\n<p>&nbsp;<\/p>\n<p>Ces paillettes peuvent \u00eatre utilis\u00e9es dans les cosm\u00e9tiques, les fards \u00e0 paupi\u00e8res, les savons, le nail art et l&rsquo;artisanat.<\/p>\n<p>Veuillez noter &#8211; Ce produit est mieux utilis\u00e9 dans les cires fondues, s&rsquo;il est utilis\u00e9 dans des bougies, il peut obstruer la m\u00e8che\u00a0!<\/p>\n","protected":false},"excerpt":{"rendered":"<p>Ensemble de paillettes biod\u00e9gradables &nbsp; Ces paillettes biod\u00e9gradables sont indispensables pour vos fondus de cire. Avec leurs teintes puissantes, ces paillettes rehaussent d&rsquo;autres reflets de couleurs similaires. Ce lot comprend\u00a0: 25 g de\u00a0Argent 25g de\u00a0Orange Rose 25 g de\u00a0Vert Pomme 25g de\u00a0Noir 25g de\u00a0Blanc Pur 25g de\u00a0Bleu Royal Violet 25g de\u00a0Lake Bleu 25g de\u00a0Bright Peach [&hellip;]<\/p>\n","protected":false},"featured_media":20481,"comment_status":"open","ping_status":"closed","template":"","meta":{"_acf_changed":false},"product_brand":[],"product_cat":[297,338,147,146],"product_tag":[],"class_list":{"0":"post-20446","1":"product","2":"type-product","3":"status-publish","4":"has-post-thumbnail","6":"product_cat-liasses-paquets-de-paillettes","7":"product_cat-paquets-de-paillettes","8":"product_cat-fondants-parfumes-poudre-de-mica-et-paillettes","9":"product_cat-fournitures-de-bougie-poudres-de-mica","11":"first","12":"instock","13":"taxable","14":"shipping-taxable","15":"purchasable","16":"product-type-simple"},"acf":[],"_links":{"self":[{"href":"https:\/\/cosyowl.com\/fr\/wp-json\/wp\/v2\/product\/20446","targetHints":{"allow":["GET"]}}],"collection":[{"href":"https:\/\/cosyowl.com\/fr\/wp-json\/wp\/v2\/product"}],"about":[{"href":"https:\/\/cosyowl.com\/fr\/wp-json\/wp\/v2\/types\/product"}],"replies":[{"embeddable":true,"href":"https:\/\/cosyowl.com\/fr\/wp-json\/wp\/v2\/comments?post=20446"}],"wp:featuredmedia":[{"embeddable":true,"href":"https:\/\/cosyowl.com\/fr\/wp-json\/wp\/v2\/media\/20481"}],"wp:attachment":[{"href":"https:\/\/cosyowl.com\/fr\/wp-json\/wp\/v2\/media?parent=20446"}],"wp:term":[{"taxonomy":"product_brand","embeddable":true,"href":"https:\/\/cosyowl.com\/fr\/wp-json\/wp\/v2\/product_brand?post=20446"},{"taxonomy":"product_cat","embeddable":true,"href":"https:\/\/cosyowl.com\/fr\/wp-json\/wp\/v2\/product_cat?post=20446"},{"taxonomy":"product_tag","embeddable":true,"href":"https:\/\/cosyowl.com\/fr\/wp-json\/wp\/v2\/product_tag?post=20446"}],"curies":[{"name":"wp","href":"https:\/\/api.w.org\/{rel}","templated":true}]}}