{"id":20445,"date":"2022-05-27T12:02:48","date_gmt":"2022-05-27T10:02:48","guid":{"rendered":"https:\/\/cosyowl.com\/fr\/?post_type=product&#038;p=20445"},"modified":"2026-02-12T10:26:29","modified_gmt":"2026-02-12T09:26:29","slug":"lot-de-teintures-arc-en-ciel","status":"publish","type":"product","link":"https:\/\/cosyowl.com\/fr\/bundles\/paquets-de-teinture\/lot-de-teintures-arc-en-ciel","title":{"rendered":"Lot de teintures arc-en-ciel"},"content":{"rendered":"<div id=\"tabcontentcontainer\">\n<div id=\"sc1\" class=\"tabcontent\">\n<div id=\"productDescription_1\" class=\"productGeneral plus gros texte\">\n<h2><strong>Ensemble de teintures arc-en-ciel<\/strong><\/h2>\n<p>Travaillez avec notre s\u00e9lection de colorants arc-en-ciel aux couleurs vives et \u00e9clatantes pour vos bougies et cires fondues.<\/p>\n<p><strong>Ce lot comprend\u00a0:<\/strong><\/p>\n<p>3\u00a0g de\u00a0<a href=\"https:\/\/www.cosyowl.com\/fr\/colorant-orange-vif-bekro-6099-25\">teinture orange<\/a><\/p>\n<p>3\u00a0g de\u00a0<a href=\"https:\/\/www.cosyowl.com\/fr\/colorant-rouge-bekro-30-6077\">teinture rouge<\/a><\/p>\n<p>3\u00a0g de\u00a0<a href=\"https:\/\/www.cosyowl.com\/fr\/colorant-jaune-bekro-10\/937\">teinture jaune<\/a><\/p>\n<p>3\u00a0g de\u00a0<a href=\"https:\/\/www.cosyowl.com\/fr\/colorant-vert-bekro-71-917\">teinture verte<\/a><\/p>\n<p>3\u00a0g de\u00a0<a href=\"https:\/\/www.cosyowl.com\/fr\/colorant-bleu-bekro-51-4027\">teinture bleue<\/a><\/p>\n<p>3\u00a0g de\u00a0<a href=\"https:\/\/www.cosyowl.com\/fr\/colorant-violet-bekro-6139\/65\">teinture violette<\/a><\/p>\n<p>Ces colorants \u00e9cologiques et non toxiques sont tr\u00e8s concentr\u00e9s, faciles \u00e0 travailler et offrent une grande profondeur de couleur. Le colorant est tr\u00e8s simplement ajout\u00e9 et agit\u00e9 dans la cire fondue et se dissipe uniform\u00e9ment dans toute la cire en fournissant la consistance requise. Le r\u00e9sultat est une bougie avec une coloration qui n&rsquo;est pas diff\u00e9rente de celles produites par des professionnels. Les prix comp\u00e9titifs de Cosy Owl rendent les bougies de niveau professionnel tr\u00e8s abordables et d&rsquo;un excellent rapport qualit\u00e9-prix.<\/p>\n<p>Diff\u00e9rents colorants color\u00e9s peuvent \u00eatre m\u00e9lang\u00e9s dans la cire pour cr\u00e9er des couleurs composites, vous permettant d&rsquo;exp\u00e9rimenter vos comp\u00e9tences cr\u00e9atives pour produire des bougies et des cires fondues.<\/p>\n<p>Veuillez noter que l&rsquo;image du colorant solide ne repr\u00e9sente pas toujours la couleur de la bougie une fois termin\u00e9e. Ce produit ne convient pas pour une utilisation avec de la cire gel.<\/p>\n<\/div>\n<\/div>\n<\/div>\n","protected":false},"excerpt":{"rendered":"<p>Ensemble de teintures arc-en-ciel Travaillez avec notre s\u00e9lection de colorants arc-en-ciel aux couleurs vives et \u00e9clatantes pour vos bougies et cires fondues. Ce lot comprend\u00a0: 3\u00a0g de\u00a0teinture orange 3\u00a0g de\u00a0teinture rouge 3\u00a0g de\u00a0teinture jaune 3\u00a0g de\u00a0teinture verte 3\u00a0g de\u00a0teinture bleue 3\u00a0g de\u00a0teinture violette Ces colorants \u00e9cologiques et non toxiques sont tr\u00e8s concentr\u00e9s, faciles \u00e0 travailler [&hellip;]<\/p>\n","protected":false},"featured_media":20842,"comment_status":"open","ping_status":"closed","template":"","meta":{"_acf_changed":false},"product_brand":[],"product_cat":[103,104,336,301],"product_tag":[],"class_list":{"0":"post-20445","1":"product","2":"type-product","3":"status-publish","4":"has-post-thumbnail","6":"product_cat-colorants-pour-bougies","7":"product_cat-fondants-parfumes-colorants","8":"product_cat-paquets-de-teinture","9":"product_cat-liasses-paquets-de-teinture","11":"first","12":"outofstock","13":"taxable","14":"shipping-taxable","15":"purchasable","16":"product-type-simple"},"acf":[],"_links":{"self":[{"href":"https:\/\/cosyowl.com\/fr\/wp-json\/wp\/v2\/product\/20445","targetHints":{"allow":["GET"]}}],"collection":[{"href":"https:\/\/cosyowl.com\/fr\/wp-json\/wp\/v2\/product"}],"about":[{"href":"https:\/\/cosyowl.com\/fr\/wp-json\/wp\/v2\/types\/product"}],"replies":[{"embeddable":true,"href":"https:\/\/cosyowl.com\/fr\/wp-json\/wp\/v2\/comments?post=20445"}],"wp:featuredmedia":[{"embeddable":true,"href":"https:\/\/cosyowl.com\/fr\/wp-json\/wp\/v2\/media\/20842"}],"wp:attachment":[{"href":"https:\/\/cosyowl.com\/fr\/wp-json\/wp\/v2\/media?parent=20445"}],"wp:term":[{"taxonomy":"product_brand","embeddable":true,"href":"https:\/\/cosyowl.com\/fr\/wp-json\/wp\/v2\/product_brand?post=20445"},{"taxonomy":"product_cat","embeddable":true,"href":"https:\/\/cosyowl.com\/fr\/wp-json\/wp\/v2\/product_cat?post=20445"},{"taxonomy":"product_tag","embeddable":true,"href":"https:\/\/cosyowl.com\/fr\/wp-json\/wp\/v2\/product_tag?post=20445"}],"curies":[{"name":"wp","href":"https:\/\/api.w.org\/{rel}","templated":true}]}}