{"id":20444,"date":"2022-05-27T11:58:09","date_gmt":"2022-05-27T09:58:09","guid":{"rendered":"https:\/\/cosyowl.com\/fr\/?post_type=product&#038;p=20444"},"modified":"2026-02-12T10:17:52","modified_gmt":"2026-02-12T09:17:52","slug":"lot-de-teintures-de-couleurs-primaires","status":"publish","type":"product","link":"https:\/\/cosyowl.com\/fr\/bundles\/paquets-de-teinture\/lot-de-teintures-de-couleurs-primaires","title":{"rendered":"Lot de teintures de couleurs primaires"},"content":{"rendered":"<div id=\"tabcontentcontainer\">\n<div id=\"sc1\" class=\"tabcontent\">\n<div id=\"productDescription_1\" class=\"productGeneral plus gros texte\">\n<p><strong>Ensemble de teintures de couleur primaire<\/strong><\/p>\n<p>Cr\u00e9ez vos propres tons et teintes en m\u00e9langeant notre s\u00e9lection de colorants de couleurs primaires pour cr\u00e9er vos propres bougies et cires fondues.<\/p>\n<p>Ce lot comprend\u00a0:<\/p>\n<p>3 g de <a href=\"https:\/\/www.cosyowl.com\/fr\/colorant-rouge-bekro-30-6077\">Teinture rouge<\/a><\/p>\n<p>3 g de <a href=\"https:\/\/www.cosyowl.com\/fr\/colorant-jaune-bekro-10\/937\">Teinture jaune<\/a><\/p>\n<p>3\u00a0g de <a href=\"https:\/\/www.cosyowl.com\/fr\/colorant-vert-bekro-71-917\">Teinture verte<\/a><\/p>\n<p>3 g de <a href=\"https:\/\/www.cosyowl.com\/fr\/colorant-bleu-bekro-51-4027\">Teinture bleue<\/a><\/p>\n<p>3g de <a href=\"https:\/\/www.cosyowl.com\/fr\/colorant-crme-bekro-227\">Teinture cr\u00e8me<\/a><\/p>\n<p>3g de <a href=\"https:\/\/www.cosyowl.com\/fr\/colorant-noir-bekro-6000-01\">Teinture noire<\/a><\/p>\n<p>Ces colorants \u00e9cologiques et non toxiques sont tr\u00e8s concentr\u00e9s, faciles \u00e0 travailler et offrent une grande profondeur de couleur. Le colorant est tr\u00e8s simplement ajout\u00e9 et agit\u00e9 dans la cire fondue et se dissipe uniform\u00e9ment dans toute la cire en fournissant la consistance requise. Le r\u00e9sultat est une bougie avec une coloration qui n&rsquo;est pas diff\u00e9rente de celles produites par des professionnels. Les prix comp\u00e9titifs de Cosy Owl rendent les bougies de niveau professionnel tr\u00e8s abordables et d&rsquo;un excellent rapport qualit\u00e9-prix.<\/p>\n<p>Diff\u00e9rents colorants color\u00e9s peuvent \u00eatre m\u00e9lang\u00e9s dans la cire pour cr\u00e9er des couleurs composites, vous permettant d&rsquo;exp\u00e9rimenter vos comp\u00e9tences cr\u00e9atives pour produire des bougies et des cires fondues.<\/p>\n<p>Veuillez noter que l&rsquo;image du colorant solide ne repr\u00e9sente pas toujours la couleur de la bougie une fois termin\u00e9e. Ce produit ne convient pas pour une utilisation avec de la cire gel.<\/p>\n<\/div>\n<\/div>\n<\/div>\n","protected":false},"excerpt":{"rendered":"<p>Ensemble de teintures de couleur primaire Cr\u00e9ez vos propres tons et teintes en m\u00e9langeant notre s\u00e9lection de colorants de couleurs primaires pour cr\u00e9er vos propres bougies et cires fondues. Ce lot comprend\u00a0: 3 g de Teinture rouge 3 g de Teinture jaune 3\u00a0g de Teinture verte 3 g de Teinture bleue 3g de Teinture cr\u00e8me [&hellip;]<\/p>\n","protected":false},"featured_media":20848,"comment_status":"open","ping_status":"closed","template":"","meta":{"_acf_changed":false},"product_brand":[],"product_cat":[103,104,336,301],"product_tag":[],"class_list":{"0":"post-20444","1":"product","2":"type-product","3":"status-publish","4":"has-post-thumbnail","6":"product_cat-colorants-pour-bougies","7":"product_cat-fondants-parfumes-colorants","8":"product_cat-paquets-de-teinture","9":"product_cat-liasses-paquets-de-teinture","11":"first","12":"outofstock","13":"taxable","14":"shipping-taxable","15":"purchasable","16":"product-type-simple"},"acf":[],"_links":{"self":[{"href":"https:\/\/cosyowl.com\/fr\/wp-json\/wp\/v2\/product\/20444","targetHints":{"allow":["GET"]}}],"collection":[{"href":"https:\/\/cosyowl.com\/fr\/wp-json\/wp\/v2\/product"}],"about":[{"href":"https:\/\/cosyowl.com\/fr\/wp-json\/wp\/v2\/types\/product"}],"replies":[{"embeddable":true,"href":"https:\/\/cosyowl.com\/fr\/wp-json\/wp\/v2\/comments?post=20444"}],"wp:featuredmedia":[{"embeddable":true,"href":"https:\/\/cosyowl.com\/fr\/wp-json\/wp\/v2\/media\/20848"}],"wp:attachment":[{"href":"https:\/\/cosyowl.com\/fr\/wp-json\/wp\/v2\/media?parent=20444"}],"wp:term":[{"taxonomy":"product_brand","embeddable":true,"href":"https:\/\/cosyowl.com\/fr\/wp-json\/wp\/v2\/product_brand?post=20444"},{"taxonomy":"product_cat","embeddable":true,"href":"https:\/\/cosyowl.com\/fr\/wp-json\/wp\/v2\/product_cat?post=20444"},{"taxonomy":"product_tag","embeddable":true,"href":"https:\/\/cosyowl.com\/fr\/wp-json\/wp\/v2\/product_tag?post=20444"}],"curies":[{"name":"wp","href":"https:\/\/api.w.org\/{rel}","templated":true}]}}