{"id":20442,"date":"2022-05-27T11:56:56","date_gmt":"2022-05-27T09:56:56","guid":{"rendered":"https:\/\/cosyowl.com\/fr\/?post_type=product&#038;p=20442"},"modified":"2025-11-24T21:32:28","modified_gmt":"2025-11-24T20:32:28","slug":"lot-de-teintures-pastel","status":"publish","type":"product","link":"https:\/\/cosyowl.com\/fr\/bundles\/paquets-de-teinture\/lot-de-teintures-pastel","title":{"rendered":"Lot de teintures pastel"},"content":{"rendered":"<div id=\"tabcontentcontainer\">\n<div id=\"sc1\" class=\"tabcontent\">\n<div id=\"productDescription_1\" class=\"productGeneral plus gros texte\">\n<p><strong>Ensemble de teintures pastel<\/strong><\/p>\n<p>Travaillez avec notre s\u00e9lection de colorants pastel pour ajouter de douces notes de couleur \u00e0 vos bougies et cires fondues.<\/p>\n<p>Ce lot comprend\u00a0:<\/p>\n<p>3g de <a href=\"https:\/\/www.cosyowl.com\/fr\/colorant-crme-bekro-227\">Teinture cr\u00e8me<\/a><\/p>\n<p>3g de <a href=\"https:\/\/www.cosyowl.com\/fr\/colorant-rose-clair-bekro-35-4141\">Teinture Rose Clair<\/a><\/p>\n<p>3 g de <a href=\"https:\/\/www.cosyowl.com\/fr\/colorant-mauve-bekro-60-1127\">Teinture lilas<\/a><\/p>\n<p>3 g de <a href=\"https:\/\/www.cosyowl.com\/fr\/colorant-bleu-clair-bekro-52-5561\">Teinture bleu clair<\/a><\/p>\n<p>3 g de <a href=\"https:\/\/www.cosyowl.com\/fr\/colorant-vert-clair-bekro-72-7427\">Teinture vert clair<\/a><\/p>\n<p>&nbsp;<\/p>\n<p>Ces colorants \u00e9cologiques et non toxiques sont tr\u00e8s concentr\u00e9s, faciles \u00e0 travailler et offrent une grande profondeur de couleur. Le colorant est tr\u00e8s simplement ajout\u00e9 et agit\u00e9 dans la cire fondue et se dissipe uniform\u00e9ment dans toute la cire en fournissant la consistance requise. Le r\u00e9sultat est une bougie avec une coloration qui n&rsquo;est pas diff\u00e9rente de celles produites par des professionnels. Les prix comp\u00e9titifs de Cosy Owl rendent les bougies de niveau professionnel tr\u00e8s abordables et d&rsquo;un excellent rapport qualit\u00e9-prix.<\/p>\n<p>Diff\u00e9rents colorants color\u00e9s peuvent \u00eatre m\u00e9lang\u00e9s dans la cire pour cr\u00e9er des couleurs composites, vous permettant d&rsquo;exp\u00e9rimenter vos comp\u00e9tences cr\u00e9atives pour produire des bougies et des cires fondues.<\/p>\n<p>Veuillez noter que l&rsquo;image du colorant solide ne repr\u00e9sente pas toujours la couleur de la bougie une fois termin\u00e9e. Ce produit ne convient pas pour une utilisation avec de la cire gel.<\/p>\n<\/div>\n<\/div>\n<\/div>\n","protected":false},"excerpt":{"rendered":"<p>Ensemble de teintures pastel Travaillez avec notre s\u00e9lection de colorants pastel pour ajouter de douces notes de couleur \u00e0 vos bougies et cires fondues. Ce lot comprend\u00a0: 3g de Teinture cr\u00e8me 3g de Teinture Rose Clair 3 g de Teinture lilas 3 g de Teinture bleu clair 3 g de Teinture vert clair &nbsp; Ces [&hellip;]<\/p>\n","protected":false},"featured_media":20855,"comment_status":"open","ping_status":"closed","template":"","meta":{"_acf_changed":false},"product_brand":[],"product_cat":[103,104,405,301,336],"product_tag":[],"class_list":{"0":"post-20442","1":"product","2":"type-product","3":"status-publish","4":"has-post-thumbnail","6":"product_cat-colorants-pour-bougies","7":"product_cat-fondants-parfumes-colorants","8":"product_cat-paques","9":"product_cat-liasses-paquets-de-teinture","10":"product_cat-paquets-de-teinture","12":"first","13":"instock","14":"taxable","15":"shipping-taxable","16":"purchasable","17":"product-type-simple"},"acf":[],"_links":{"self":[{"href":"https:\/\/cosyowl.com\/fr\/wp-json\/wp\/v2\/product\/20442","targetHints":{"allow":["GET"]}}],"collection":[{"href":"https:\/\/cosyowl.com\/fr\/wp-json\/wp\/v2\/product"}],"about":[{"href":"https:\/\/cosyowl.com\/fr\/wp-json\/wp\/v2\/types\/product"}],"replies":[{"embeddable":true,"href":"https:\/\/cosyowl.com\/fr\/wp-json\/wp\/v2\/comments?post=20442"}],"wp:featuredmedia":[{"embeddable":true,"href":"https:\/\/cosyowl.com\/fr\/wp-json\/wp\/v2\/media\/20855"}],"wp:attachment":[{"href":"https:\/\/cosyowl.com\/fr\/wp-json\/wp\/v2\/media?parent=20442"}],"wp:term":[{"taxonomy":"product_brand","embeddable":true,"href":"https:\/\/cosyowl.com\/fr\/wp-json\/wp\/v2\/product_brand?post=20442"},{"taxonomy":"product_cat","embeddable":true,"href":"https:\/\/cosyowl.com\/fr\/wp-json\/wp\/v2\/product_cat?post=20442"},{"taxonomy":"product_tag","embeddable":true,"href":"https:\/\/cosyowl.com\/fr\/wp-json\/wp\/v2\/product_tag?post=20442"}],"curies":[{"name":"wp","href":"https:\/\/api.w.org\/{rel}","templated":true}]}}