{"id":20344,"date":"2022-04-22T14:36:47","date_gmt":"2022-04-22T12:36:47","guid":{"rendered":"https:\/\/cosyowl.com\/fr\/?post_type=product&#038;p=20344"},"modified":"2025-09-29T17:24:09","modified_gmt":"2025-09-29T15:24:09","slug":"collection-dhuiles-parfumees-cosy-owl-premium-lot-de-5","status":"publish","type":"product","link":"https:\/\/cosyowl.com\/fr\/fournitures-de-bougies\/huiles-parfumees-pour-bougies\/ensembles-dhuiles-parfumees\/collection-dhuiles-parfumees-cosy-owl-premium-lot-de-5","title":{"rendered":"Collection d&rsquo;huiles parfum\u00e9es Cosy Owl Premium &#8211; (Lot de 5)"},"content":{"rendered":"<p><strong>Collection d&rsquo;huiles parfum\u00e9es haut de gamme.<\/strong><\/p>\n<p>Nos ensembles d&rsquo;huiles parfum\u00e9es sont le moyen id\u00e9al pour tester nos huiles parfum\u00e9es les plus vendues.<\/p>\n<p>Cet ensemble comprend 5\u00a0huiles parfum\u00e9es de 10\u00a0ml de notre collection Premium.<\/p>\n<ul>\n<li><strong><a href=\"https:\/\/www.cosyowl.com\/fr\/huiles-parfumees\/huile-parfumee-blackberry-and-bay\" target=\"_blank\" rel=\"noopener\">M\u00fbre et Baie<\/a><\/strong> &#8211; Un autre incontournable des rangs du fournisseur de bougies haut de gamme le plus c\u00e9l\u00e8bre du Royaume-Uni, reformul\u00e9 pour la gamme Cozy Owl Premium. Un parfum floral et fruit\u00e9 destin\u00e9 principalement aux femmes. Les notes de t\u00eate de prune blanche, de ch\u00e8vrefeuille, de p\u00eache et de th\u00e9 noir c\u00e8dent la place \u00e0 des notes moyennes de m\u00fbre, de fleur d&rsquo;oranger et de feuilles de laurier et \u00e0 des notes de fond de vanille, de mousse de ch\u00eane, de c\u00e8dre et de bois de santal cr\u00e9meux qui soutiennent l&rsquo;ensemble du parfum.<\/li>\n<li><strong><a href=\"https:\/\/www.cosyowl.com\/fr\/huiles-parfumees\/huile-parfumee-english-pear-fresia\" target=\"_blank \" rel=\"noopener\">Poire anglaise et Freesia<\/a> <\/strong>&#8211; Provenant peut-\u00eatre de la marque de bougies haut de gamme la plus connue au Royaume-Uni, ce parfum est l&rsquo;un des incontournables de la gamme et ajoutera de l&rsquo;\u00e9clat \u00e0 vos produits. Notes de t\u00eate magnifiquement arrondies de ch\u00e8vrefeuille, poire anglaise, cassis, bergamote et freesia. Avec des notes de c\u0153ur de muguet, de lilas, de rose blanche et d&rsquo;ylang-ylang et des notes de fond douces de cypr\u00e8s, de bois de santal et de fleur de vanille.<\/li>\n<li><strong><a href=\"https:\/\/www.cosyowl.com\/fr\/huiles-parfumees\/huile-parfumee-grace-type\" target=\"_blank\" rel=\"noopener\">Type Douce Gr\u00e2ce<\/a><\/strong>\u00a0&#8211; Ce parfum culte a un v\u00e9ritable public d\u00e9vou\u00e9 et a \u00e9t\u00e9 d\u00e9crit comme addictif par ses partisans. D\u00e9j\u00e0 un parfum de bougie haut de gamme, la version Cosy Owl Premium est une excellente reproduction de ce parfum classique. Avec des notes de t\u00eate de zeste d&rsquo;orange, de bergamote, d&rsquo;\u00e9corce de citron et de c\u00e9drat rose, des notes de tonkam calone, de lilas et de g\u00e9ranium combin\u00e9es avec des notes de fond de musc, de gousse de vanille, de patchouli l\u00e9ger et d&rsquo;ambre pour cr\u00e9er ce parfum cors\u00e9 qui s&rsquo;est av\u00e9r\u00e9 si populaire.<\/li>\n<li><strong><a href=\"https:\/\/www.cosyowl.com\/fr\/huiles-parfumees\/huile-parfumee-sun-drenched-apricot-rose\" target=\"_blank\" rel=\"noopener\">Abricot tremp\u00e9 de soleil<\/a><\/strong>\u00a0&#8211; Un autre excellent ajout \u00e0 la gamme de parfums Cozy Owl Premium est ce parfum de bougie toujours populaire de l&rsquo;une des marques de bougies les plus connues. Un parfum riche et intense avec des sommets d&rsquo;ald\u00e9hydes p\u00e9tillants, de fleurs de prunier et de pavot, au milieu de baies rouges, de p\u00e9tales de pivoine, de n\u00e9nuphar et de nectarine douce et des notes de fond de musc doux, de gousse de vanille et de g\u00e9ranium, c&rsquo;est un parfum qui emballe un vrai coup de poing. Fabriqu\u00e9 \u00e0 partir d&rsquo;ingr\u00e9dients de qualit\u00e9 sup\u00e9rieure pour correspondre \u00e0 ce parfum bien connu.<\/li>\n<li><strong><a href=\"https:\/\/www.cosyowl.com\/fr\/huiles-parfumees\/tous-les-parfums\/huile-parfumee-sage-seasalt\" target=\" _blank\" rel=\"noopener\">Sauge des Bois et Sel Marin<\/a>\u00a0<\/strong>&#8211; Un parfum aromatique et musqu\u00e9 inspir\u00e9 du c\u00e9l\u00e8bre parfum Jo Malone.\u00a0 Avec la richesse et la profondeur qui caract\u00e9risent notre gamme de parfums haut de gamme, ce parfum marin a des notes d&rsquo;agrumes, offrant un excellent m\u00e9lange de bois, de sel, d&rsquo;\u00e9pic\u00e9 et de douceur.\u00a0 Pas \u00e9crasant mais avec une r\u00e9elle endurance, ce parfum \u00e9volue et m\u00fbrit vraiment au fur et \u00e0 mesure qu&rsquo;il est en suspension dans l&rsquo;air.<\/li>\n<\/ul>\n<p><!--%Fiches techniques%--><\/p>\n<p>&nbsp;<\/p>\n","protected":false},"excerpt":{"rendered":"<p>Collection d&rsquo;huiles parfum\u00e9es haut de gamme. Nos ensembles d&rsquo;huiles parfum\u00e9es sont le moyen id\u00e9al pour tester nos huiles parfum\u00e9es les plus vendues. Cet ensemble comprend 5\u00a0huiles parfum\u00e9es de 10\u00a0ml de notre collection Premium. M\u00fbre et Baie &#8211; Un autre incontournable des rangs du fournisseur de bougies haut de gamme le plus c\u00e9l\u00e8bre du Royaume-Uni, reformul\u00e9 [&hellip;]<\/p>\n","protected":false},"featured_media":26645,"comment_status":"open","ping_status":"closed","template":"","meta":{"_acf_changed":false},"product_brand":[],"product_cat":[335,292,304,116,118,119,285,199,142],"product_tag":[],"class_list":{"0":"post-20344","1":"product","2":"type-product","3":"status-publish","4":"has-post-thumbnail","6":"product_cat-ensembles-dhuiles-parfumees","7":"product_cat-huiles-parfumees-ensembles","8":"product_cat-liasses-ensembles-dhuiles-parfumees","9":"product_cat-fabrication-de-savon-huiles-parfumees","10":"product_cat-huile-a-barbe-parfumees","11":"product_cat-fondants-parfumes-huiles-parfumees","12":"product_cat-soin-des-corps-huiles-parfumees","13":"product_cat-soin-des-cheveux-huiles-parfumees","14":"product_cat-huiles-parfumees-premium","16":"first","17":"instock","18":"taxable","19":"shipping-taxable","20":"purchasable","21":"product-type-simple"},"acf":[],"_links":{"self":[{"href":"https:\/\/cosyowl.com\/fr\/wp-json\/wp\/v2\/product\/20344","targetHints":{"allow":["GET"]}}],"collection":[{"href":"https:\/\/cosyowl.com\/fr\/wp-json\/wp\/v2\/product"}],"about":[{"href":"https:\/\/cosyowl.com\/fr\/wp-json\/wp\/v2\/types\/product"}],"replies":[{"embeddable":true,"href":"https:\/\/cosyowl.com\/fr\/wp-json\/wp\/v2\/comments?post=20344"}],"wp:featuredmedia":[{"embeddable":true,"href":"https:\/\/cosyowl.com\/fr\/wp-json\/wp\/v2\/media\/26645"}],"wp:attachment":[{"href":"https:\/\/cosyowl.com\/fr\/wp-json\/wp\/v2\/media?parent=20344"}],"wp:term":[{"taxonomy":"product_brand","embeddable":true,"href":"https:\/\/cosyowl.com\/fr\/wp-json\/wp\/v2\/product_brand?post=20344"},{"taxonomy":"product_cat","embeddable":true,"href":"https:\/\/cosyowl.com\/fr\/wp-json\/wp\/v2\/product_cat?post=20344"},{"taxonomy":"product_tag","embeddable":true,"href":"https:\/\/cosyowl.com\/fr\/wp-json\/wp\/v2\/product_tag?post=20344"}],"curies":[{"name":"wp","href":"https:\/\/api.w.org\/{rel}","templated":true}]}}