{"id":20340,"date":"2022-04-22T14:48:06","date_gmt":"2022-04-22T12:48:06","guid":{"rendered":"https:\/\/cosyowl.com\/fr\/?post_type=product&#038;p=20340"},"modified":"2025-09-29T17:24:09","modified_gmt":"2025-09-29T15:24:09","slug":"cosy-owl-collection-dhuiles-parfumees-florales-lot-de-5","status":"publish","type":"product","link":"https:\/\/cosyowl.com\/fr\/fournitures-de-bougies\/huiles-parfumees-pour-bougies\/ensembles-dhuiles-parfumees\/cosy-owl-collection-dhuiles-parfumees-florales-lot-de-5","title":{"rendered":"Cosy Owl Collection d&rsquo;huiles parfum\u00e9es florales &#8211; (Lot de 5)"},"content":{"rendered":"<p><strong>Collection d&rsquo;huiles parfum\u00e9es florales.<\/strong><\/p>\n<p>Nos ensembles d&rsquo;huiles parfum\u00e9es sont le moyen id\u00e9al pour tester nos huiles parfum\u00e9es les plus vendues.<\/p>\n<p>Cet ensemble comprend 5\u00a0huiles parfum\u00e9es de 10\u00a0ml de notre collection florale.<\/p>\n<ul>\n<li><strong><a href=\"https:\/\/www.cosyowl.com\/fr\/huile-parfumee-roses-rouges\" target=\"_blank\" rel=\"noopener\">Roses rouges<\/a> &#8211; <\/strong>Notre \u00a0Red Roses Fragrance Oil\u00a0a \u00e9t\u00e9 sp\u00e9cialement formul\u00e9e pour \u00e9voquer le parfum frais familier et bien-aim\u00e9 associ\u00e9 \u00e0 cette plante \u00e0 fleurs merveilleuse et souvent assez romantique, exsudant initialement une forte et odeur prononc\u00e9e associ\u00e9e au zeste de citron, \u00e0 la bergamote, \u00e0 la prune et \u00e0 la pomme croquante. Cet ar\u00f4me est le plus prononc\u00e9 lorsque votre bougie commence \u00e0 br\u00fbler, remplissant votre pi\u00e8ce d&rsquo;un parfum qui est ensuite rehauss\u00e9 par de l\u00e9g\u00e8res nuances de cristaux de rose, de notes marines et d&rsquo;ylang-ylang. Incorpor\u00e9 dans la formulation de ce parfum distinctif est un d\u00e9licieux arri\u00e8re-go\u00fbt de musc nude et de bois de santal blanc.<\/li>\n<li><strong><a href=\"https:\/\/www.cosyowl.com\/fr\/huile-parfumee-petales-de-pivoine\" target=\"_blank\" rel=\"noopener\">Pivoine P\u00e9tales<\/a> &#8211; <\/strong>Notre huile parfum\u00e9e aux p\u00e9tales de pivoine a \u00e9t\u00e9 sp\u00e9cialement formul\u00e9e pour cr\u00e9er le parfum de cette plante herbac\u00e9e ou arbustive des r\u00e9gions temp\u00e9r\u00e9es du nord, cultiv\u00e9e depuis longtemps pour ses superbes fleurs aromatiques voyantes. L&rsquo;huile d\u00e9gage initialement une odeur forte et prononc\u00e9e associ\u00e9e au g\u00e9ranium rose, \u00e0 la groseille rouge et \u00e0 la grenade. Cet ar\u00f4me est le plus prononc\u00e9 lorsque votre bougie commence \u00e0 br\u00fbler, remplissant votre pi\u00e8ce d&rsquo;un parfum qui est ensuite rehauss\u00e9 par de l\u00e9g\u00e8res nuances de p\u00eache, d&rsquo;ambre gris et de f\u00e8ve tonka. Incorpor\u00e9 dans la formulation de ce parfum distinctif est un d\u00e9licieux arri\u00e8re-go\u00fbt de gousse de vanille, de musc et d&rsquo;ambre.<\/li>\n<li><strong><strong><a href=\"https:\/\/www.cosyowl.com\/fr\/huile-parfumee-jasmin\" target=\"_blank\" rel=\"noopener\">Jasmin<\/a> &#8211; <\/strong><\/strong>Notre\u00a0huile parfum\u00e9e au jasmin\u00a0a \u00e9t\u00e9 sp\u00e9cialement formul\u00e9e pour \u00e9voquer le parfum frais familier et d\u00e9licieux associ\u00e9 \u00e0 cet arbuste ou plante grimpante du vieux monde et d\u00e9gage une forte et une odeur prononc\u00e9e associ\u00e9e \u00e0 la fois au jasmin et au zeste d&rsquo;orange. Cet ar\u00f4me initial est le plus prononc\u00e9 lorsque votre bougie commence \u00e0 br\u00fbler, remplissant votre pi\u00e8ce d&rsquo;un parfum qui est ensuite rehauss\u00e9 par de l\u00e9g\u00e8res nuances d&rsquo;orange am\u00e8re et de vanille de Madagascar. Incorpor\u00e9 dans la formulation de ce parfum distinctif est un d\u00e9licieux arri\u00e8re-go\u00fbt de notes de miel et de musc.<\/li>\n<li><strong><strong><a href=\"https:\/\/www.cosyowl.com\/fr\/huile-parfumee-gardenia\" target=\"_blank\" rel=\"noopener\">Gard\u00e9nia<\/a> &#8211; <\/strong><\/strong>Notre huile parfum\u00e9e Gardenia a \u00e9t\u00e9 sp\u00e9cialement formul\u00e9e pour \u00e9voquer le d\u00e9licieux parfum associ\u00e9 \u00e0 cette plante \u00e0 fleurs originaire des r\u00e9gions tropicales et subtropicales d&rsquo;Afrique et d&rsquo;Asie , Madagascar et les \u00eeles du Pacifique. Ce parfum d\u00e9gage initialement une odeur forte et dominante associ\u00e9e \u00e0 la bergamote, \u00e0 la fleur d&rsquo;oranger et au pamplemousse. Cet ar\u00f4me est le plus prononc\u00e9 lorsque votre bougie commence \u00e0 br\u00fbler, remplissant votre pi\u00e8ce d&rsquo;un parfum qui est ensuite rehauss\u00e9 par des nuances l\u00e9g\u00e8res de magnolia, de jacinthe douce, de gard\u00e9nia et de jasmin de minuit. Incorpor\u00e9 dans la formulation de ce parfum distinctif est un d\u00e9licieux arri\u00e8re-go\u00fbt de musc nude, de clou de girofle, de g\u00e9ranium et de bois de santal.<\/li>\n<li><strong><a href=\"https:\/\/www.cosyowl.com\/fr\/huile-parfumee-lavande-papillon\" target=\"_blank\" rel=\"noopener\">Fran\u00e7ais Lavande<\/a> &#8211;<\/strong>Notre\u00a0huile parfum\u00e9e \u00e0 la lavande fran\u00e7aise\u00a0a \u00e9t\u00e9 sp\u00e9cialement formul\u00e9e pour \u00e9voquer le merveilleux parfum associ\u00e9 \u00e0 cette esp\u00e8ce de plante \u00e0 fleurs de la famille des Lamiac\u00e9es, naturellement pr\u00e9sente dans les pays m\u00e9diterran\u00e9ens. L&rsquo;huile d\u00e9gage imm\u00e9diatement une odeur forte et prononc\u00e9e associ\u00e9e \u00e0 la bergamote et \u00e0 la lavande. Cet ar\u00f4me initial est le plus prononc\u00e9 lorsque votre bougie commence \u00e0 br\u00fbler, remplissant votre pi\u00e8ce d&rsquo;un parfum qui est ensuite rehauss\u00e9 par des nuances l\u00e9g\u00e8res de sauge sclar\u00e9e, de lavande fran\u00e7aise et de feuille de cannelier. Incorpor\u00e9 dans la formulation de ce parfum distinctif est un d\u00e9licieux arri\u00e8re-go\u00fbt de\u00a0vanille fran\u00e7aise, galbanum et bois de rose.<\/li>\n<\/ul>\n","protected":false},"excerpt":{"rendered":"<p>Collection d&rsquo;huiles parfum\u00e9es florales. Nos ensembles d&rsquo;huiles parfum\u00e9es sont le moyen id\u00e9al pour tester nos huiles parfum\u00e9es les plus vendues. Cet ensemble comprend 5\u00a0huiles parfum\u00e9es de 10\u00a0ml de notre collection florale. Roses rouges &#8211; Notre \u00a0Red Roses Fragrance Oil\u00a0a \u00e9t\u00e9 sp\u00e9cialement formul\u00e9e pour \u00e9voquer le parfum frais familier et bien-aim\u00e9 associ\u00e9 \u00e0 cette plante \u00e0 [&hellip;]<\/p>\n","protected":false},"featured_media":26640,"comment_status":"open","ping_status":"closed","template":"","meta":{"_acf_changed":false},"product_brand":[],"product_cat":[304,335,292,116,118,130,119,285,199],"product_tag":[],"class_list":{"0":"post-20340","1":"product","2":"type-product","3":"status-publish","4":"has-post-thumbnail","6":"product_cat-liasses-ensembles-dhuiles-parfumees","7":"product_cat-ensembles-dhuiles-parfumees","8":"product_cat-huiles-parfumees-ensembles","9":"product_cat-fabrication-de-savon-huiles-parfumees","10":"product_cat-huile-a-barbe-parfumees","11":"product_cat-huiles-parfumees-floral","12":"product_cat-fondants-parfumes-huiles-parfumees","13":"product_cat-soin-des-corps-huiles-parfumees","14":"product_cat-soin-des-cheveux-huiles-parfumees","16":"first","17":"outofstock","18":"taxable","19":"shipping-taxable","20":"purchasable","21":"product-type-simple"},"acf":[],"_links":{"self":[{"href":"https:\/\/cosyowl.com\/fr\/wp-json\/wp\/v2\/product\/20340","targetHints":{"allow":["GET"]}}],"collection":[{"href":"https:\/\/cosyowl.com\/fr\/wp-json\/wp\/v2\/product"}],"about":[{"href":"https:\/\/cosyowl.com\/fr\/wp-json\/wp\/v2\/types\/product"}],"replies":[{"embeddable":true,"href":"https:\/\/cosyowl.com\/fr\/wp-json\/wp\/v2\/comments?post=20340"}],"wp:featuredmedia":[{"embeddable":true,"href":"https:\/\/cosyowl.com\/fr\/wp-json\/wp\/v2\/media\/26640"}],"wp:attachment":[{"href":"https:\/\/cosyowl.com\/fr\/wp-json\/wp\/v2\/media?parent=20340"}],"wp:term":[{"taxonomy":"product_brand","embeddable":true,"href":"https:\/\/cosyowl.com\/fr\/wp-json\/wp\/v2\/product_brand?post=20340"},{"taxonomy":"product_cat","embeddable":true,"href":"https:\/\/cosyowl.com\/fr\/wp-json\/wp\/v2\/product_cat?post=20340"},{"taxonomy":"product_tag","embeddable":true,"href":"https:\/\/cosyowl.com\/fr\/wp-json\/wp\/v2\/product_tag?post=20340"}],"curies":[{"name":"wp","href":"https:\/\/api.w.org\/{rel}","templated":true}]}}