{"id":20338,"date":"2022-04-22T14:55:45","date_gmt":"2022-04-22T12:55:45","guid":{"rendered":"https:\/\/cosyowl.com\/fr\/?post_type=product&#038;p=20338"},"modified":"2025-09-29T17:24:08","modified_gmt":"2025-09-29T15:24:08","slug":"cosy-owl-collection-dhuiles-parfumees-de-noel-lot-de-5","status":"publish","type":"product","link":"https:\/\/cosyowl.com\/fr\/fournitures-de-bougies\/huiles-parfumees-pour-bougies\/ensembles-dhuiles-parfumees\/cosy-owl-collection-dhuiles-parfumees-de-noel-lot-de-5","title":{"rendered":"Cosy Owl Collection d&rsquo;huiles parfum\u00e9es de No\u00ebl &#8211; (Lot de 5)"},"content":{"rendered":"<p><strong>Collection d&rsquo;huiles parfum\u00e9es de No\u00ebl.<\/strong><\/p>\n<p>Nos ensembles d&rsquo;huiles parfum\u00e9es sont le moyen id\u00e9al pour tester nos huiles parfum\u00e9es les plus vendues.<\/p>\n<p>Cet ensemble comprend 5\u00a0huiles parfum\u00e9es de 10\u00a0ml de notre collection de No\u00ebl.<\/p>\n<ul>\n<li><strong><a href=\"https:\/\/www.cosyowl.com\/fr\/huile-parfumee-epices-de-noel\" target=\"_blank\" rel=\"noopener\">No\u00ebl \u00c9pice<\/a> <\/strong>&#8211; Notre huile parfum\u00e9e aux \u00e9pices de No\u00ebl a \u00e9t\u00e9 sp\u00e9cialement formul\u00e9e pour \u00e9voquer l&rsquo;ar\u00f4me riche et familier de certaines des \u00e9pices les plus connues utilis\u00e9es \u00e0 la fois dans les aliments et les parfums ; quelque chose de toujours \u00e0 sa place au moment de No\u00ebl. Ce parfum intense et r\u00e9sonnant d\u00e9gage une odeur forte et pro\u00e9minente associ\u00e9e \u00e0 la bergamote, au gingembre, au zeste d&rsquo;orange et \u00e0 l&rsquo;eucalyptus. Cet ar\u00f4me initial est le plus prononc\u00e9 lorsque votre bougie commence \u00e0 br\u00fbler, remplissant votre pi\u00e8ce d&rsquo;un parfum qui est ensuite rehauss\u00e9 par de l\u00e9g\u00e8res nuances de clou de girofle et de cannelle. Incorpor\u00e9 dans la formulation de ce parfum distinctif est un d\u00e9licieux arri\u00e8re-go\u00fbt de musc, de cardamome et de vanille.<\/li>\n<li><a href=\"https:\/\/cosyowl.com\/fr\/huile-de-parfum-de-flocon-de-neige\"><strong>Flocon de Neige<\/strong><\/a> &#8211; Toutes nos huiles parfum\u00e9es sont exclusives \u00e0 Cosy Owl et ont \u00e9t\u00e9 d\u00e9velopp\u00e9es par nos experts pour leurs excellentes capacit\u00e9s de lib\u00e9ration des parfums, puis optimis\u00e9es pour se marier parfaitement avec nos cires. Nos huiles sont 100 % concentr\u00e9es et se conjuguent parfaitement \u00e0 toutes nos cires.<\/li>\n<li><strong><a href=\"https:\/\/www.cosyowl.com\/fr\/Huile-de-parfum-de-couronne-de-canneberge\" target=\"_blank\" rel=\"noopener\">Couronne de canneberge <\/a><\/strong>&#8211; Notre huile parfum\u00e9e Cranberry Wreath est d\u00e9riv\u00e9e du fruit de la canneberge, qui fait partie d&rsquo;un groupe d&rsquo;arbustes nains \u00e0 feuilles persistantes ou de vignes tra\u00eenantes du sous-genre Oxycoccus du genre Vaccinium. Tr\u00e8s bien, c&rsquo;est la description technique, mais pour la plupart d&rsquo;entre nous, l&rsquo;ar\u00f4me nous rappelle No\u00ebl lorsqu&rsquo;il est combin\u00e9 avec le r\u00f4ti de dinde. Imm\u00e9diatement, l&rsquo;huile de parfum d\u00e9gage une odeur forte et pro\u00e9minente de g\u00e9ranium, de zeste d&rsquo;orange et de gingembre rose. Cet ar\u00f4me initial est le plus prononc\u00e9 lorsque votre bougie commence \u00e0 br\u00fbler, remplissant votre pi\u00e8ce d&rsquo;un parfum qui est ensuite rehauss\u00e9 par des nuances de framboise, de rose marocaine, de poivre rose et de canneberges juteuses. Incorpor\u00e9 dans la formulation de ce parfum distinctif est un d\u00e9licieux arri\u00e8re-go\u00fbt de mousse de ch\u00eane, de vanille, de noix de muscade cr\u00e9meuse, de f\u00e8ve tonka et d&rsquo;aiguille de sapin.<\/li>\n<li><strong><a href=\"https:\/\/www.cosyowl.com\/fr\/huile-parfumee-vin-chaud\" target=\"_blank\" rel=\"noopener\">Vin chaud<\/a><\/strong> &#8211; Notre huile parfum\u00e9e pour vin chaud a \u00e9t\u00e9 sp\u00e9cialement formul\u00e9e pour fournir l&rsquo;ar\u00f4me \u00e9pic\u00e9 associ\u00e9 \u00e0 cette boisson populaire faisant ressortir les joies de No\u00ebl. L&rsquo;huile \u00e9voque ce parfum commun\u00e9ment appr\u00e9ci\u00e9 et appr\u00e9ci\u00e9 associ\u00e9 au raisin rouge et \u00e0 la pomme croquante. Cet ar\u00f4me initial est le plus prononc\u00e9 lorsque votre bougie commence \u00e0 br\u00fbler, remplissant votre pi\u00e8ce d&rsquo;un parfum qui est ensuite rehauss\u00e9 par de l\u00e9g\u00e8res nuances de framboise, de m\u00fbre, de clou de girofle et de cannelle p\u00e9tillante. Incorpor\u00e9 dans la formulation de ce parfum distinctif est un d\u00e9licieux arri\u00e8re-go\u00fbt de piment de la Jama\u00efque, de noix de muscade et de vanille.<\/li>\n<li><a href=\"https:\/\/cosyowl.com\/fr\/fournitures-de-bougies\/parfumees-pour-bougies\/tous-les-parfums\/huile-parfumee-pour-sapin-de-noel\"><strong>Sapin de No\u00ebl <\/strong><\/a>&#8211; Infusez votre maison de l&rsquo;essence de No\u00ebl avec notre huile parfum\u00e9e pour sapin de No\u00ebl. Ce parfum chaud et \u00e9pic\u00e9 capture la magie de la saison des f\u00eates, avec des notes de t\u00eate d&rsquo;aiguilles de pin suivies d&rsquo;un m\u00e9lange harmonieux de clou de girofle, de cannelle et de piment. Ancr\u00e9 dans le sapin baumier et les bois fum\u00e9s, ce parfum cr\u00e9e une atmosph\u00e8re chaleureuse rappelant les for\u00eats enneig\u00e9es et les traditions festives.<\/li>\n<\/ul>\n<p><!--%Fiches techniques%--><\/p>\n<p>&nbsp;<\/p>\n<p><!--%Informations sur les parfums%--><\/p>\n<p>&nbsp;<\/p>\n","protected":false},"excerpt":{"rendered":"<p>Collection d&rsquo;huiles parfum\u00e9es de No\u00ebl. Nos ensembles d&rsquo;huiles parfum\u00e9es sont le moyen id\u00e9al pour tester nos huiles parfum\u00e9es les plus vendues. Cet ensemble comprend 5\u00a0huiles parfum\u00e9es de 10\u00a0ml de notre collection de No\u00ebl. No\u00ebl \u00c9pice &#8211; Notre huile parfum\u00e9e aux \u00e9pices de No\u00ebl a \u00e9t\u00e9 sp\u00e9cialement formul\u00e9e pour \u00e9voquer l&rsquo;ar\u00f4me riche et familier de certaines [&hellip;]<\/p>\n","protected":false},"featured_media":26648,"comment_status":"open","ping_status":"closed","template":"","meta":{"_acf_changed":false},"product_brand":[],"product_cat":[335,292,304,116,118,119,285,121,199],"product_tag":[],"class_list":{"0":"post-20338","1":"product","2":"type-product","3":"status-publish","4":"has-post-thumbnail","6":"product_cat-ensembles-dhuiles-parfumees","7":"product_cat-huiles-parfumees-ensembles","8":"product_cat-liasses-ensembles-dhuiles-parfumees","9":"product_cat-fabrication-de-savon-huiles-parfumees","10":"product_cat-huile-a-barbe-parfumees","11":"product_cat-fondants-parfumes-huiles-parfumees","12":"product_cat-soin-des-corps-huiles-parfumees","13":"product_cat-huiles-parfumees-noel","14":"product_cat-soin-des-cheveux-huiles-parfumees","16":"first","17":"instock","18":"taxable","19":"shipping-taxable","20":"purchasable","21":"product-type-simple"},"acf":[],"_links":{"self":[{"href":"https:\/\/cosyowl.com\/fr\/wp-json\/wp\/v2\/product\/20338","targetHints":{"allow":["GET"]}}],"collection":[{"href":"https:\/\/cosyowl.com\/fr\/wp-json\/wp\/v2\/product"}],"about":[{"href":"https:\/\/cosyowl.com\/fr\/wp-json\/wp\/v2\/types\/product"}],"replies":[{"embeddable":true,"href":"https:\/\/cosyowl.com\/fr\/wp-json\/wp\/v2\/comments?post=20338"}],"wp:featuredmedia":[{"embeddable":true,"href":"https:\/\/cosyowl.com\/fr\/wp-json\/wp\/v2\/media\/26648"}],"wp:attachment":[{"href":"https:\/\/cosyowl.com\/fr\/wp-json\/wp\/v2\/media?parent=20338"}],"wp:term":[{"taxonomy":"product_brand","embeddable":true,"href":"https:\/\/cosyowl.com\/fr\/wp-json\/wp\/v2\/product_brand?post=20338"},{"taxonomy":"product_cat","embeddable":true,"href":"https:\/\/cosyowl.com\/fr\/wp-json\/wp\/v2\/product_cat?post=20338"},{"taxonomy":"product_tag","embeddable":true,"href":"https:\/\/cosyowl.com\/fr\/wp-json\/wp\/v2\/product_tag?post=20338"}],"curies":[{"name":"wp","href":"https:\/\/api.w.org\/{rel}","templated":true}]}}