{"id":20337,"date":"2022-04-22T15:04:38","date_gmt":"2022-04-22T13:04:38","guid":{"rendered":"https:\/\/cosyowl.com\/fr\/?post_type=product&#038;p=20337"},"modified":"2026-02-09T17:39:22","modified_gmt":"2026-02-09T16:39:22","slug":"collection-inspiree-du-parfum-cosy-owl-lot-de-5","status":"publish","type":"product","link":"https:\/\/cosyowl.com\/fr\/fournitures-de-bougies\/huiles-parfumees-pour-bougies\/ensembles-dhuiles-parfumees\/collection-inspiree-du-parfum","title":{"rendered":"Collection inspir\u00e9e du parfum Cosy Owl &#8211; (Lot de 5)"},"content":{"rendered":"<p><strong>Collection d&rsquo;huiles parfum\u00e9es inspir\u00e9es du parfum.<\/strong><\/p>\n<p>Nos ensembles d&rsquo;huiles parfum\u00e9es sont le moyen id\u00e9al pour tester nos huiles parfum\u00e9es les plus vendues.<\/p>\n<p>Cet ensemble comprend 5\u00a0huiles parfum\u00e9es de 10\u00a0ml de notre collection inspir\u00e9e des parfums<\/p>\n<ul>\n<li><strong><a href=\"https:\/\/cosyowl.com\/fr\/huiles-parfumees\/huile-parfumee-baies\">Baies<\/a> &#8211;\u00a0<\/strong>L&rsquo;un des parfums les plus vendus de l&rsquo;une des plus grandes marques de bougies au monde, ce parfum vous transportera en France avec toute la romance et la sophistication de la culture. Avec des notes de baies d&rsquo;\u00e9t\u00e9, de roses, de freesia et de feuilles de cassis. Avec ce parfum Cosy Owl Premium, vous pouvez d\u00e9sormais obtenir ce parfum fid\u00e8lement recr\u00e9\u00e9 pour vos produits et ajouter une vraie touche de classe.<\/li>\n<li><strong><a href=\"https:\/\/www.cosyowl.com\/fragrance-oils\/all-fragrances\/lost-cherry-type-fragrance-oil\" rel=\"noopener\">Type de cerise perdue<\/a> &#8211;<\/strong> Il s&rsquo;agit d&rsquo;un parfum magnifiquement m\u00e9lang\u00e9 inspir\u00e9 du parfum Tom Ford Lost Cherry. \u00a0Si rond et doux avec des nuances d\u00e9licates et des notes de fond subtiles pour que ce parfum ravisse \u00e0 coup s\u00fbr les fans du parfum original et les nouveaux venus. \u00a0Avec des notes de t\u00eate de\u00a0thym blanc, de bergamote et de poivre rose\u00a0et des notes moyennes parfum\u00e9es de\u00a0feuille de violette, de n\u00e9roli et d&rsquo;ambre blanc\u00a0le tout reposant magnifiquement sur une base \u00e9quilibr\u00e9e de\u00a0vanille fran\u00e7aise, bois de santal, v\u00e9tiver, patchouli et sauge.\u00a0 Il s&rsquo;agit d&rsquo;un parfum profond et riche avec un nouvel attrait tout au long du jet de parfum.<\/li>\n<li><strong><a href=\"https:\/\/www.cosyowl.com\/fr\/huile-parfumee-lady-million\" target=\"_blank\" rel=\"noopener\">Lady Million Type<\/a> &#8211; <\/strong>Notre \u00a0Lady Million Type Fragrance Oil\u00a0a \u00e9t\u00e9 sp\u00e9cialement formul\u00e9e pour \u00e9voquer ce parfum f\u00e9minin d\u00e9licat et \u00e9l\u00e9gant et d\u00e9gage une odeur forte et pro\u00e9minente associ\u00e9e \u00e0\u00a0orange, n\u00e9roli et pomme\u00a0 . Cet ar\u00f4me initial est le plus prononc\u00e9 lorsque votre bougie commence \u00e0 br\u00fbler, remplissant votre pi\u00e8ce d&rsquo;un parfum qui est ensuite rehauss\u00e9 par de l\u00e9g\u00e8res nuances de jasmin, de violette et de pivoine. Incorpor\u00e9 dans la formulation de ce parfum distinctif est un d\u00e9licieux arri\u00e8re-go\u00fbt d&rsquo;ambre, de patchouli, de bois de santal, de vanille et de musc.<\/li>\n<li><strong><a href=\"https:\/\/cosyowl.com\/fr\/?post_type=product&amp;p=25458&amp;preview=true\">L&rsquo;opium<\/a> &#8211;\u00a0<\/strong>Enveloppez-vous dans un m\u00e9lange captivant d&rsquo;ambre, de douceur gourmande, de musc, de fleur d&rsquo;oranger, de coing, de bois de santal et de vanille. Cet ar\u00f4me sophistiqu\u00e9 offre un voyage sensuel \u00e0 travers des couches d&rsquo;opulence et d&rsquo;attrait, parfait pour ceux qui recherchent une touche de myst\u00e8re et d&rsquo;indulgence.<\/li>\n<li><strong><a href=\"https:\/\/www.cosyowl.com\/fragrance-oils\/v-r-flowerbomb-type\" target=\"_blank\" rel=\"noopener\">V&amp;R Flowerbomb Type<\/a> &#8211; <\/strong>Notre huile parfum\u00e9e inspir\u00e9e de V&amp;R Flowerbomb a \u00e9t\u00e9 sp\u00e9cialement formul\u00e9e pour \u00e9voquer ce parfum f\u00e9minin puissant et intense de Viktor &amp; Rolfand, d\u00e9gageant une odeur forte et pr\u00e9dominante associ\u00e9e \u00e0 la m\u00e9lisse et \u00e0 la bergamote. Cet ar\u00f4me initial est le plus prononc\u00e9 lorsque votre bougie commence \u00e0 br\u00fbler, remplissant votre pi\u00e8ce d&rsquo;un parfum qui est ensuite rehauss\u00e9 par de l\u00e9g\u00e8res nuances de muguet, de jasmin et de muguet. Incorpor\u00e9 dans la formulation de ce parfum distinctif est un d\u00e9licieux arri\u00e8re-go\u00fbt de bois de santal, de patchouli, de musc et d&rsquo;ambre croquant.<\/li>\n<\/ul>\n","protected":false},"excerpt":{"rendered":"<p>Collection d&rsquo;huiles parfum\u00e9es inspir\u00e9es du parfum. Nos ensembles d&rsquo;huiles parfum\u00e9es sont le moyen id\u00e9al pour tester nos huiles parfum\u00e9es les plus vendues. Cet ensemble comprend 5\u00a0huiles parfum\u00e9es de 10\u00a0ml de notre collection inspir\u00e9e des parfums Baies &#8211;\u00a0L&rsquo;un des parfums les plus vendus de l&rsquo;une des plus grandes marques de bougies au monde, ce parfum vous [&hellip;]<\/p>\n","protected":false},"featured_media":26644,"comment_status":"open","ping_status":"closed","template":"","meta":{"_acf_changed":false},"product_brand":[],"product_cat":[112,304,335,292,116,118,119,285,199],"product_tag":[],"class_list":{"0":"post-20337","1":"product","2":"type-product","3":"status-publish","4":"has-post-thumbnail","6":"product_cat-huiles-parfumees-designer","7":"product_cat-liasses-ensembles-dhuiles-parfumees","8":"product_cat-ensembles-dhuiles-parfumees","9":"product_cat-huiles-parfumees-ensembles","10":"product_cat-fabrication-de-savon-huiles-parfumees","11":"product_cat-huile-a-barbe-parfumees","12":"product_cat-fondants-parfumes-huiles-parfumees","13":"product_cat-soin-des-corps-huiles-parfumees","14":"product_cat-soin-des-cheveux-huiles-parfumees","16":"first","17":"outofstock","18":"taxable","19":"shipping-taxable","20":"purchasable","21":"product-type-simple"},"acf":[],"_links":{"self":[{"href":"https:\/\/cosyowl.com\/fr\/wp-json\/wp\/v2\/product\/20337","targetHints":{"allow":["GET"]}}],"collection":[{"href":"https:\/\/cosyowl.com\/fr\/wp-json\/wp\/v2\/product"}],"about":[{"href":"https:\/\/cosyowl.com\/fr\/wp-json\/wp\/v2\/types\/product"}],"replies":[{"embeddable":true,"href":"https:\/\/cosyowl.com\/fr\/wp-json\/wp\/v2\/comments?post=20337"}],"wp:featuredmedia":[{"embeddable":true,"href":"https:\/\/cosyowl.com\/fr\/wp-json\/wp\/v2\/media\/26644"}],"wp:attachment":[{"href":"https:\/\/cosyowl.com\/fr\/wp-json\/wp\/v2\/media?parent=20337"}],"wp:term":[{"taxonomy":"product_brand","embeddable":true,"href":"https:\/\/cosyowl.com\/fr\/wp-json\/wp\/v2\/product_brand?post=20337"},{"taxonomy":"product_cat","embeddable":true,"href":"https:\/\/cosyowl.com\/fr\/wp-json\/wp\/v2\/product_cat?post=20337"},{"taxonomy":"product_tag","embeddable":true,"href":"https:\/\/cosyowl.com\/fr\/wp-json\/wp\/v2\/product_tag?post=20337"}],"curies":[{"name":"wp","href":"https:\/\/api.w.org\/{rel}","templated":true}]}}