{"id":19691,"date":"2022-01-26T14:17:11","date_gmt":"2022-01-26T13:17:11","guid":{"rendered":"https:\/\/cosyowl.com\/fr\/?post_type=product&#038;p=19691"},"modified":"2026-04-28T18:23:21","modified_gmt":"2026-04-28T16:23:21","slug":"kit-de-fabrication-de-diffuseur-de-sauge-et-sel-marin","status":"publish","type":"product","link":"https:\/\/cosyowl.com\/fr\/kits-dartisanat\/kits-de-fabrication-de-diffuseurs\/kit-de-fabrication-de-diffuseur-de-sauge-et-de-sel-de-mer","title":{"rendered":"Kit de fabrication de diffuseur de sauge et sel marin"},"content":{"rendered":"<div id=\"tabcontentcontainer\">\n<div id=\"sc1\" class=\"tabcontent\">\n<div id=\"productDescription_1\" class=\"productGeneral biggerText\">\n<p><strong>Kit de fabrication de diffuseur de sauge et sel marin<\/strong><\/p>\n<p>Nos kits de diffuseurs sont l&rsquo;achat parfait pour tous ceux qui cherchent \u00e0 faire preuve de cr\u00e9ativit\u00e9 et \u00e0 commencer \u00e0 fabriquer leurs propres diffuseurs \u00e0 la maison. Avec ce kit, vous avez tout ce dont vous avez besoin pour fabriquer deux diffuseurs.<\/p>\n<p><strong>Inclus dans votre kit\u00a0:<\/strong><\/p>\n<ul>\n<li>100 ml &#8211; Huile parfum\u00e9e \u00e0 la sauge et au sel marin<\/li>\n<li>500g &#8211; Huile de base pour diffuseur<\/li>\n<li>100\u00a0ml\u00a0&#8211;\u00a0Conteneur de cube diffuseur en verre<\/li>\n<li>2x flacons diffuseurs en verre Karen de 100 ml<\/li>\n<li>1x capuchon de diffuseur en m\u00e9tal dor\u00e9<\/li>\n<li>2x capuchon de diffuseur en m\u00e9tal argent\u00e9<\/li>\n<li>20 roseaux diffuseurs noirs<\/li>\n<li>10 roseaux diffuseurs blancs<\/li>\n<li>1\u00a0guide \u00e9tape par \u00e9tape<\/li>\n<\/ul>\n<p>Un parfum aromatique et musqu\u00e9 inspir\u00e9 du c\u00e9l\u00e8bre parfum Jo Malone. \u00a0Avec la richesse et la profondeur qui caract\u00e9risent notre gamme de parfums haut de gamme, ce parfum \u00e0 base marine a des notes de t\u00eate de\u00a0<strong>menthe douce, th\u00e9 vert, eucalyptus, bergamote et freesia,\u00a0<\/strong>des notes moyennes de\u00a0&lt; strong&gt;jasmin, fleur blanche et thym\u00a0avec des notes de fond\u00a0<strong>musc cristal, bois de santal et notes moussues<\/strong>. Pas trop puissant mais avec une vraie tenue, ce parfum \u00e9volue vraiment et m\u00fbrit plus il reste longtemps dans l&rsquo;air.<\/p>\n<p>Nous sommes fiers de fournir les ingr\u00e9dients de la plus haute qualit\u00e9 disponibles sur le march\u00e9 pour fabriquer les diffuseurs parfaits \u00e0 la maison. Nos kits sont parfaits pour ceux qui d\u00e9butent et ceux qui ma\u00eetrisent d\u00e9j\u00e0 les comp\u00e9tences, alors prenez votre tablier et laissez-vous tenter par l&rsquo;artisanat.<\/p>\n<\/div>\n<\/div>\n<\/div>\n","protected":false},"excerpt":{"rendered":"<p>Kit de fabrication de diffuseur de sauge et sel marin Nos kits de diffuseurs sont l&rsquo;achat parfait pour tous ceux qui cherchent \u00e0 faire preuve de cr\u00e9ativit\u00e9 et \u00e0 commencer \u00e0 fabriquer leurs propres diffuseurs \u00e0 la maison. Avec ce kit, vous avez tout ce dont vous avez besoin pour fabriquer deux diffuseurs. Inclus dans [&hellip;]<\/p>\n","protected":false},"featured_media":19692,"comment_status":"open","ping_status":"closed","template":"","meta":{"_acf_changed":false},"product_brand":[],"product_cat":[341,274],"product_tag":[],"class_list":{"0":"post-19691","1":"product","2":"type-product","3":"status-publish","4":"has-post-thumbnail","6":"product_cat-kits-de-fabrication-de-diffuseurs-diffuseurs-batonnets","7":"product_cat-kits-de-fabrication-de-diffuseurs","9":"first","10":"instock","11":"taxable","12":"shipping-taxable","13":"purchasable","14":"product-type-simple"},"acf":[],"_links":{"self":[{"href":"https:\/\/cosyowl.com\/fr\/wp-json\/wp\/v2\/product\/19691","targetHints":{"allow":["GET"]}}],"collection":[{"href":"https:\/\/cosyowl.com\/fr\/wp-json\/wp\/v2\/product"}],"about":[{"href":"https:\/\/cosyowl.com\/fr\/wp-json\/wp\/v2\/types\/product"}],"replies":[{"embeddable":true,"href":"https:\/\/cosyowl.com\/fr\/wp-json\/wp\/v2\/comments?post=19691"}],"wp:featuredmedia":[{"embeddable":true,"href":"https:\/\/cosyowl.com\/fr\/wp-json\/wp\/v2\/media\/19692"}],"wp:attachment":[{"href":"https:\/\/cosyowl.com\/fr\/wp-json\/wp\/v2\/media?parent=19691"}],"wp:term":[{"taxonomy":"product_brand","embeddable":true,"href":"https:\/\/cosyowl.com\/fr\/wp-json\/wp\/v2\/product_brand?post=19691"},{"taxonomy":"product_cat","embeddable":true,"href":"https:\/\/cosyowl.com\/fr\/wp-json\/wp\/v2\/product_cat?post=19691"},{"taxonomy":"product_tag","embeddable":true,"href":"https:\/\/cosyowl.com\/fr\/wp-json\/wp\/v2\/product_tag?post=19691"}],"curies":[{"name":"wp","href":"https:\/\/api.w.org\/{rel}","templated":true}]}}