{"id":19622,"date":"2022-01-26T12:23:11","date_gmt":"2022-01-26T11:23:11","guid":{"rendered":"https:\/\/cosyowl.com\/fr\/?post_type=product&#038;p=19622"},"modified":"2025-09-29T17:24:06","modified_gmt":"2025-09-29T15:24:06","slug":"kit-de-fabrication-de-cire-de-pamplemousse-sale","status":"publish","type":"product","link":"https:\/\/cosyowl.com\/fr\/kits-artisanaux\/kit-de-fonte-de-cire\/kit-de-fonte-de-cire-de-pamplemousse-sal","title":{"rendered":"Kit de fabrication de cire de pamplemousse sal\u00e9"},"content":{"rendered":"<p><strong>Kit de fabrication de cire de pamplemousse sal\u00e9<\/strong><\/p>\n<p>Nos kits fabrication de fondants parfum\u00e9s sont l&rsquo;achat parfait pour tous ceux qui cherchent \u00e0 faire preuve de cr\u00e9ativit\u00e9 et \u00e0 commencer \u00e0 fabriquer leurs propres Wax Melts. Avec ce kit, vous avez tout ce dont vous avez besoin pour faire une vari\u00e9t\u00e9 de fontes de cire de diff\u00e9rentes formes.<\/p>\n<p><strong>Inclus dans votre kit\u00a0:<\/strong><\/p>\n<ul>\n<li>Huile de parfum de pamplemousse sal\u00e9e \u2013 50 ml<\/li>\n<li>25\u00a0g &amp;ndash\u00a0; Poudre de Mica Safran<\/li>\n<li>3g &#8211; colorant Orange Bekro<\/li>\n<li>350g &#8211; Cire Pilier<\/li>\n<li>1x moules pour fondants 6 cubes, 1x coquille de palourde coeur, 1x coquille de palourde \u00e9toil\u00e9e, 1x moule en plastique rond.<\/li>\n<li>1\u00a0guide \u00e9tape par \u00e9tape<\/li>\n<\/ul>\n<p>Notre\u00a0<strong>Huile de parfum de pamplemousse sal\u00e9<\/strong>\u00a0 a \u00e9t\u00e9 sp\u00e9cialement formul\u00e9e pour \u00e9voquer le parfum fruit\u00e9 et acidul\u00e9 familier et bien-aim\u00e9 associ\u00e9 au pamplemousse commun et d\u00e9gage initialement une odeur forte et pro\u00e9minente associ\u00e9e \u00e0&lt; strong&gt;\u00a0sel marin, pamplemousse rose, gingembre rose, zeste de pomme et de citron. Cet ar\u00f4me est le plus prononc\u00e9 lorsque votre bougie commence \u00e0 br\u00fbler, remplissant votre pi\u00e8ce d&rsquo;un parfum qui est ensuite rehauss\u00e9 par de l\u00e9g\u00e8res nuances de\u00a0<strong>muguet, de poivre noir, de g\u00e9ranium et de sauge sclar\u00e9e<\/strong>. Incorpor\u00e9 dans la formulation de ce parfum distinctif est un d\u00e9licieux arri\u00e8re-go\u00fbt de trace d&rsquo;<strong>ambre, de c\u00e8dre et de gousse de vanille<\/strong>.<\/p>\n<p>Nous sommes fiers de fournir les ingr\u00e9dients de la plus haute qualit\u00e9 disponibles sur le march\u00e9 pour faire les parfaits Wax Melts \u00e0 la maison. Nos kits sont parfaits pour ceux qui d\u00e9butent et ceux qui ma\u00eetrisent d\u00e9j\u00e0 les comp\u00e9tences, alors prenez votre tablier et commen\u00e7ons \u00e0 fabriquer.<\/p>\n","protected":false},"excerpt":{"rendered":"<p>Kit de fabrication de cire de pamplemousse sal\u00e9 Nos kits fabrication de fondants parfum\u00e9s sont l&rsquo;achat parfait pour tous ceux qui cherchent \u00e0 faire preuve de cr\u00e9ativit\u00e9 et \u00e0 commencer \u00e0 fabriquer leurs propres Wax Melts. Avec ce kit, vous avez tout ce dont vous avez besoin pour faire une vari\u00e9t\u00e9 de fontes de cire [&hellip;]<\/p>\n","protected":false},"featured_media":19623,"comment_status":"open","ping_status":"closed","template":"","meta":{"_acf_changed":false},"product_brand":[],"product_cat":[275,342],"product_tag":[],"class_list":{"0":"post-19622","1":"product","2":"type-product","3":"status-publish","4":"has-post-thumbnail","6":"product_cat-kits-de-fabrication-de-fondants-parfumes","7":"product_cat-kits-de-fabrication-de-fondants-parfumes-fondants-parfumes","9":"first","10":"instock","11":"taxable","12":"shipping-taxable","13":"purchasable","14":"product-type-simple"},"acf":[],"_links":{"self":[{"href":"https:\/\/cosyowl.com\/fr\/wp-json\/wp\/v2\/product\/19622","targetHints":{"allow":["GET"]}}],"collection":[{"href":"https:\/\/cosyowl.com\/fr\/wp-json\/wp\/v2\/product"}],"about":[{"href":"https:\/\/cosyowl.com\/fr\/wp-json\/wp\/v2\/types\/product"}],"replies":[{"embeddable":true,"href":"https:\/\/cosyowl.com\/fr\/wp-json\/wp\/v2\/comments?post=19622"}],"wp:featuredmedia":[{"embeddable":true,"href":"https:\/\/cosyowl.com\/fr\/wp-json\/wp\/v2\/media\/19623"}],"wp:attachment":[{"href":"https:\/\/cosyowl.com\/fr\/wp-json\/wp\/v2\/media?parent=19622"}],"wp:term":[{"taxonomy":"product_brand","embeddable":true,"href":"https:\/\/cosyowl.com\/fr\/wp-json\/wp\/v2\/product_brand?post=19622"},{"taxonomy":"product_cat","embeddable":true,"href":"https:\/\/cosyowl.com\/fr\/wp-json\/wp\/v2\/product_cat?post=19622"},{"taxonomy":"product_tag","embeddable":true,"href":"https:\/\/cosyowl.com\/fr\/wp-json\/wp\/v2\/product_tag?post=19622"}],"curies":[{"name":"wp","href":"https:\/\/api.w.org\/{rel}","templated":true}]}}