{"id":19617,"date":"2022-01-26T11:19:51","date_gmt":"2022-01-26T10:19:51","guid":{"rendered":"https:\/\/cosyowl.com\/fr\/?post_type=product&#038;p=19617"},"modified":"2025-11-14T11:39:03","modified_gmt":"2025-11-14T10:39:03","slug":"kit-de-fabrication-de-cire-fondue-oud","status":"publish","type":"product","link":"https:\/\/cosyowl.com\/fr\/kits-d-artisanat\/kit-de-fabrication-de-cire\/kit-de-fabrication-de-fonte-de-la-cire-oud","title":{"rendered":"Kit de fabrication de cire fondue Oud"},"content":{"rendered":"<p><strong>Kit de fabrication de cire fondue Oud<\/strong><\/p>\n<p>Nos kits fabrication de fondants parfum\u00e9s sont l&rsquo;achat parfait pour tous ceux qui cherchent \u00e0 faire preuve de cr\u00e9ativit\u00e9 et \u00e0 commencer \u00e0 fabriquer leurs propres Wax Melts. Avec ce kit, vous avez tout ce dont vous avez besoin pour faire une vari\u00e9t\u00e9 de fontes de cire de diff\u00e9rentes formes.<\/p>\n<p><strong>Inclus dans votre kit\u00a0:<\/strong><\/p>\n<p>Huile parfum\u00e9e Oud \u2013 50 ml<br \/>\n25g &#8211; Poudre de Mica Saffron<br \/>\n3g &#8211; colorant Cr\u00e8me Bekro<br \/>\n350g &#8211; Cire Pilier<br \/>\n1x moules pour fondants 6 cubes, 1x coquille de palourde coeur, 1x coquille de palourde \u00e9toil\u00e9e, 1x moule en plastique rond.<br \/>\n1\u00a0guide \u00e9tape par \u00e9tape<\/p>\n<p>Notre\u00a0Huile Parfum\u00e9e Oud\u00a0a \u00e9t\u00e9 sp\u00e9cialement formul\u00e9e pour lib\u00e9rer un parfum musqu\u00e9 enivrant normalement d\u00e9riv\u00e9 de la r\u00e9sine de bois de l&rsquo;agar tropical. L&rsquo;un des parfums les plus chers et les plus recherch\u00e9s au monde, utilis\u00e9 dans de nombreuses c\u00e9r\u00e9monies religieuses en Asie du Sud-Est, au Moyen-Orient, en Chine, au Japon et en Inde. Ce parfum intrigant s&rsquo;ouvre sur agrumes, baies de geni\u00e8vre, cassis, prune et cerise\u00a0avec des notes de pin menant \u00e0 un c\u0153ur de\u00a0rose, jasmin et ylang\u00a0soutenu par des \u00e9pices chaleureuses reposant sur un fond intense de \u00a0bois pr\u00e9cieux, de oudh, de patchouli, d&rsquo;ambre et de musc.<\/p>\n<p>Nous sommes fiers de fournir les ingr\u00e9dients de la plus haute qualit\u00e9 disponibles sur le march\u00e9 pour faire les parfaits Wax Melts \u00e0 la maison. Nos kits sont parfaits pour ceux qui d\u00e9butent et ceux qui ma\u00eetrisent d\u00e9j\u00e0 les comp\u00e9tences, alors prenez votre tablier et commen\u00e7ons \u00e0 fabriquer.<\/p>\n","protected":false},"excerpt":{"rendered":"<p>Kit de fabrication de cire fondue Oud Nos kits fabrication de fondants parfum\u00e9s sont l&rsquo;achat parfait pour tous ceux qui cherchent \u00e0 faire preuve de cr\u00e9ativit\u00e9 et \u00e0 commencer \u00e0 fabriquer leurs propres Wax Melts. Avec ce kit, vous avez tout ce dont vous avez besoin pour faire une vari\u00e9t\u00e9 de fontes de cire de [&hellip;]<\/p>\n","protected":false},"featured_media":19619,"comment_status":"open","ping_status":"closed","template":"","meta":{"_acf_changed":false},"product_brand":[],"product_cat":[275,342],"product_tag":[],"class_list":{"0":"post-19617","1":"product","2":"type-product","3":"status-publish","4":"has-post-thumbnail","6":"product_cat-kits-de-fabrication-de-fondants-parfumes","7":"product_cat-kits-de-fabrication-de-fondants-parfumes-fondants-parfumes","9":"first","10":"outofstock","11":"taxable","12":"shipping-taxable","13":"purchasable","14":"product-type-simple"},"acf":[],"_links":{"self":[{"href":"https:\/\/cosyowl.com\/fr\/wp-json\/wp\/v2\/product\/19617","targetHints":{"allow":["GET"]}}],"collection":[{"href":"https:\/\/cosyowl.com\/fr\/wp-json\/wp\/v2\/product"}],"about":[{"href":"https:\/\/cosyowl.com\/fr\/wp-json\/wp\/v2\/types\/product"}],"replies":[{"embeddable":true,"href":"https:\/\/cosyowl.com\/fr\/wp-json\/wp\/v2\/comments?post=19617"}],"wp:featuredmedia":[{"embeddable":true,"href":"https:\/\/cosyowl.com\/fr\/wp-json\/wp\/v2\/media\/19619"}],"wp:attachment":[{"href":"https:\/\/cosyowl.com\/fr\/wp-json\/wp\/v2\/media?parent=19617"}],"wp:term":[{"taxonomy":"product_brand","embeddable":true,"href":"https:\/\/cosyowl.com\/fr\/wp-json\/wp\/v2\/product_brand?post=19617"},{"taxonomy":"product_cat","embeddable":true,"href":"https:\/\/cosyowl.com\/fr\/wp-json\/wp\/v2\/product_cat?post=19617"},{"taxonomy":"product_tag","embeddable":true,"href":"https:\/\/cosyowl.com\/fr\/wp-json\/wp\/v2\/product_tag?post=19617"}],"curies":[{"name":"wp","href":"https:\/\/api.w.org\/{rel}","templated":true}]}}